{"id":96158,"date":"2024-11-17T20:22:34","date_gmt":"2024-11-17T18:22:34","guid":{"rendered":"https:\/\/peach-pump.com\/products\/cierne-sportove-tricko-prilahle-po-tele\/"},"modified":"2026-04-05T00:48:02","modified_gmt":"2026-04-04T22:48:02","slug":"cierne-sportove-tricko-prilahle-po-tele","status":"publish","type":"product","link":"https:\/\/peach-pump.com\/sk\/products\/cierne-sportove-tricko-prilahle-po-tele\/","title":{"rendered":"\u010cierne \u0161portov\u00e9 tri\u010dko pri\u013eahl\u00e9 po tele"},"content":{"rendered":"<p>\u010cierne \u0161portov\u00e9 tri\u010dko s kr\u00e1tkymi ruk\u00e1vmi z mimoriadne m\u00e4kkej tkaniny. Perfektne sed\u00ed a jeho strih z neho rob\u00ed nepostr\u00e1date\u013en\u00fd k\u00fasok pri \u0161portovom aj be\u017enom nosen\u00ed. Je vhodn\u00e9 na fitness, beh, aer\u00f3bne cvi\u010denie alebo prech\u00e1dzku v parku, nezadr\u017eiava vlhkos\u0165 v tele. Tri\u010dko m\u00e1 na ramene tepelne vytla\u010den\u00e9 logo &#8220;Peach Pump&#8221;, ktor\u00e9 je minimalistick\u00e9 a jemne vynik\u00e1. Zamilujete si jemnos\u0165 tohto vzoru a sp\u00f4sob, ak\u00fdm sed\u00ed na tele. Perfektne sa kombinuje so v\u0161etk\u00fdmi na\u0161imi leg\u00ednami.     <\/p>\n<ul>\n<li>M\u00e4kk\u00e1, jemn\u00e1 tkanina<\/li>\n<li>Ve\u013ek\u00e1 pru\u017enos\u0165<\/li>\n<li>Perfektne sed\u00ed na tele<\/li>\n<li>Tepelne vytla\u010den\u00e9 logo &#8220;Peach Pump&#8221; na ramene<\/li>\n<li>Tkanina, ktor\u00e1 nezadr\u017eiava vlhkos\u0165 v tele<\/li>\n<\/ul>\n<p>Zlo\u017eenie: spandex a polyester. Tri\u010dko mo\u017eno pra\u0165 pri teplote do 30 stup\u0148ov, pros\u00edm, nebie\u013ete, nesu\u0161te v su\u0161i\u010dke ani chemicky ne\u010distite. Modelka na fotografii je vysok\u00e1 170 cm, v\u00e1\u017ei 54 kg a p\u00f3zuje vo ve\u013ekosti S.<\/p>\n<p>Na v\u00fdber presnej ve\u013ekosti pou\u017eite tabu\u013eky.<\/p>\n","protected":false},"excerpt":{"rendered":"<p>\u010cierne \u0161portov\u00e9 tri\u010dko s kr\u00e1tkymi ruk\u00e1vmi z mimoriadne m\u00e4kkej tkaniny. Perfektne sed\u00ed a jeho strih z neho rob\u00ed nepostr\u00e1date\u013en\u00fd k\u00fasok pri \u0161portovom aj be\u017enom nosen\u00ed. Je vhodn\u00e9 na fitness, beh, aer\u00f3bne cvi\u010denie alebo prech\u00e1dzku v parku, nezadr\u017eiava vlhkos\u0165 v tele. Tri\u010dko m\u00e1 na ramene tepelne vytla\u010den\u00e9 logo &#8220;Peach Pump&#8221;, ktor\u00e9 je minimalistick\u00e9 a jemne vynik\u00e1. [&hellip;]<\/p>\n","protected":false},"featured_media":95128,"comment_status":"open","ping_status":"closed","template":"","meta":[],"product_brand":[],"product_cat":[370],"product_tag":[],"class_list":{"0":"post-96158","1":"product","2":"type-product","3":"status-publish","4":"has-post-thumbnail","6":"product_cat-damske-sportove-bluzky","7":"pa_cviat-cierne","8":"pa_razmer-l-sk","9":"pa_razmer-m-sk-2","10":"pa_razmer-s-sk-2","11":"inventories-world","12":"inventories-pl","13":"inventories-uk","15":"first","16":"instock","17":"taxable","18":"shipping-taxable","19":"purchasable","20":"product-type-variable"},"_links":{"self":[{"href":"https:\/\/peach-pump.com\/en\/wp-json\/wp\/v2\/product\/96158","targetHints":{"allow":["GET"]}}],"collection":[{"href":"https:\/\/peach-pump.com\/en\/wp-json\/wp\/v2\/product"}],"about":[{"href":"https:\/\/peach-pump.com\/en\/wp-json\/wp\/v2\/types\/product"}],"replies":[{"embeddable":true,"href":"https:\/\/peach-pump.com\/en\/wp-json\/wp\/v2\/comments?post=96158"}],"version-history":[{"count":0,"href":"https:\/\/peach-pump.com\/en\/wp-json\/wp\/v2\/product\/96158\/revisions"}],"wp:featuredmedia":[{"embeddable":true,"href":"https:\/\/peach-pump.com\/en\/wp-json\/wp\/v2\/media\/95128"}],"wp:attachment":[{"href":"https:\/\/peach-pump.com\/en\/wp-json\/wp\/v2\/media?parent=96158"}],"wp:term":[{"taxonomy":"product_brand","embeddable":true,"href":"https:\/\/peach-pump.com\/en\/wp-json\/wp\/v2\/product_brand?post=96158"},{"taxonomy":"product_cat","embeddable":true,"href":"https:\/\/peach-pump.com\/en\/wp-json\/wp\/v2\/product_cat?post=96158"},{"taxonomy":"product_tag","embeddable":true,"href":"https:\/\/peach-pump.com\/en\/wp-json\/wp\/v2\/product_tag?post=96158"}],"curies":[{"name":"wp","href":"https:\/\/api.w.org\/{rel}","templated":true}]}}