{"id":96015,"date":"2024-11-17T20:52:09","date_gmt":"2024-11-17T18:52:09","guid":{"rendered":"https:\/\/peach-pump.com\/products\/kratka-mikina-prilahla-po-tele-cierna\/"},"modified":"2026-03-23T16:09:21","modified_gmt":"2026-03-23T14:09:21","slug":"kratka-mikina-prilahla-po-tele-cierna","status":"publish","type":"product","link":"https:\/\/peach-pump.com\/sk\/products\/kratka-mikina-prilahla-po-tele-cierna\/","title":{"rendered":"\u010cierna mikina pri\u013eahl\u00e1 po tele s golierom"},"content":{"rendered":"<p>\u010cierna mikina pri\u013eahl\u00e1 po tele s golierom, ktor\u00e1 sa zap\u00edna na zips. Model m\u00e1 dlh\u00e9 ruk\u00e1vy, ktor\u00e9 maj\u00fa priestor na palce, je elastick\u00fd a dokonale prilieha k telu. Na ramene m\u00e1 tepelne vytla\u010den\u00e9 logo &#8220;Peach Pump&#8221;. Je vhodn\u00e1 na fitness, beh, aer\u00f3bne cvi\u010denie alebo prech\u00e1dzku v parku, nezadr\u017eiava vlhkos\u0165 v tele. M\u00f4\u017eete ju kombinova\u0165 s leg\u00ednami, ktor\u00e9 si m\u00f4\u017eete pozrie\u0165 v \u010dasti &#8220;\u0160portov\u00e9 s\u00fapravy s leg\u00ednami&#8221;.    <\/p>\n<ul>\n<li>Elastick\u00e1 tkanina<\/li>\n<li>Golier so zipsom<\/li>\n<li>Tepelne vytla\u010den\u00e9 logo &#8220;Peach Pump&#8221; na ramene<\/li>\n<li>Kr\u00e1tky strih<\/li>\n<li>Miesto na palce<\/li>\n<li>Tkanina, ktor\u00e1 nezadr\u017eiava vlhkos\u0165 v tele<\/li>\n<\/ul>\n<p>Mikinu mo\u017eno pra\u0165 pri teplote 30 stup\u0148ov, nepou\u017e\u00edvajte bielidl\u00e1, nesu\u0161te v su\u0161i\u010dke ani chemicky ne\u010distite. Modelka na obr\u00e1zku je vysok\u00e1 170 cm, v\u00e1\u017ei 54 kg a p\u00f3zuje vo ve\u013ekosti S.<\/p>\n<p>Na v\u00fdber presnej ve\u013ekosti pou\u017eite tabu\u013eky.<\/p>\n","protected":false},"excerpt":{"rendered":"<p>\u010cierna mikina pri\u013eahl\u00e1 po tele s golierom, ktor\u00e1 sa zap\u00edna na zips. Model m\u00e1 dlh\u00e9 ruk\u00e1vy, ktor\u00e9 maj\u00fa priestor na palce, je elastick\u00fd a dokonale prilieha k telu. Na ramene m\u00e1 tepelne vytla\u010den\u00e9 logo &#8220;Peach Pump&#8221;. Je vhodn\u00e1 na fitness, beh, aer\u00f3bne cvi\u010denie alebo prech\u00e1dzku v parku, nezadr\u017eiava vlhkos\u0165 v tele. M\u00f4\u017eete ju kombinova\u0165 s [&hellip;]<\/p>\n","protected":false},"featured_media":94975,"comment_status":"open","ping_status":"closed","template":"","meta":[],"product_brand":[],"product_cat":[370],"product_tag":[],"class_list":{"0":"post-96015","1":"product","2":"type-product","3":"status-publish","4":"has-post-thumbnail","6":"product_cat-damske-sportove-bluzky","7":"pa_cviat-cierne","8":"pa_razmer-l-sk","9":"pa_razmer-m-sk-2","10":"pa_razmer-s-sk-2","11":"inventories-uk","13":"first","14":"outofstock","15":"taxable","16":"shipping-taxable","17":"purchasable","18":"product-type-variable"},"_links":{"self":[{"href":"https:\/\/peach-pump.com\/en\/wp-json\/wp\/v2\/product\/96015","targetHints":{"allow":["GET"]}}],"collection":[{"href":"https:\/\/peach-pump.com\/en\/wp-json\/wp\/v2\/product"}],"about":[{"href":"https:\/\/peach-pump.com\/en\/wp-json\/wp\/v2\/types\/product"}],"replies":[{"embeddable":true,"href":"https:\/\/peach-pump.com\/en\/wp-json\/wp\/v2\/comments?post=96015"}],"version-history":[{"count":0,"href":"https:\/\/peach-pump.com\/en\/wp-json\/wp\/v2\/product\/96015\/revisions"}],"wp:featuredmedia":[{"embeddable":true,"href":"https:\/\/peach-pump.com\/en\/wp-json\/wp\/v2\/media\/94975"}],"wp:attachment":[{"href":"https:\/\/peach-pump.com\/en\/wp-json\/wp\/v2\/media?parent=96015"}],"wp:term":[{"taxonomy":"product_brand","embeddable":true,"href":"https:\/\/peach-pump.com\/en\/wp-json\/wp\/v2\/product_brand?post=96015"},{"taxonomy":"product_cat","embeddable":true,"href":"https:\/\/peach-pump.com\/en\/wp-json\/wp\/v2\/product_cat?post=96015"},{"taxonomy":"product_tag","embeddable":true,"href":"https:\/\/peach-pump.com\/en\/wp-json\/wp\/v2\/product_tag?post=96015"}],"curies":[{"name":"wp","href":"https:\/\/api.w.org\/{rel}","templated":true}]}}