{"id":93343,"date":"2024-11-02T23:08:48","date_gmt":"2024-11-02T21:08:48","guid":{"rendered":"https:\/\/peach-pump.com\/products\/hneda-bezsvova-podprsenka-vystrih-do-v\/"},"modified":"2026-04-04T10:09:00","modified_gmt":"2026-04-04T08:09:00","slug":"hneda-bezsvova-podprsenka-vystrih-do-v","status":"publish","type":"product","link":"https:\/\/peach-pump.com\/sk\/products\/hneda-bezsvova-podprsenka-vystrih-do-v\/","title":{"rendered":"Hned\u00e1 bez\u0161vov\u00e1 podprsenka s hlbok\u00fdm v\u00fdstrihom do V"},"content":{"rendered":"<p>Hned\u00e1 bez\u0161vov\u00e1 podprsenka s hlbok\u00fdm v\u00fdstrihom do V, vyberate\u013en\u00fdmi vypch\u00e1vkami a nastavite\u013en\u00fdmi ramienkami. Model je vyroben\u00fd z m\u00e4kkej, ve\u013emi pru\u017enej a priedu\u0161nej tkaniny, ktor\u00e1 odv\u00e1dza vlhkos\u0165 od tela. Podprsenka sa d\u00e1 nosi\u0165 aj pod oble\u010den\u00edm, jej dizajn je nen\u00e1padn\u00fd a vy budete ma\u0165 pocit pohodlia a vo\u013enosti pohybu. K dispoz\u00edcii s\u00fa v r\u00f4znych farb\u00e1ch, m\u00f4\u017eete ich zladi\u0165 s leg\u00ednami rovnakej farby alebo s in\u00fdmi. Pozrite sa v \u010dasti &#8220;\u0160portov\u00e9 s\u00fapravy&#8221;.<\/p>\n<ul>\n<li> Vypch\u00e1vky, ktor\u00e9 sa daj\u00fa odstr\u00e1ni\u0165.<\/li>\n<li> Push-Up efekt<\/li>\n<li> Nastavite\u013en\u00e9 ramienka<\/li>\n<li> Ve\u013ek\u00e1 pru\u017enos\u0165<\/li>\n<li> Tepelne vytla\u010den\u00e9 Peach Pump logo na bo\u010dnej \u010dasti podprsenky<\/li>\n<li> Technol\u00f3gia odstra\u0148ovania vlhkosti z tela<\/li>\n<\/ul>\n<p>Zlo\u017eenie: 80% polyester, 20% spandex<\/p>\n<p>Podprsenku je mo\u017en\u00e9 pra\u0165 pri teplote do 30\u00b0C. Nepou\u017e\u00edva\u0165 bielenie alebo chemick\u00e9 \u010distenie.<\/p>\n<p>Modelka na obr\u00e1zku je vysok\u00e1 165 cm, v\u00e1\u017ei 51 kg a p\u00f3zuje vo ve\u013ekosti S.<\/p>\n<p>Na v\u00fdber presnej ve\u013ekosti pou\u017eite tabu\u013eky.<\/p>\n","protected":false},"excerpt":{"rendered":"<p>Hned\u00e1 bez\u0161vov\u00e1 podprsenka s hlbok\u00fdm v\u00fdstrihom do V, vyberate\u013en\u00fdmi vypch\u00e1vkami a nastavite\u013en\u00fdmi ramienkami. Model je vyroben\u00fd z m\u00e4kkej, ve\u013emi pru\u017enej a priedu\u0161nej tkaniny, ktor\u00e1 odv\u00e1dza vlhkos\u0165 od tela. Podprsenka sa d\u00e1 nosi\u0165 aj pod oble\u010den\u00edm, jej dizajn je nen\u00e1padn\u00fd a vy budete ma\u0165 pocit pohodlia a vo\u013enosti pohybu. K dispoz\u00edcii s\u00fa v r\u00f4znych farb\u00e1ch, m\u00f4\u017eete [&hellip;]<\/p>\n","protected":false},"featured_media":92624,"comment_status":"open","ping_status":"closed","template":"","meta":[],"product_brand":[],"product_cat":[371],"product_tag":[],"class_list":{"0":"post-93343","1":"product","2":"type-product","3":"status-publish","4":"has-post-thumbnail","6":"product_cat-damske-sportovni-podprsenky","7":"pa_cviat-hneda-sk","8":"pa_razmer-l-sk","9":"pa_razmer-m-sk-2","10":"pa_razmer-s-sk-2","11":"inventories-world","12":"inventories-uk","14":"first","15":"instock","16":"taxable","17":"shipping-taxable","18":"purchasable","19":"product-type-variable"},"_links":{"self":[{"href":"https:\/\/peach-pump.com\/en\/wp-json\/wp\/v2\/product\/93343","targetHints":{"allow":["GET"]}}],"collection":[{"href":"https:\/\/peach-pump.com\/en\/wp-json\/wp\/v2\/product"}],"about":[{"href":"https:\/\/peach-pump.com\/en\/wp-json\/wp\/v2\/types\/product"}],"replies":[{"embeddable":true,"href":"https:\/\/peach-pump.com\/en\/wp-json\/wp\/v2\/comments?post=93343"}],"version-history":[{"count":1,"href":"https:\/\/peach-pump.com\/en\/wp-json\/wp\/v2\/product\/93343\/revisions"}],"predecessor-version":[{"id":108737,"href":"https:\/\/peach-pump.com\/en\/wp-json\/wp\/v2\/product\/93343\/revisions\/108737"}],"wp:featuredmedia":[{"embeddable":true,"href":"https:\/\/peach-pump.com\/en\/wp-json\/wp\/v2\/media\/92624"}],"wp:attachment":[{"href":"https:\/\/peach-pump.com\/en\/wp-json\/wp\/v2\/media?parent=93343"}],"wp:term":[{"taxonomy":"product_brand","embeddable":true,"href":"https:\/\/peach-pump.com\/en\/wp-json\/wp\/v2\/product_brand?post=93343"},{"taxonomy":"product_cat","embeddable":true,"href":"https:\/\/peach-pump.com\/en\/wp-json\/wp\/v2\/product_cat?post=93343"},{"taxonomy":"product_tag","embeddable":true,"href":"https:\/\/peach-pump.com\/en\/wp-json\/wp\/v2\/product_tag?post=93343"}],"curies":[{"name":"wp","href":"https:\/\/api.w.org\/{rel}","templated":true}]}}