{"id":93328,"date":"2024-11-03T07:49:51","date_gmt":"2024-11-03T05:49:51","guid":{"rendered":"https:\/\/peach-pump.com\/products\/hneda-suprava-leginy-a-podprsenka\/"},"modified":"2026-03-23T16:12:14","modified_gmt":"2026-03-23T14:12:14","slug":"hneda-suprava-leginy-a-podprsenka","status":"publish","type":"product","link":"https:\/\/peach-pump.com\/sk\/products\/hneda-suprava-leginy-a-podprsenka\/","title":{"rendered":"Hned\u00e1 s\u00faprava leg\u00edny a podprsenka s hlbok\u00fdm v\u00fdstrihom do V"},"content":{"rendered":"<p>Hned\u00e1 bez\u0161vov\u00e1 s\u00faprava, leg\u00edny a podprsenka s hlbok\u00fdm v\u00fdstrihom do V. S\u00faprava je vytvoren\u00e1 z bez\u0161vovej, elastickej a na dotyk jemnej tkaniny. Tento model dokonale tvaruje telo, m\u00e1 ni\u017e\u0161\u00ed p\u00e1s s ripstopov\u00fdm opaskom. Tkanina leg\u00edn zakr\u00fdva problematick\u00e9 partie, odv\u00e1dza vlhkos\u0165 od tela a tvaruje brosky\u0148ov\u00fd zado\u010dek pre kr\u00e1snu a p\u00f4vabn\u00fa siluetu. Podprsenka m\u00e1 sexi v\u00e9\u010dkov\u00fd v\u00fdstrih, nastavite\u013en\u00e9 ramienka, vypch\u00e1vky so zdv\u00edhac\u00edm efektom, ktor\u00e9 sa daj\u00fa \u013eubovo\u013ene vybra\u0165, mo\u017eno ju nosi\u0165 aj pod oble\u010den\u00edm, jej dizajn je nen\u00e1padn\u00fd a vy budete c\u00edti\u0165 pohodlie a vo\u013enos\u0165 pohybu.     \u0160portov\u00fa s\u00fapravu m\u00f4\u017eete skombinova\u0165 so \u0161iltovkou a mikinou tejto zna\u010dky, ktor\u00e9 dokonale dotvoria v\u00e1\u0161 Peach Pump vzh\u013ead.<\/p>\n<p>O podprsenke:<\/p>\n<ul>\n<li>hlbok\u00fd v\u00fdstrih do V<\/li>\n<li>Vypch\u00e1vky, ktor\u00e9 sa daj\u00fa odstr\u00e1ni\u0165.<\/li>\n<li> Push-Up efekt<\/li>\n<li> Nastavite\u013en\u00e9 ramienka<\/li>\n<li> Ve\u013ek\u00e1 pru\u017enos\u0165<\/li>\n<li> Tepelne vytla\u010den\u00e9 Peach Pump logo na bo\u010dnej \u010dasti podprsenky<\/li>\n<li> Technol\u00f3gia odstra\u0148ovania vlhkosti z tela<\/li>\n<\/ul>\n<p>O leg\u00ednach:<\/p>\n<ul>\n<li>Priemerne vysok\u00fd p\u00e1s<\/li>\n<li>Bez\u0161vov\u00e1 tkanina<\/li>\n<li>Zdv\u00edhaj\u00fa, tvaruj\u00fa, zakr\u00fdvaj\u00fa probl\u00e9mov\u00e9 partie<\/li>\n<li>Opasok obop\u00ednaj\u00faci p\u00e1s<\/li>\n<li>Peachy efekt<\/li>\n<li>Bez\u0161vov\u00e9 vpredu<\/li>\n<li>Tepelne vytla\u010den\u00e9 Peach Pump logo na zadnej strane leg\u00edn<\/li>\n<li>Tkanina, ktor\u00e1 odv\u00e1dza vlhkos\u0165 od tela<\/li>\n<\/ul>\n<p>Zlo\u017eenie: 80% polyester, 20% spandex<\/p>\n<p>S\u00fapravu mo\u017eno pra\u0165 na 30 stup\u0148ov, nepou\u017e\u00edvajte bielidl\u00e1 ani chemick\u00e9 \u010distenie.<\/p>\n<p>Modelka na fotografii je vysok\u00e1 163 cm, v\u00e1\u017ei 51 kg a p\u00f3zuje v leg\u00ednach ve\u013ekosti S a podprsenke ve\u013ekosti S.<\/p>\n<p>Na v\u00fdber presnej ve\u013ekosti pou\u017eite tabu\u013eky.<\/p>\n","protected":false},"excerpt":{"rendered":"<p>Hned\u00e1 bez\u0161vov\u00e1 s\u00faprava, leg\u00edny a podprsenka s hlbok\u00fdm v\u00fdstrihom do V. S\u00faprava je vytvoren\u00e1 z bez\u0161vovej, elastickej a na dotyk jemnej tkaniny. Tento model dokonale tvaruje telo, m\u00e1 ni\u017e\u0161\u00ed p\u00e1s s ripstopov\u00fdm opaskom. Tkanina leg\u00edn zakr\u00fdva problematick\u00e9 partie, odv\u00e1dza vlhkos\u0165 od tela a tvaruje brosky\u0148ov\u00fd zado\u010dek pre kr\u00e1snu a p\u00f4vabn\u00fa siluetu. Podprsenka m\u00e1 sexi v\u00e9\u010dkov\u00fd [&hellip;]<\/p>\n","protected":false},"featured_media":92899,"comment_status":"open","ping_status":"closed","template":"","meta":[],"product_brand":[],"product_cat":[372,374],"product_tag":[],"class_list":{"0":"post-93328","1":"product","2":"type-product","3":"status-publish","4":"has-post-thumbnail","6":"product_cat-sportov-sety","7":"product_cat-sportove-supravy-s-leginami","8":"pa_cviat-hneda-sk","9":"inventories-uk","11":"first","12":"outofstock","13":"virtual","14":"taxable","15":"purchasable","16":"product-type-yith_bundle"},"_links":{"self":[{"href":"https:\/\/peach-pump.com\/sk\/wp-json\/wp\/v2\/product\/93328","targetHints":{"allow":["GET"]}}],"collection":[{"href":"https:\/\/peach-pump.com\/sk\/wp-json\/wp\/v2\/product"}],"about":[{"href":"https:\/\/peach-pump.com\/sk\/wp-json\/wp\/v2\/types\/product"}],"replies":[{"embeddable":true,"href":"https:\/\/peach-pump.com\/sk\/wp-json\/wp\/v2\/comments?post=93328"}],"version-history":[{"count":1,"href":"https:\/\/peach-pump.com\/sk\/wp-json\/wp\/v2\/product\/93328\/revisions"}],"predecessor-version":[{"id":108649,"href":"https:\/\/peach-pump.com\/sk\/wp-json\/wp\/v2\/product\/93328\/revisions\/108649"}],"wp:featuredmedia":[{"embeddable":true,"href":"https:\/\/peach-pump.com\/sk\/wp-json\/wp\/v2\/media\/92899"}],"wp:attachment":[{"href":"https:\/\/peach-pump.com\/sk\/wp-json\/wp\/v2\/media?parent=93328"}],"wp:term":[{"taxonomy":"product_brand","embeddable":true,"href":"https:\/\/peach-pump.com\/sk\/wp-json\/wp\/v2\/product_brand?post=93328"},{"taxonomy":"product_cat","embeddable":true,"href":"https:\/\/peach-pump.com\/sk\/wp-json\/wp\/v2\/product_cat?post=93328"},{"taxonomy":"product_tag","embeddable":true,"href":"https:\/\/peach-pump.com\/sk\/wp-json\/wp\/v2\/product_tag?post=93328"}],"curies":[{"name":"wp","href":"https:\/\/api.w.org\/{rel}","templated":true}]}}