{"id":87754,"date":"2024-08-27T14:26:32","date_gmt":"2024-08-27T12:26:32","guid":{"rendered":"https:\/\/peach-pump.com\/products\/modre-poprsie-biele-ramienka\/"},"modified":"2026-04-05T11:00:42","modified_gmt":"2026-04-05T09:00:42","slug":"modra-podprsenka-biele-ramienka","status":"publish","type":"product","link":"https:\/\/peach-pump.com\/sk\/products\/modra-podprsenka-biele-ramienka\/","title":{"rendered":"Modr\u00e1 podprsenka s bielymi ramienkami"},"content":{"rendered":"<p>Modr\u00e9 poprsie s bielymi ramienkami a vypch\u00e1vkami so zdv\u00edhac\u00edm efektom. Tento model je vyroben\u00fd z elastickej, priedu\u0161nej tkaniny, ktor\u00e1 odv\u00e1dza vlhkos\u0165 od tela a poskytuje \u00fapln\u00fa vo\u013enos\u0165 pohybu po\u010das tr\u00e9ningu. Vypch\u00e1vky bustiera s\u00fa odn\u00edmate\u013en\u00e9 a vpredu maj\u00fa tepelne zape\u010daten\u00e9 logo &#8220;Peach Pump&#8221;. Mo\u017eno kombinova\u0165 s kr\u00e1tkymi leg\u00ednami v rovnakom vzore alebo jednofarebn\u00fdmi dlh\u00fdmi leg\u00ednami.   <\/p>\n<p>Svie\u017ei n\u00e1vrh, v\u010faka ktor\u00e9mu sa budete c\u00edti\u0165 kr\u00e1sne a sexy.<\/p>\n<p>O podprsenke:<\/p>\n<ul>\n<li> Vypch\u00e1vky, ktor\u00e9 sa daj\u00fa odstr\u00e1ni\u0165.<\/li>\n<li> Push-Up efekt<\/li>\n<li> Ve\u013ek\u00e1 pru\u017enos\u0165<\/li>\n<li> Tepelne vytla\u010den\u00e9 Peach Pump logo na prednej \u010dasti podprsenky<\/li>\n<li> Tkanina, ktor\u00e1 odv\u00e1dza vlhkos\u0165 od tela<\/li>\n<\/ul>\n<p>Zlo\u017eenie: 80% polyester, 20% spandex<\/p>\n<p>Bustier mo\u017eno pra\u0165 pri teplote do 30 stup\u0148ov, pri pran\u00ed sa odpor\u00fa\u010da obr\u00e1ti\u0165, nepou\u017e\u00edvajte bielidl\u00e1 ani chemick\u00e9 \u010distenie.<\/p>\n<p>Modelka na obr\u00e1zku je vysok\u00e1 180 cm, v\u00e1\u017ei 56 kg a p\u00f3zuje s podprsenkou ve\u013ekosti S.<\/p>\n<p>Na v\u00fdber presnej ve\u013ekosti pou\u017eite tabu\u013eky.<\/p>\n<p>&nbsp;<\/p>\n<p><a href=\"https:\/\/peach-pump.com\/wp-content\/uploads\/2024\/06\/Sport-Bras-Peach-Pump-size-chart-800x800.jpg\"><img loading=\"lazy\" class=\"alignnone wp-image-80917 \" src=\"https:\/\/peach-pump.com\/wp-content\/uploads\/2024\/06\/Sport-Bras-Peach-Pump-size-chart-800x800.jpg\" alt=\"\" width=\"543\" height=\"543\" srcset=\"https:\/\/peach-pump.com\/wp-content\/uploads\/2024\/06\/Sport-Bras-Peach-Pump-size-chart-800x800.jpg 800w, https:\/\/peach-pump.com\/wp-content\/uploads\/2024\/06\/Sport-Bras-Peach-Pump-size-chart-480x480.jpg 480w, https:\/\/peach-pump.com\/wp-content\/uploads\/2024\/06\/Sport-Bras-Peach-Pump-size-chart-1000x1000.jpg 1000w, https:\/\/peach-pump.com\/wp-content\/uploads\/2024\/06\/Sport-Bras-Peach-Pump-size-chart-300x300.jpg 300w, https:\/\/peach-pump.com\/wp-content\/uploads\/2024\/06\/Sport-Bras-Peach-Pump-size-chart-150x150.jpg 150w, https:\/\/peach-pump.com\/wp-content\/uploads\/2024\/06\/Sport-Bras-Peach-Pump-size-chart-768x768.jpg 768w, https:\/\/peach-pump.com\/wp-content\/uploads\/2024\/06\/Sport-Bras-Peach-Pump-size-chart-990x990.jpg 990w, https:\/\/peach-pump.com\/wp-content\/uploads\/2024\/06\/Sport-Bras-Peach-Pump-size-chart-441x441.jpg 441w, https:\/\/peach-pump.com\/wp-content\/uploads\/2024\/06\/Sport-Bras-Peach-Pump-size-chart-100x100.jpg 100w, https:\/\/peach-pump.com\/wp-content\/uploads\/2024\/06\/Sport-Bras-Peach-Pump-size-chart-64x64.jpg 64w, https:\/\/peach-pump.com\/wp-content\/uploads\/2024\/06\/Sport-Bras-Peach-Pump-size-chart.jpg 1080w\" sizes=\"auto, (max-width: 543px) 100vw, 543px\" \/><\/a><\/p>\n","protected":false},"excerpt":{"rendered":"<p>Modr\u00e9 poprsie s bielymi ramienkami a vypch\u00e1vkami so zdv\u00edhac\u00edm efektom. Tento model je vyroben\u00fd z elastickej, priedu\u0161nej tkaniny, ktor\u00e1 odv\u00e1dza vlhkos\u0165 od tela a poskytuje \u00fapln\u00fa vo\u013enos\u0165 pohybu po\u010das tr\u00e9ningu. Vypch\u00e1vky bustiera s\u00fa odn\u00edmate\u013en\u00e9 a vpredu maj\u00fa tepelne zape\u010daten\u00e9 logo &#8220;Peach Pump&#8221;. Mo\u017eno kombinova\u0165 s kr\u00e1tkymi leg\u00ednami v rovnakom vzore alebo jednofarebn\u00fdmi dlh\u00fdmi leg\u00ednami. Svie\u017ei [&hellip;]<\/p>\n","protected":false},"featured_media":86677,"comment_status":"open","ping_status":"closed","template":"","meta":[],"product_brand":[],"product_cat":[371],"product_tag":[],"class_list":{"0":"post-87754","1":"product","2":"type-product","3":"status-publish","4":"has-post-thumbnail","6":"product_cat-damske-sportovni-podprsenky","7":"pa_razmer-l-sk","8":"pa_razmer-m-sk-2","9":"pa_razmer-s-sk-2","10":"inventories-world","11":"inventories-uk","13":"first","14":"instock","15":"taxable","16":"shipping-taxable","17":"purchasable","18":"product-type-variable"},"_links":{"self":[{"href":"https:\/\/peach-pump.com\/en\/wp-json\/wp\/v2\/product\/87754","targetHints":{"allow":["GET"]}}],"collection":[{"href":"https:\/\/peach-pump.com\/en\/wp-json\/wp\/v2\/product"}],"about":[{"href":"https:\/\/peach-pump.com\/en\/wp-json\/wp\/v2\/types\/product"}],"replies":[{"embeddable":true,"href":"https:\/\/peach-pump.com\/en\/wp-json\/wp\/v2\/comments?post=87754"}],"version-history":[{"count":1,"href":"https:\/\/peach-pump.com\/en\/wp-json\/wp\/v2\/product\/87754\/revisions"}],"predecessor-version":[{"id":108851,"href":"https:\/\/peach-pump.com\/en\/wp-json\/wp\/v2\/product\/87754\/revisions\/108851"}],"wp:featuredmedia":[{"embeddable":true,"href":"https:\/\/peach-pump.com\/en\/wp-json\/wp\/v2\/media\/86677"}],"wp:attachment":[{"href":"https:\/\/peach-pump.com\/en\/wp-json\/wp\/v2\/media?parent=87754"}],"wp:term":[{"taxonomy":"product_brand","embeddable":true,"href":"https:\/\/peach-pump.com\/en\/wp-json\/wp\/v2\/product_brand?post=87754"},{"taxonomy":"product_cat","embeddable":true,"href":"https:\/\/peach-pump.com\/en\/wp-json\/wp\/v2\/product_cat?post=87754"},{"taxonomy":"product_tag","embeddable":true,"href":"https:\/\/peach-pump.com\/en\/wp-json\/wp\/v2\/product_tag?post=87754"}],"curies":[{"name":"wp","href":"https:\/\/api.w.org\/{rel}","templated":true}]}}