{"id":87742,"date":"2024-08-27T14:52:34","date_gmt":"2024-08-27T12:52:34","guid":{"rendered":"https:\/\/peach-pump.com\/products\/sede-kratke-leginy-biele-presivanie\/"},"modified":"2026-04-06T18:40:15","modified_gmt":"2026-04-06T16:40:15","slug":"sede-kratke-leginy-biele-presivanie","status":"publish","type":"product","link":"https:\/\/peach-pump.com\/sk\/products\/sede-kratke-leginy-biele-presivanie\/","title":{"rendered":"\u0160ed\u00e9 kr\u00e1tke leg\u00edny s bielym pre\u0161\u00edvan\u00edm"},"content":{"rendered":"<p>\u0160ed\u00e9 kr\u00e1tke leg\u00edny typu &#8220;Booty shorts&#8221; s bielymi \u0161vami.<br \/>\nTento model leg\u00edn m\u00e1 skvel\u00fa elasticitu, kr\u00e1sne tvaruje a je vyroben\u00fd z l\u00e1tky, ktor\u00e1 nezadr\u017eiava vlhkos\u0165 v tele.<br \/>\nV zadnej \u010dasti m\u00e1 mierny brosky\u0148ov\u00fd efekt.   Mo\u017eno kombinova\u0165 s podprsenkou rovnak\u00e9ho vzoru, pozri v \u010dasti &#8220;Kr\u00e1tke leg\u00edny &#8211; \u0161portov\u00e9 oble\u010denie&#8221;. <\/p>\n<ul>\n<li>Zdv\u00edhaj\u00fa, tvaruj\u00fa, zakr\u00fdvaj\u00fa probl\u00e9mov\u00e9 oblasti<\/li>\n<li>Bez\u0161vov\u00e9 vpredu<\/li>\n<li>Tepelne vytla\u010den\u00e9 Peach Pump logo na zadnej strane leg\u00edn<\/li>\n<li>Tepelne vytla\u010den\u00e9 logo na boku stehna<\/li>\n<li>Tkanina, ktor\u00e1 nezadr\u017eiava vlhkos\u0165 v tele<\/li>\n<\/ul>\n<p> Zlo\u017eenie: 80% polyester 20% spandex. Leg\u00edny je mo\u017en\u00e9 pra\u0165 pri teplote do 30 stup\u0148ov, pri pran\u00ed sa odpor\u00fa\u010da obraca\u0165 , nepou\u017e\u00edvajte bielidl\u00e1 ani chemick\u00e9 \u010distenie. Modelka na obr\u00e1zku je vysok\u00e1 180, v\u00e1\u017ei 56 kg a p\u00f3zuje vo ve\u013ekosti M. Na v\u00fdber presnej ve\u013ekosti pou\u017eite pros\u00edm tabu\u013eky.  &nbsp;<\/p>\n<p><a href=\"https:\/\/peach-pump.com\/wp-content\/uploads\/2024\/06\/Elastic-models-Peach-Pump-size-chart.jpg\"><img loading=\"lazy\" class=\"alignnone wp-image-80867 \" src=\"https:\/\/peach-pump.com\/wp-content\/uploads\/2024\/06\/Elastic-models-Peach-Pump-size-chart.jpg\" alt=\"\" width=\"665\" height=\"499\" srcset=\"https:\/\/peach-pump.com\/wp-content\/uploads\/2024\/06\/Elastic-models-Peach-Pump-size-chart.jpg 1024w, https:\/\/peach-pump.com\/wp-content\/uploads\/2024\/06\/Elastic-models-Peach-Pump-size-chart-480x360.jpg 480w, https:\/\/peach-pump.com\/wp-content\/uploads\/2024\/06\/Elastic-models-Peach-Pump-size-chart-1000x750.jpg 1000w, https:\/\/peach-pump.com\/wp-content\/uploads\/2024\/06\/Elastic-models-Peach-Pump-size-chart-400x300.jpg 400w, https:\/\/peach-pump.com\/wp-content\/uploads\/2024\/06\/Elastic-models-Peach-Pump-size-chart-768x576.jpg 768w, https:\/\/peach-pump.com\/wp-content\/uploads\/2024\/06\/Elastic-models-Peach-Pump-size-chart-990x743.jpg 990w, https:\/\/peach-pump.com\/wp-content\/uploads\/2024\/06\/Elastic-models-Peach-Pump-size-chart-441x331.jpg 441w, https:\/\/peach-pump.com\/wp-content\/uploads\/2024\/06\/Elastic-models-Peach-Pump-size-chart-150x113.jpg 150w, https:\/\/peach-pump.com\/wp-content\/uploads\/2024\/06\/Elastic-models-Peach-Pump-size-chart-64x48.jpg 64w\" sizes=\"auto, (max-width: 665px) 100vw, 665px\" \/><\/a><\/p>\n","protected":false},"excerpt":{"rendered":"<p>\u0160ed\u00e9 kr\u00e1tke leg\u00edny typu &#8220;Booty shorts&#8221; s bielymi \u0161vami. Tento model leg\u00edn m\u00e1 skvel\u00fa elasticitu, kr\u00e1sne tvaruje a je vyroben\u00fd z l\u00e1tky, ktor\u00e1 nezadr\u017eiava vlhkos\u0165 v tele. V zadnej \u010dasti m\u00e1 mierny brosky\u0148ov\u00fd efekt. Mo\u017eno kombinova\u0165 s podprsenkou rovnak\u00e9ho vzoru, pozri v \u010dasti &#8220;Kr\u00e1tke leg\u00edny &#8211; \u0161portov\u00e9 oble\u010denie&#8221;. Zdv\u00edhaj\u00fa, tvaruj\u00fa, zakr\u00fdvaj\u00fa probl\u00e9mov\u00e9 oblasti Bez\u0161vov\u00e9 vpredu [&hellip;]<\/p>\n","protected":false},"featured_media":86841,"comment_status":"open","ping_status":"closed","template":"","meta":[],"product_brand":[],"product_cat":[148,203],"product_tag":[],"class_list":{"0":"post-87742","1":"product","2":"type-product","3":"status-publish","4":"has-post-thumbnail","6":"product_cat-damske-sportove-leginy","7":"product_cat-kratke-leginy-sk","8":"pa_cviat-sed","9":"pa_razmer-l-sk","10":"pa_razmer-m-sk-2","11":"pa_razmer-s-sk-2","12":"inventories-world","13":"inventories-uk","15":"first","16":"instock","17":"taxable","18":"shipping-taxable","19":"purchasable","20":"product-type-variable"},"_links":{"self":[{"href":"https:\/\/peach-pump.com\/en\/wp-json\/wp\/v2\/product\/87742","targetHints":{"allow":["GET"]}}],"collection":[{"href":"https:\/\/peach-pump.com\/en\/wp-json\/wp\/v2\/product"}],"about":[{"href":"https:\/\/peach-pump.com\/en\/wp-json\/wp\/v2\/types\/product"}],"replies":[{"embeddable":true,"href":"https:\/\/peach-pump.com\/en\/wp-json\/wp\/v2\/comments?post=87742"}],"version-history":[{"count":0,"href":"https:\/\/peach-pump.com\/en\/wp-json\/wp\/v2\/product\/87742\/revisions"}],"wp:featuredmedia":[{"embeddable":true,"href":"https:\/\/peach-pump.com\/en\/wp-json\/wp\/v2\/media\/86841"}],"wp:attachment":[{"href":"https:\/\/peach-pump.com\/en\/wp-json\/wp\/v2\/media?parent=87742"}],"wp:term":[{"taxonomy":"product_brand","embeddable":true,"href":"https:\/\/peach-pump.com\/en\/wp-json\/wp\/v2\/product_brand?post=87742"},{"taxonomy":"product_cat","embeddable":true,"href":"https:\/\/peach-pump.com\/en\/wp-json\/wp\/v2\/product_cat?post=87742"},{"taxonomy":"product_tag","embeddable":true,"href":"https:\/\/peach-pump.com\/en\/wp-json\/wp\/v2\/product_tag?post=87742"}],"curies":[{"name":"wp","href":"https:\/\/api.w.org\/{rel}","templated":true}]}}