{"id":78180,"date":"2024-05-01T23:48:23","date_gmt":"2024-05-01T21:48:23","guid":{"rendered":"https:\/\/peach-pump.com\/products\/damske-kratke-leginy-tmavomodre\/"},"modified":"2026-04-07T10:24:11","modified_gmt":"2026-04-07T08:24:11","slug":"damske-kratke-leginy-tmavomodre","status":"publish","type":"product","link":"https:\/\/peach-pump.com\/sk\/products\/damske-kratke-leginy-tmavomodre\/","title":{"rendered":"Tmavomodr\u00e9 d\u00e1mske kr\u00e1tke leg\u00edny s tvarovac\u00edm efektom"},"content":{"rendered":"<p>\u0160portov\u00e9 d\u00e1mske kr\u00e1tke leg\u00edny typu &#8220;biker shorts&#8221; v s\u00fdtej tmavomodrej farbe vytvoren\u00e9 z bez\u0161vovej, elastickej a na dotyk jemnej tkaniny. Tento model dokonale tvaruje telo, m\u00e1 \u0161irok\u00fd ripstopov\u00fd opasok s vytla4en\u00fdm n\u00e1pisom &#8220;Peach Pump&#8221;, ktor\u00fd jemne s\u0165ahuje p\u00e1s. L\u00e1tka leg\u00edn zakr\u00fdva problematick\u00e9 partie, odv\u00e1dza vlhkos\u0165 od tela a m\u00e1 prvky, ktor\u00e9 tvaruj\u00fa brosky\u0148ov\u00fd zado\u010dek pre kr\u00e1snu a p\u00f4vabn\u00fa siluetu. S t\u00fdmto modelom sa budete c\u00edti\u0165 pohodlne a sebaisto. Leg\u00edny m\u00f4\u017eete zladi\u0165 s podprsenkou v rovnakom vzore alebo si m\u00f4\u017eete vytvori\u0165 svoj vlastn\u00fd \u0161portov\u00fd outfit, ktor\u00fd bude v\u00fdrazn\u00fd a odli\u0161n\u00fd v\u010faka na\u0161ej \u0161irokej kolekcii mik\u00edn, \u0161portov\u00fdch podprseniek a doplnkov.<\/p>\n<ul>\n<li>Vysok\u00fd p\u00e1s<\/li>\n<li>Bez\u0161vov\u00e1 tkanina<\/li>\n<li>Zdv\u00edha, tvaruje, zakr\u00fdva probl\u00e9mov\u00e9 oblasti<\/li>\n<li>Opasok obop\u00ednaj\u00faci p\u00e1s<\/li>\n<li>Peachy efekt<\/li>\n<li>Tepelne vytla\u010den\u00fd n\u00e1pis &#8220;Peach Pump&#8221; na prednej strane<\/li>\n<li>Bez\u0161vov\u00e9 vpredu<\/li>\n<li>Tepelne vytla\u010den\u00e9 Peach Pump logo na zadnej strane leg\u00edn<\/li>\n<li>Vtkan\u00fd n\u00e1pis &#8220;Peach Pump&#8221; na p\u00e1se<\/li>\n<li>Tkanina, ktor\u00e1 odv\u00e1dza vlhkos\u0165 od tela<\/li>\n<\/ul>\n<p>Zlo\u017eenie: 80% polyester, 20% spandex<\/p>\n<p>Leg\u00edny je mo\u017en\u00e9 pra\u0165 pri teplote do 30 \u00b0C. Nepou\u017e\u00edva\u0165 bielenie alebo chemick\u00e9 \u010distenie.<\/p>\n<p>Modelka na fotografii je vysok\u00e1 178 cm, v\u00e1\u017ei 54 kg a p\u00f3zuje vo ve\u013ekosti S.<\/p>\n<p>Na v\u00fdber presnej ve\u013ekosti pou\u017eite tabu\u013eky.<\/p>\n<p>&nbsp;<\/p>\n","protected":false},"excerpt":{"rendered":"<p>\u0160portov\u00e9 d\u00e1mske kr\u00e1tke leg\u00edny typu &#8220;biker shorts&#8221; v s\u00fdtej tmavomodrej farbe vytvoren\u00e9 z bez\u0161vovej, elastickej a na dotyk jemnej tkaniny. Tento model dokonale tvaruje telo, m\u00e1 \u0161irok\u00fd ripstopov\u00fd opasok s vytla4en\u00fdm n\u00e1pisom &#8220;Peach Pump&#8221;, ktor\u00fd jemne s\u0165ahuje p\u00e1s. L\u00e1tka leg\u00edn zakr\u00fdva problematick\u00e9 partie, odv\u00e1dza vlhkos\u0165 od tela a m\u00e1 prvky, ktor\u00e9 tvaruj\u00fa brosky\u0148ov\u00fd zado\u010dek pre [&hellip;]<\/p>\n","protected":false},"featured_media":75666,"comment_status":"open","ping_status":"closed","template":"","meta":[],"product_brand":[],"product_cat":[148,203],"product_tag":[],"class_list":{"0":"post-78180","1":"product","2":"type-product","3":"status-publish","4":"has-post-thumbnail","6":"product_cat-damske-sportove-leginy","7":"product_cat-kratke-leginy-sk","8":"pa_cviat-tmavo-modre","9":"pa_razmer-m-sk-2","10":"pa_razmer-s-sk-2","11":"inventories-world","12":"inventories-pl","13":"inventories-uk","15":"first","16":"instock","17":"taxable","18":"shipping-taxable","19":"purchasable","20":"product-type-variable"},"_links":{"self":[{"href":"https:\/\/peach-pump.com\/sk\/wp-json\/wp\/v2\/product\/78180","targetHints":{"allow":["GET"]}}],"collection":[{"href":"https:\/\/peach-pump.com\/sk\/wp-json\/wp\/v2\/product"}],"about":[{"href":"https:\/\/peach-pump.com\/sk\/wp-json\/wp\/v2\/types\/product"}],"replies":[{"embeddable":true,"href":"https:\/\/peach-pump.com\/sk\/wp-json\/wp\/v2\/comments?post=78180"}],"version-history":[{"count":0,"href":"https:\/\/peach-pump.com\/sk\/wp-json\/wp\/v2\/product\/78180\/revisions"}],"wp:featuredmedia":[{"embeddable":true,"href":"https:\/\/peach-pump.com\/sk\/wp-json\/wp\/v2\/media\/75666"}],"wp:attachment":[{"href":"https:\/\/peach-pump.com\/sk\/wp-json\/wp\/v2\/media?parent=78180"}],"wp:term":[{"taxonomy":"product_brand","embeddable":true,"href":"https:\/\/peach-pump.com\/sk\/wp-json\/wp\/v2\/product_brand?post=78180"},{"taxonomy":"product_cat","embeddable":true,"href":"https:\/\/peach-pump.com\/sk\/wp-json\/wp\/v2\/product_cat?post=78180"},{"taxonomy":"product_tag","embeddable":true,"href":"https:\/\/peach-pump.com\/sk\/wp-json\/wp\/v2\/product_tag?post=78180"}],"curies":[{"name":"wp","href":"https:\/\/api.w.org\/{rel}","templated":true}]}}