{"id":77971,"date":"2024-05-06T15:53:04","date_gmt":"2024-05-06T13:53:04","guid":{"rendered":"https:\/\/peach-pump.com\/products\/cierny-sportovy-set-kratke-leginy\/"},"modified":"2026-02-19T15:19:28","modified_gmt":"2026-02-19T13:19:28","slug":"cierny-sportovy-set-kratke-leginy","status":"publish","type":"product","link":"https:\/\/peach-pump.com\/sk\/products\/cierny-sportovy-set-kratke-leginy\/","title":{"rendered":"Bez\u0161vov\u00fd \u010dierny \u0161portov\u00fd set kr\u00e1tke leg\u00edny a podprsenka"},"content":{"rendered":"<p>Bez\u0161vov\u00fd \u010dierny \u0161portov\u00fd set, kr\u00e1tke leg\u00edny a podprsenka, vytvoren\u00fd z bez\u0161vovej, elastickej a na dotyk jemnej tkaniny. Pozost\u00e1va z kr\u00e1tkych motork\u00e1rskych \u0161ortiek vyroben\u00fdch z bez\u0161vovej, elastickej a na dotyk jemnej tkaniny. Tento model dokonale tvaruje telo, m\u00e1 \u0161irok\u00fd ripstopov\u00fd opsok s vytla\u010den\u00fdm n\u00e1pisom &#8220;Peach Pump&#8221;, ktor\u00fd jemne s\u0165ahuje p\u00e1s. L\u00e1tka leg\u00edn zakr\u00fdva problematick\u00e9 partie, odv\u00e1dza vlhkos\u0165 od tela a m\u00e1 prvky, ktor\u00e9 tvaruj\u00fa brosky\u0148ov\u00fd zado\u010dek pre kr\u00e1snu a p\u00f4vabn\u00fa siluetu. Podprsenka m\u00e1 nastavite\u013en\u00e9 ramienka, vypch\u00e1vky, ktor\u00e9 sa daj\u00fa \u013eubovo\u013ene vybra\u0165, d\u00e1 sa nosi\u0165 pod oble\u010den\u00edm, jej dizajn je nen\u00e1padn\u00fd a budete c\u00edti\u0165 pohodlie a vo\u013enos\u0165 pohybu. \u0160portov\u00fa s\u00fapravu m\u00f4\u017eete skombinova\u0165 so \u0161itlovkou a mikinou tejto zna\u010dky, ktor\u00e9 dokonale dotvoria v\u00e1\u0161 vzh\u013ead Peach Pump.<\/p>\n<p>O podprsenke:<\/p>\n<ul>\n<li> Vypch\u00e1vky, ktor\u00e9 sa daj\u00fa odstr\u00e1ni\u0165.<\/li>\n<li> Push-Up efekt<\/li>\n<li> Nastavite\u013en\u00e9 ramienka<\/li>\n<li> Ve\u013ek\u00e1 pru\u017enos\u0165<\/li>\n<li> Tepelne vytla\u010den\u00e9 Peach Pump logo na bo\u010dnej \u010dasti podprsenky<\/li>\n<li> Tkanina, ktor\u00e1 odv\u00e1dza vlhkos\u0165 od tela<\/li>\n<\/ul>\n<p>O leg\u00ednach:<\/p>\n<ul>\n<li>Vysok\u00fd p\u00e1s<\/li>\n<li>Bez\u0161vov\u00e1 tkanina<\/li>\n<li>Zdv\u00edhaj\u00fa, tvaruj\u00fa, zakr\u00fdvaj\u00fa probl\u00e9mov\u00e9 partie<\/li>\n<li>Opasok obop\u00ednaj\u00faci p\u00e1s<\/li>\n<li>Tvarovac\u00ed Peach Pump efekt<\/li>\n<li>Tepelne vytla\u010den\u00fd n\u00e1pis &#8220;Peach Pump&#8221; na prednej strane<\/li>\n<li>Bez\u0161vov\u00e9 vpredu<\/li>\n<li>Tepelne vytla\u010den\u00e9 Peach Pump logo na zadnej strane leg\u00edn<\/li>\n<li>Vtkan\u00fd n\u00e1pis &#8220;Peach Pump&#8221; na p\u00e1se<\/li>\n<li>Tkanina, ktor\u00e1 odv\u00e1dza vlhkos\u0165 od tela<\/li>\n<\/ul>\n<p>Zlo\u017eenie: 80% polyester, 20% spandex<\/p>\n<p>S\u00fapravu mo\u017eno pra\u0165 na 30 stup\u0148ov, nepou\u017e\u00edvajte bielidl\u00e1 ani chemick\u00e9 \u010distenie.<\/p>\n<p>Modelka na fotografii je vysok\u00e1 178 cm, v\u00e1\u017ei 54 kg a p\u00f3zuje v leg\u00ednach ve\u013ekosti S a podprsenke ve\u013ekosti S.<\/p>\n<p>Na v\u00fdber presnej ve\u013ekosti pou\u017eite tabu\u013eky.<\/p>\n<p>&nbsp;<\/p>\n","protected":false},"excerpt":{"rendered":"<p>Bez\u0161vov\u00fd \u010dierny \u0161portov\u00fd set, kr\u00e1tke leg\u00edny a podprsenka, vytvoren\u00fd z bez\u0161vovej, elastickej a na dotyk jemnej tkaniny. Pozost\u00e1va z kr\u00e1tkych motork\u00e1rskych \u0161ortiek vyroben\u00fdch z bez\u0161vovej, elastickej a na dotyk jemnej tkaniny. Tento model dokonale tvaruje telo, m\u00e1 \u0161irok\u00fd ripstopov\u00fd opsok s vytla\u010den\u00fdm n\u00e1pisom &#8220;Peach Pump&#8221;, ktor\u00fd jemne s\u0165ahuje p\u00e1s. L\u00e1tka leg\u00edn zakr\u00fdva problematick\u00e9 partie, odv\u00e1dza [&hellip;]<\/p>\n","protected":false},"featured_media":76838,"comment_status":"open","ping_status":"closed","template":"","meta":[],"product_brand":[],"product_cat":[372,373],"product_tag":[],"class_list":{"0":"post-77971","1":"product","2":"type-product","3":"status-publish","4":"has-post-thumbnail","6":"product_cat-sportov-sety","7":"product_cat-kratke-leginy-sportove-outfity","8":"pa_cviat-cierne","9":"inventories-world","10":"inventories-uk","12":"first","13":"instock","14":"taxable","15":"shipping-taxable","16":"purchasable","17":"product-type-yith_bundle"},"_links":{"self":[{"href":"https:\/\/peach-pump.com\/en\/wp-json\/wp\/v2\/product\/77971","targetHints":{"allow":["GET"]}}],"collection":[{"href":"https:\/\/peach-pump.com\/en\/wp-json\/wp\/v2\/product"}],"about":[{"href":"https:\/\/peach-pump.com\/en\/wp-json\/wp\/v2\/types\/product"}],"replies":[{"embeddable":true,"href":"https:\/\/peach-pump.com\/en\/wp-json\/wp\/v2\/comments?post=77971"}],"version-history":[{"count":1,"href":"https:\/\/peach-pump.com\/en\/wp-json\/wp\/v2\/product\/77971\/revisions"}],"predecessor-version":[{"id":104174,"href":"https:\/\/peach-pump.com\/en\/wp-json\/wp\/v2\/product\/77971\/revisions\/104174"}],"wp:featuredmedia":[{"embeddable":true,"href":"https:\/\/peach-pump.com\/en\/wp-json\/wp\/v2\/media\/76838"}],"wp:attachment":[{"href":"https:\/\/peach-pump.com\/en\/wp-json\/wp\/v2\/media?parent=77971"}],"wp:term":[{"taxonomy":"product_brand","embeddable":true,"href":"https:\/\/peach-pump.com\/en\/wp-json\/wp\/v2\/product_brand?post=77971"},{"taxonomy":"product_cat","embeddable":true,"href":"https:\/\/peach-pump.com\/en\/wp-json\/wp\/v2\/product_cat?post=77971"},{"taxonomy":"product_tag","embeddable":true,"href":"https:\/\/peach-pump.com\/en\/wp-json\/wp\/v2\/product_tag?post=77971"}],"curies":[{"name":"wp","href":"https:\/\/api.w.org\/{rel}","templated":true}]}}