{"id":73309,"date":"2024-04-06T14:24:03","date_gmt":"2024-04-06T12:24:03","guid":{"rendered":"https:\/\/peach-pump.com\/products\/damske-bavlnene-tricko-s-potlacou-a-ostrym-vystrihom-do-v-biele-s-ruzovym-logom-manzetou-a-3d-vysivkou\/"},"modified":"2026-03-19T23:03:51","modified_gmt":"2026-03-19T21:03:51","slug":"tricko-s-napismi-biele-s-ruzovou","status":"publish","type":"product","link":"https:\/\/peach-pump.com\/sk\/products\/tricko-s-napismi-biele-s-ruzovou\/","title":{"rendered":"Tri\u010dko s n\u00e1pismi, biele s ru\u017eovou"},"content":{"rendered":"<p>D\u00e1mske bavlnen\u00e9 tri\u010dko s potla\u010dou a ostr\u00fdm v\u00fdstrihom do V , biele s ru\u017eov\u00fdm logom, man\u017eetou a 3D v\u00fd\u0161ivkou. \u0160portov\u00e9 tri\u010dko Peach Pump z limitovanej ed\u00edcie, v ktorej sa budete c\u00edti\u0165 pohodlne, slobodne a sexy. Tento dizajn sa dokonale kombinuje so \u0161ortkami alebo leg\u00ednami tejto zna\u010dky, ktor\u00e9 dokonale dotvoria v\u00e1\u0161 outfit a s\u00fa vhodn\u00e9 na \u0161port aj vo\u013en\u00fd \u010das.<\/p>\n<ul>\n<li>Bavlnen\u00e9 tri\u010dko<\/li>\n<li>V\u00fdstrih do V s man\u017eetou<\/li>\n<li>3D v\u00fd\u0161ivka Peach Pump<\/li>\n<li>Vo\u013en\u00fd strih<\/li>\n<li>Kr\u00e1tky ruk\u00e1v<\/li>\n<\/ul>\n<p>Zlo\u017eenie: 95% bavlna, 5% elastan<\/p>\n<p>Top je mo\u017en\u00e9 pra\u0165 pri teplote do 30 \u00b0C. Nepou\u017e\u00edva\u0165 bielenie alebo chemick\u00e9 \u010distenie.<\/p>\n<p>Modelka na obr\u00e1zku je vysok\u00e1 170 cm, v\u00e1\u017ei 49 kg a p\u00f3zuje vo ve\u013ekosti S.<\/p>\n<p>Na v\u00fdber presnej ve\u013ekosti pou\u017eite tabu\u013eky.<\/p>\n","protected":false},"excerpt":{"rendered":"<p>D\u00e1mske bavlnen\u00e9 tri\u010dko s potla\u010dou a ostr\u00fdm v\u00fdstrihom do V , biele s ru\u017eov\u00fdm logom, man\u017eetou a 3D v\u00fd\u0161ivkou. \u0160portov\u00e9 tri\u010dko Peach Pump z limitovanej ed\u00edcie, v ktorej sa budete c\u00edti\u0165 pohodlne, slobodne a sexy. Tento dizajn sa dokonale kombinuje so \u0161ortkami alebo leg\u00ednami tejto zna\u010dky, ktor\u00e9 dokonale dotvoria v\u00e1\u0161 outfit a s\u00fa vhodn\u00e9 na [&hellip;]<\/p>\n","protected":false},"featured_media":76190,"comment_status":"open","ping_status":"closed","template":"","meta":[],"product_brand":[],"product_cat":[370],"product_tag":[],"class_list":{"0":"post-73309","1":"product","2":"type-product","3":"status-publish","4":"has-post-thumbnail","6":"product_cat-damske-sportove-bluzky","7":"pa_cviat-ruzovo","8":"pa_razmer-m-sk-2","9":"pa_razmer-s-sk-2","10":"inventories-world","11":"inventories-pl","12":"inventories-uk","14":"first","15":"instock","16":"sale","17":"taxable","18":"shipping-taxable","19":"purchasable","20":"product-type-variable"},"_links":{"self":[{"href":"https:\/\/peach-pump.com\/sk\/wp-json\/wp\/v2\/product\/73309","targetHints":{"allow":["GET"]}}],"collection":[{"href":"https:\/\/peach-pump.com\/sk\/wp-json\/wp\/v2\/product"}],"about":[{"href":"https:\/\/peach-pump.com\/sk\/wp-json\/wp\/v2\/types\/product"}],"replies":[{"embeddable":true,"href":"https:\/\/peach-pump.com\/sk\/wp-json\/wp\/v2\/comments?post=73309"}],"version-history":[{"count":1,"href":"https:\/\/peach-pump.com\/sk\/wp-json\/wp\/v2\/product\/73309\/revisions"}],"predecessor-version":[{"id":111402,"href":"https:\/\/peach-pump.com\/sk\/wp-json\/wp\/v2\/product\/73309\/revisions\/111402"}],"wp:featuredmedia":[{"embeddable":true,"href":"https:\/\/peach-pump.com\/sk\/wp-json\/wp\/v2\/media\/76190"}],"wp:attachment":[{"href":"https:\/\/peach-pump.com\/sk\/wp-json\/wp\/v2\/media?parent=73309"}],"wp:term":[{"taxonomy":"product_brand","embeddable":true,"href":"https:\/\/peach-pump.com\/sk\/wp-json\/wp\/v2\/product_brand?post=73309"},{"taxonomy":"product_cat","embeddable":true,"href":"https:\/\/peach-pump.com\/sk\/wp-json\/wp\/v2\/product_cat?post=73309"},{"taxonomy":"product_tag","embeddable":true,"href":"https:\/\/peach-pump.com\/sk\/wp-json\/wp\/v2\/product_tag?post=73309"}],"curies":[{"name":"wp","href":"https:\/\/api.w.org\/{rel}","templated":true}]}}