{"id":73300,"date":"2024-04-01T00:49:17","date_gmt":"2024-03-31T22:49:17","guid":{"rendered":"https:\/\/peach-pump.com\/products\/bezsvova-ruzova-sportova-podprsenka-farba-popol-ruzi-so-vsitymi-vypchavkami\/"},"modified":"2025-12-31T13:47:34","modified_gmt":"2025-12-31T11:47:34","slug":"ruzova-sportova-podprsenka-vsite-vypchavky","status":"publish","type":"product","link":"https:\/\/peach-pump.com\/sk\/products\/ruzova-sportova-podprsenka-vsite-vypchavky\/","title":{"rendered":"Bez\u0161vov\u00e1 ru\u017eov\u00e1 \u0161portov\u00e1 podprsenka so v\u0161it\u00fdmi vypch\u00e1vkami"},"content":{"rendered":"<p>Bez\u0161vov\u00e1 ru\u017eov\u00e1 \u0161portov\u00e1 podprsenka vo farbe &#8220;popol ru\u017e\u00ed&#8221; so v\u0161it\u00fdmi vypch\u00e1vkami, ktor\u00e9 nie je mo\u017en\u00e9 vybra\u0165. Model je vyroben\u00fd z m\u00e4kkej, ve\u013emi pru\u017enej a priedu\u0161nej tkaniny, ktor\u00e1 odv\u00e1dza pot od tela. Podprsenka sa d\u00e1 nosi\u0165 aj pod oble\u010den\u00edm, jej dizajn je nen\u00e1padn\u00fd a vy budete c\u00edti\u0165 \u00fapln\u00e9 pohodlie a vo\u013enos\u0165 pohybu. Ve\u013ekos\u0165 je univerz\u00e1lna, m\u00e1 4 stupne zap\u00ednania a \u0161irok\u00fa gumu. Model je k dispoz\u00edcii v r\u00f4znych farb\u00e1ch, m\u00f4\u017eete ho kombinova\u0165 s leg\u00ednami rovnakej farby alebo in\u00fdmi. Pozrite sa v \u010dasti &#8220;\u0160portov\u00e9 s\u00fapravy&#8221;.<\/p>\n<ul>\n<li> V\u0161it\u00e9 vypch\u00e1vky<\/li>\n<li> Push-Up efekt<\/li>\n<li> Hlbok\u00fd rez cez chrb\u00e1t<\/li>\n<li> Ve\u013ek\u00e1 pru\u017enos\u0165<\/li>\n<li> \u0160tvorstup\u0148ov\u00e9 zap\u00ednanie<\/li>\n<li> Tepelne vytla\u010den\u00e9 Peach Pump logo na bo\u010dnej \u010dasti podprsenky<\/li>\n<li> Technol\u00f3gia odstra\u0148ovania potu<\/li>\n<\/ul>\n<p>Zlo\u017eenie: 80% polyester, 20% spandex<\/p>\n<p>Podprsenku je mo\u017en\u00e9 pra\u0165 pri teplote do 30\u00b0C. Nepou\u017e\u00edva\u0165 bielenie alebo chemick\u00e9 \u010distenie.<\/p>\n<p>Modelka na fotografii je vysok\u00e1 178 cm, v\u00e1\u017ei 54 kg a p\u00f3zuje vo ve\u013ekosti M.<\/p>\n<p>Na v\u00fdber presnej ve\u013ekosti pou\u017eite tabu\u013eky.<\/p>\n<p>&nbsp;<\/p>\n<p><a href=\"https:\/\/peach-pump.com\/wp-content\/uploads\/2024\/04\/7ACDDC23-3BB3-4220-B273-C079DABBAC53.png\"><img loading=\"lazy\" class=\"alignnone wp-image-72618 \" src=\"https:\/\/peach-pump.com\/wp-content\/uploads\/2024\/04\/7ACDDC23-3BB3-4220-B273-C079DABBAC53.png\" alt=\"\" width=\"553\" height=\"553\" srcset=\"https:\/\/peach-pump.com\/wp-content\/uploads\/2024\/04\/7ACDDC23-3BB3-4220-B273-C079DABBAC53.png 1080w, https:\/\/peach-pump.com\/wp-content\/uploads\/2024\/04\/7ACDDC23-3BB3-4220-B273-C079DABBAC53-480x480.png 480w, https:\/\/peach-pump.com\/wp-content\/uploads\/2024\/04\/7ACDDC23-3BB3-4220-B273-C079DABBAC53-1000x1000.png 1000w, https:\/\/peach-pump.com\/wp-content\/uploads\/2024\/04\/7ACDDC23-3BB3-4220-B273-C079DABBAC53-300x300.png 300w, https:\/\/peach-pump.com\/wp-content\/uploads\/2024\/04\/7ACDDC23-3BB3-4220-B273-C079DABBAC53-800x800.png 800w, https:\/\/peach-pump.com\/wp-content\/uploads\/2024\/04\/7ACDDC23-3BB3-4220-B273-C079DABBAC53-150x150.png 150w, https:\/\/peach-pump.com\/wp-content\/uploads\/2024\/04\/7ACDDC23-3BB3-4220-B273-C079DABBAC53-768x768.png 768w, https:\/\/peach-pump.com\/wp-content\/uploads\/2024\/04\/7ACDDC23-3BB3-4220-B273-C079DABBAC53-990x990.png 990w, https:\/\/peach-pump.com\/wp-content\/uploads\/2024\/04\/7ACDDC23-3BB3-4220-B273-C079DABBAC53-441x441.png 441w, https:\/\/peach-pump.com\/wp-content\/uploads\/2024\/04\/7ACDDC23-3BB3-4220-B273-C079DABBAC53-100x100.png 100w, https:\/\/peach-pump.com\/wp-content\/uploads\/2024\/04\/7ACDDC23-3BB3-4220-B273-C079DABBAC53-64x64.png 64w\" sizes=\"auto, (max-width: 553px) 100vw, 553px\" \/><\/a><\/p>\n","protected":false},"excerpt":{"rendered":"<p>Bez\u0161vov\u00e1 ru\u017eov\u00e1 \u0161portov\u00e1 podprsenka vo farbe &#8220;popol ru\u017e\u00ed&#8221; so v\u0161it\u00fdmi vypch\u00e1vkami, ktor\u00e9 nie je mo\u017en\u00e9 vybra\u0165. Model je vyroben\u00fd z m\u00e4kkej, ve\u013emi pru\u017enej a priedu\u0161nej tkaniny, ktor\u00e1 odv\u00e1dza pot od tela. Podprsenka sa d\u00e1 nosi\u0165 aj pod oble\u010den\u00edm, jej dizajn je nen\u00e1padn\u00fd a vy budete c\u00edti\u0165 \u00fapln\u00e9 pohodlie a vo\u013enos\u0165 pohybu. Ve\u013ekos\u0165 je univerz\u00e1lna, m\u00e1 [&hellip;]<\/p>\n","protected":false},"featured_media":73091,"comment_status":"open","ping_status":"closed","template":"","meta":[],"product_brand":[],"product_cat":[371],"product_tag":[],"class_list":{"0":"post-73300","1":"product","2":"type-product","3":"status-publish","4":"has-post-thumbnail","6":"product_cat-damske-sportovni-podprsenky","7":"pa_razmer-l-sk","8":"pa_razmer-m-sk-2","9":"pa_razmer-s-sk-2","10":"inventories-world","11":"inventories-uk","13":"first","14":"instock","15":"taxable","16":"shipping-taxable","17":"purchasable","18":"product-type-variable"},"_links":{"self":[{"href":"https:\/\/peach-pump.com\/en\/wp-json\/wp\/v2\/product\/73300","targetHints":{"allow":["GET"]}}],"collection":[{"href":"https:\/\/peach-pump.com\/en\/wp-json\/wp\/v2\/product"}],"about":[{"href":"https:\/\/peach-pump.com\/en\/wp-json\/wp\/v2\/types\/product"}],"replies":[{"embeddable":true,"href":"https:\/\/peach-pump.com\/en\/wp-json\/wp\/v2\/comments?post=73300"}],"version-history":[{"count":1,"href":"https:\/\/peach-pump.com\/en\/wp-json\/wp\/v2\/product\/73300\/revisions"}],"predecessor-version":[{"id":108957,"href":"https:\/\/peach-pump.com\/en\/wp-json\/wp\/v2\/product\/73300\/revisions\/108957"}],"wp:featuredmedia":[{"embeddable":true,"href":"https:\/\/peach-pump.com\/en\/wp-json\/wp\/v2\/media\/73091"}],"wp:attachment":[{"href":"https:\/\/peach-pump.com\/en\/wp-json\/wp\/v2\/media?parent=73300"}],"wp:term":[{"taxonomy":"product_brand","embeddable":true,"href":"https:\/\/peach-pump.com\/en\/wp-json\/wp\/v2\/product_brand?post=73300"},{"taxonomy":"product_cat","embeddable":true,"href":"https:\/\/peach-pump.com\/en\/wp-json\/wp\/v2\/product_cat?post=73300"},{"taxonomy":"product_tag","embeddable":true,"href":"https:\/\/peach-pump.com\/en\/wp-json\/wp\/v2\/product_tag?post=73300"}],"curies":[{"name":"wp","href":"https:\/\/api.w.org\/{rel}","templated":true}]}}