{"id":59448,"date":"2023-11-21T13:01:42","date_gmt":"2023-11-21T11:01:42","guid":{"rendered":"https:\/\/peach-pump.com\/products\/cierne-bezsvove-leginy-s-tvarovacim-efektom\/"},"modified":"2026-04-06T23:00:40","modified_gmt":"2026-04-06T21:00:40","slug":"cierne-bezsvove-leginy-tvarovacie-sportove-2","status":"publish","type":"product","link":"https:\/\/peach-pump.com\/sk\/products\/cierne-bezsvove-leginy-tvarovacie-sportove-2\/","title":{"rendered":"\u010cierne bez\u0161vov\u00e9 leg\u00edny s tvarovac\u00edm efektom"},"content":{"rendered":"<p>\u010cierne bez\u0161vov\u00e9 leg\u00edny s tvarovac\u00edm efektom, prvotriednym spracovan\u00edm a kvalitou. Model je vyroben\u00fd z inovat\u00edvnej bez\u0161vovej tkaniny so \u0161irok\u00fdm p\u00e1som, ktor\u00fd obop\u00edna a stabilizuje p\u00e1s po\u010das cvi\u010denia. Vhodn\u00e9 na kondi\u010dn\u00fd tr\u00e9ning, beh, jogu a in\u00e9. Ak h\u013ead\u00e1te tvaruj\u00faci klin, v ktorom sa budete c\u00edti\u0165 pohodlne, toto je ten spr\u00e1vny model. M\u00e1 n\u00e1\u0161 ve\u013emi ob\u013e\u00faben\u00fd Peach effect , vtkan\u00fd n\u00e1pis Peach Pump, je z priedu\u0161nej tkaniny a dokonale tvaruje telo. D\u00e1 sa kombinova\u0165 s podprsenkou alebo tri\u010dkom, pozrite si vzory na na\u0161ej str\u00e1nke.<\/p>\n<ul>\n<li>Vysok\u00fd p\u00e1s<\/li>\n<li>Bez\u0161vov\u00e1 tkanina<\/li>\n<li>Zdv\u00edhaj\u00fa, tvaruj\u00fa, zakr\u00fdvaj\u00fa probl\u00e9mov\u00e9 partie<\/li>\n<li>Opasok obop\u00ednaj\u00faci p\u00e1s<\/li>\n<li>Peachy efekt<\/li>\n<li>Bez\u0161vov\u00e9 vpredu<\/li>\n<li>Tepelne vytla\u010den\u00e9 Peach Pump logo na zadnej strane leg\u00edn<\/li>\n<li>Vtkan\u00fd n\u00e1pis &#8220;Peach Pump&#8221; na p\u00e1se<\/li>\n<li>Tkanina, ktor\u00e1 odv\u00e1dza vlhkos\u0165 od tela<\/li>\n<\/ul>\n<p>Zlo\u017eenie: 80% polyester, 20% spandex<\/p>\n<p>Leg\u00edny je mo\u017en\u00e9 pra\u0165 pri teplote do 30 \u00b0C. Nepou\u017e\u00edva\u0165 bielenie alebo chemick\u00e9 \u010distenie.<\/p>\n<p>Modelka na fotografii je vysok\u00e1 178 cm, v\u00e1\u017ei 54 kg a p\u00f3zuje vo ve\u013ekosti M.<\/p>\n<p>Na v\u00fdber presnej ve\u013ekosti pou\u017eite tabu\u013eky.<\/p>\n","protected":false},"excerpt":{"rendered":"<p>\u010cierne bez\u0161vov\u00e9 leg\u00edny s tvarovac\u00edm efektom, prvotriednym spracovan\u00edm a kvalitou. Model je vyroben\u00fd z inovat\u00edvnej bez\u0161vovej tkaniny so \u0161irok\u00fdm p\u00e1som, ktor\u00fd obop\u00edna a stabilizuje p\u00e1s po\u010das cvi\u010denia. Vhodn\u00e9 na kondi\u010dn\u00fd tr\u00e9ning, beh, jogu a in\u00e9. Ak h\u013ead\u00e1te tvaruj\u00faci klin, v ktorom sa budete c\u00edti\u0165 pohodlne, toto je ten spr\u00e1vny model. M\u00e1 n\u00e1\u0161 ve\u013emi ob\u013e\u00faben\u00fd Peach [&hellip;]<\/p>\n","protected":false},"featured_media":59218,"comment_status":"open","ping_status":"closed","template":"","meta":[],"product_brand":[],"product_cat":[148,313],"product_tag":[],"class_list":{"0":"post-59448","1":"product","2":"type-product","3":"status-publish","4":"has-post-thumbnail","6":"product_cat-damske-sportove-leginy","7":"product_cat-damske-leginy-dlhe","8":"pa_cviat-cierne","9":"pa_razmer-l-sk","10":"pa_razmer-m-sk-2","11":"pa_razmer-s-sk-2","12":"pa_razmer-xl-sk","13":"inventories-world","14":"inventories-pl","15":"inventories-uk","17":"first","18":"instock","19":"taxable","20":"shipping-taxable","21":"purchasable","22":"product-type-variable"},"_links":{"self":[{"href":"https:\/\/peach-pump.com\/en\/wp-json\/wp\/v2\/product\/59448","targetHints":{"allow":["GET"]}}],"collection":[{"href":"https:\/\/peach-pump.com\/en\/wp-json\/wp\/v2\/product"}],"about":[{"href":"https:\/\/peach-pump.com\/en\/wp-json\/wp\/v2\/types\/product"}],"replies":[{"embeddable":true,"href":"https:\/\/peach-pump.com\/en\/wp-json\/wp\/v2\/comments?post=59448"}],"version-history":[{"count":1,"href":"https:\/\/peach-pump.com\/en\/wp-json\/wp\/v2\/product\/59448\/revisions"}],"predecessor-version":[{"id":111397,"href":"https:\/\/peach-pump.com\/en\/wp-json\/wp\/v2\/product\/59448\/revisions\/111397"}],"wp:featuredmedia":[{"embeddable":true,"href":"https:\/\/peach-pump.com\/en\/wp-json\/wp\/v2\/media\/59218"}],"wp:attachment":[{"href":"https:\/\/peach-pump.com\/en\/wp-json\/wp\/v2\/media?parent=59448"}],"wp:term":[{"taxonomy":"product_brand","embeddable":true,"href":"https:\/\/peach-pump.com\/en\/wp-json\/wp\/v2\/product_brand?post=59448"},{"taxonomy":"product_cat","embeddable":true,"href":"https:\/\/peach-pump.com\/en\/wp-json\/wp\/v2\/product_cat?post=59448"},{"taxonomy":"product_tag","embeddable":true,"href":"https:\/\/peach-pump.com\/en\/wp-json\/wp\/v2\/product_tag?post=59448"}],"curies":[{"name":"wp","href":"https:\/\/api.w.org\/{rel}","templated":true}]}}