{"id":55791,"date":"2023-10-13T13:58:46","date_gmt":"2023-10-13T11:58:46","guid":{"rendered":"https:\/\/peach-pump.com\/products\/tvarujuce-hrube-leginy-v-tmavomodrej-farbe\/"},"modified":"2026-03-18T11:44:14","modified_gmt":"2026-03-18T09:44:14","slug":"tvarujuce-hrube-leginy-tmavomodre","status":"publish","type":"product","link":"https:\/\/peach-pump.com\/sk\/products\/tvarujuce-hrube-leginy-tmavomodre\/","title":{"rendered":"Tvaruj\u00face hrub\u00e9 leg\u00edny v tmavomodrej farbe"},"content":{"rendered":"<p>Tvaruj\u00face hrub\u00e9 leg\u00edny z priedu\u0161nej tkaniny v tmavomodrej farbe. Leg\u00edny s\u00fa vyroben\u00e9 z ripstopovej tkaniny, maj\u00fa vysok\u00fd p\u00e1s a s\u00fa hrub\u0161ie, ide\u00e1lne na chladnej\u0161ie jesenn\u00e9 a zimn\u00e9 dni. Model m\u00e1 \u0161irok\u00fd p\u00e1s, tvaruj\u00faci a zdv\u00edhaj\u00faci efekt, ktor\u00fd je pre na\u0161u zna\u010dku typick\u00fd. Zamilujte sa do t\u00fdchto leg\u00edn, do ich m\u00e4kkosti, hrejivosti a sp\u00f4sobu, ak\u00fdm vymodeluj\u00fa va\u0161u postavu. Model m\u00f4\u017eete skombinova\u0165 s bl\u00fazkou alebo podprsenkou, pozrite si na\u0161e n\u00e1vrhy.<\/p>\n<ul>\n<li> Vysok\u00fd p\u00e1s<\/li>\n<li> Bez\u0161vov\u00e1 ripstopov\u00e1 tkanina<\/li>\n<li> Zdv\u00edha, tvaruje, zakr\u00fdva probl\u00e9mov\u00e9 oblasti<\/li>\n<li> Pevnej\u0161ia tkanina<\/li>\n<li> Opasok obop\u00ednaj\u00faci p\u00e1s<\/li>\n<li> Peachy efekt<\/li>\n<li> Bez\u0161vov\u00e9 vpredu<\/li>\n<li> Tepelne vytla\u010den\u00e9 Peach Pump logo na zadnej strane leg\u00edn<\/li>\n<li> Tkanina na odstra\u0148ovanie potu<\/li>\n<\/ul>\n<p>Zlo\u017eenie: 80% polyester, 20% spandex.<\/p>\n<p>Leg\u00edny sa m\u00f4\u017eu pra\u0165 pri teplote do 30\u00b0C, nepou\u017e\u00edvajte bielidl\u00e1 ani chemick\u00e9 \u010distenie.<\/p>\n<p>Modelka na obr\u00e1zku je vysok\u00e1 178 cm, v\u00e1\u017ei 54 kg a p\u00f3zuje vo ve\u013ekosti M.<\/p>\n<p>Na v\u00fdber presnej ve\u013ekosti pou\u017eite tabu\u013eky.<\/p>\n","protected":false},"excerpt":{"rendered":"<p>Tvaruj\u00face hrub\u00e9 leg\u00edny z priedu\u0161nej tkaniny v tmavomodrej farbe. Leg\u00edny s\u00fa vyroben\u00e9 z ripstopovej tkaniny, maj\u00fa vysok\u00fd p\u00e1s a s\u00fa hrub\u0161ie, ide\u00e1lne na chladnej\u0161ie jesenn\u00e9 a zimn\u00e9 dni. Model m\u00e1 \u0161irok\u00fd p\u00e1s, tvaruj\u00faci a zdv\u00edhaj\u00faci efekt, ktor\u00fd je pre na\u0161u zna\u010dku typick\u00fd. Zamilujte sa do t\u00fdchto leg\u00edn, do ich m\u00e4kkosti, hrejivosti a sp\u00f4sobu, ak\u00fdm vymodeluj\u00fa [&hellip;]<\/p>\n","protected":false},"featured_media":54705,"comment_status":"open","ping_status":"closed","template":"","meta":[],"product_brand":[],"product_cat":[148,313],"product_tag":[],"class_list":{"0":"post-55791","1":"product","2":"type-product","3":"status-publish","4":"has-post-thumbnail","6":"product_cat-damske-sportove-leginy","7":"product_cat-damske-leginy-dlhe","8":"pa_cviat-tmavo-modre","9":"pa_razmer-l-sk","10":"pa_razmer-m-sk-2","11":"pa_razmer-s-sk-2","12":"inventories-world","13":"inventories-uk","15":"first","16":"instock","17":"taxable","18":"shipping-taxable","19":"purchasable","20":"product-type-variable"},"_links":{"self":[{"href":"https:\/\/peach-pump.com\/sk\/wp-json\/wp\/v2\/product\/55791","targetHints":{"allow":["GET"]}}],"collection":[{"href":"https:\/\/peach-pump.com\/sk\/wp-json\/wp\/v2\/product"}],"about":[{"href":"https:\/\/peach-pump.com\/sk\/wp-json\/wp\/v2\/types\/product"}],"replies":[{"embeddable":true,"href":"https:\/\/peach-pump.com\/sk\/wp-json\/wp\/v2\/comments?post=55791"}],"version-history":[{"count":0,"href":"https:\/\/peach-pump.com\/sk\/wp-json\/wp\/v2\/product\/55791\/revisions"}],"wp:featuredmedia":[{"embeddable":true,"href":"https:\/\/peach-pump.com\/sk\/wp-json\/wp\/v2\/media\/54705"}],"wp:attachment":[{"href":"https:\/\/peach-pump.com\/sk\/wp-json\/wp\/v2\/media?parent=55791"}],"wp:term":[{"taxonomy":"product_brand","embeddable":true,"href":"https:\/\/peach-pump.com\/sk\/wp-json\/wp\/v2\/product_brand?post=55791"},{"taxonomy":"product_cat","embeddable":true,"href":"https:\/\/peach-pump.com\/sk\/wp-json\/wp\/v2\/product_cat?post=55791"},{"taxonomy":"product_tag","embeddable":true,"href":"https:\/\/peach-pump.com\/sk\/wp-json\/wp\/v2\/product_tag?post=55791"}],"curies":[{"name":"wp","href":"https:\/\/api.w.org\/{rel}","templated":true}]}}