{"id":40281,"date":"2023-05-19T00:50:24","date_gmt":"2023-05-18T22:50:24","guid":{"rendered":"https:\/\/peach-pump.com\/products\/bezsvovy-kratky-overal-v-telovej-farbe\/"},"modified":"2024-12-13T17:48:38","modified_gmt":"2024-12-13T15:48:38","slug":"bezsvovy-kratky-overal-v-telesnej-farbe","status":"publish","type":"product","link":"https:\/\/peach-pump.com\/sk\/products\/bezsvovy-kratky-overal-v-telesnej-farbe\/","title":{"rendered":"Bez\u0161vov\u00fd kr\u00e1tky overal v telovej farbe"},"content":{"rendered":"<p>Kr\u00e1tky bez\u0161vov\u00fd overal svetlohnedej telovej farby. Model je pri\u013enav\u00fd po tele z bez\u0161vovej, elastickej tkaniny. Vhodn\u00e9 na cyklistiku, fitness, gymnastiku, pilates, jogu a ak\u00fdko\u013evek druh \u0161portu. S t\u00fdmto modelom sa budete c\u00edti\u0165 pohodlne a sexy, tesne prilieha k telu ako druh\u00e1 ko\u017ea. Overal m\u00e1 v\u0161it\u00e9 vypch\u00e1vky, ktor\u00e9 sa daj\u00fa odstr\u00e1ni\u0165, \u010do zvy\u0161uje istotu a pohodlie.<\/p>\n<ul>\n<li>Bez\u0161vov\u00e1 tkanina<\/li>\n<li>Pokr\u00fdva problematick\u00e9 oblasti a tvaruje<\/li>\n<li>V\u0161it\u00e9 vypch\u00e1vky<\/li>\n<li>Tepelne vytla\u010den\u00e9 logo Peach Pump v\u013eavo hore<\/li>\n<li>Ve\u013ekolep\u00fd dizajn<\/li>\n<li>Tkanina, ktor\u00e1 odv\u00e1dza vlhkos\u0165 od tela<\/li>\n<li>Bez Peachy efektu<\/li>\n<\/ul>\n<p>Zlo\u017eenie: 80% polyester, 20% spandex.<\/p>\n<p>Modelka na obr\u00e1zku je vysok\u00e1 178 cm, v\u00e1\u017ei 54 kg a p\u00f3zuje vo ve\u013ekosti M.<\/p>\n<p>Overal je mo\u017en\u00e9 pra\u0165 do 30\u00b0 C, nepou\u017e\u00edvajte bielidl\u00e1 ani chemick\u00e9 \u010distenie.<\/p>\n","protected":false},"excerpt":{"rendered":"<p>Kr\u00e1tky bez\u0161vov\u00fd overal svetlohnedej telovej farby. Model je pri\u013enav\u00fd po tele z bez\u0161vovej, elastickej tkaniny. Vhodn\u00e9 na cyklistiku, fitness, gymnastiku, pilates, jogu a ak\u00fdko\u013evek druh \u0161portu. S t\u00fdmto modelom sa budete c\u00edti\u0165 pohodlne a sexy, tesne prilieha k telu ako druh\u00e1 ko\u017ea. Overal m\u00e1 v\u0161it\u00e9 vypch\u00e1vky, ktor\u00e9 sa daj\u00fa odstr\u00e1ni\u0165, \u010do zvy\u0161uje istotu a pohodlie. [&hellip;]<\/p>\n","protected":false},"featured_media":38976,"comment_status":"open","ping_status":"closed","template":"","meta":[],"product_brand":[],"product_cat":[372,373],"product_tag":[],"class_list":{"0":"post-40281","1":"product","2":"type-product","3":"status-publish","4":"has-post-thumbnail","6":"product_cat-sportov-sety","7":"product_cat-kratke-leginy-sportove-outfity","8":"pa_cviat-bezove-sk","9":"pa_razmer-m-sk-2","10":"pa_razmer-s-sk-2","11":"inventories-world","13":"first","14":"instock","15":"sale","16":"taxable","17":"shipping-taxable","18":"purchasable","19":"product-type-variable"},"_links":{"self":[{"href":"https:\/\/peach-pump.com\/en\/wp-json\/wp\/v2\/product\/40281","targetHints":{"allow":["GET"]}}],"collection":[{"href":"https:\/\/peach-pump.com\/en\/wp-json\/wp\/v2\/product"}],"about":[{"href":"https:\/\/peach-pump.com\/en\/wp-json\/wp\/v2\/types\/product"}],"replies":[{"embeddable":true,"href":"https:\/\/peach-pump.com\/en\/wp-json\/wp\/v2\/comments?post=40281"}],"version-history":[{"count":0,"href":"https:\/\/peach-pump.com\/en\/wp-json\/wp\/v2\/product\/40281\/revisions"}],"wp:featuredmedia":[{"embeddable":true,"href":"https:\/\/peach-pump.com\/en\/wp-json\/wp\/v2\/media\/38976"}],"wp:attachment":[{"href":"https:\/\/peach-pump.com\/en\/wp-json\/wp\/v2\/media?parent=40281"}],"wp:term":[{"taxonomy":"product_brand","embeddable":true,"href":"https:\/\/peach-pump.com\/en\/wp-json\/wp\/v2\/product_brand?post=40281"},{"taxonomy":"product_cat","embeddable":true,"href":"https:\/\/peach-pump.com\/en\/wp-json\/wp\/v2\/product_cat?post=40281"},{"taxonomy":"product_tag","embeddable":true,"href":"https:\/\/peach-pump.com\/en\/wp-json\/wp\/v2\/product_tag?post=40281"}],"curies":[{"name":"wp","href":"https:\/\/api.w.org\/{rel}","templated":true}]}}