{"id":34463,"date":"2022-07-04T17:55:01","date_gmt":"2022-07-04T15:55:01","guid":{"rendered":"https:\/\/peach-pump.com\/products\/cierne-damske-leginy-s-korzetom-a-vysokym-pasom\/"},"modified":"2026-04-17T01:27:10","modified_gmt":"2026-04-16T23:27:10","slug":"cierne-leginy-s-korzetom-a-vysokym-pasom","status":"publish","type":"product","link":"https:\/\/peach-pump.com\/sk\/products\/cierne-leginy-s-korzetom-a-vysokym-pasom\/","title":{"rendered":"\u010cierne d\u00e1mske leg\u00edny s korzetom a vysok\u00fdm p\u00e1som"},"content":{"rendered":"<p>D\u00e1mske \u010dierne leg\u00edny s korzetom, vypasovan\u00e9, s trojstup\u0148ov\u00fdm zap\u00ednan\u00edm. Leg\u00edny s\u00fa ur\u010den\u00e9 na zmen\u0161enie obvodu p\u00e1sa maj\u00fa mierny saunov\u00fd efekt, ide\u00e1lny pre \u017eeny po p\u00f4rode, ktor\u00e9 sa chc\u00fa r\u00fdchlo dosta\u0165 sp\u00e4\u0165 do dokonalej formy. Vhodn\u00e9 na silov\u00fd tr\u00e9ning a crossfitov\u00e9 cvi\u010denia alebo aer\u00f3bne cvi\u010denia, ako je beh a joga. Korzet je pevn\u00fd, elastick\u00fd , leg\u00edny s\u00fa vyroben\u00e9 z \u013eahkej r\u00fdchloschn\u00facej tkaniny.<\/p>\n<ul>\n<li>Vysok\u00fd p\u00e1s<\/li>\n<li>Korzet obop\u00ednaj\u00faci p\u00e1s<\/li>\n<li>Nastavite\u013en\u00e9 zap\u00ednanie v p\u00e1se<\/li>\n<li>R\u00fdchloschn\u00faca tkanina<\/li>\n<li>Tepepne vytla\u010den\u00e9 logo Peach Pump na prednej strane leg\u00edn<\/li>\n<\/ul>\n<p>Zlo\u017eenie: 80% polyester, 20% spandex<\/p>\n<p>Mikinu je mo\u017en\u00e9 pra\u0165 pri teplote do 30 stup\u0148ov, nepou\u017e\u00edvajte bielidl\u00e1 ani chemick\u00e9 \u010distenie.<\/p>\n<p>Modelka na obr\u00e1zku je vysok\u00e1 178 cm, v\u00e1\u017ei 54 kg a p\u00f3zuje vo ve\u013ekosti M.<\/p>\n<p>Na v\u00fdber presnej ve\u013ekosti pou\u017eite tabu\u013eky.<\/p>\n","protected":false},"excerpt":{"rendered":"<p>D\u00e1mske \u010dierne leg\u00edny s korzetom, vypasovan\u00e9, s trojstup\u0148ov\u00fdm zap\u00ednan\u00edm. Leg\u00edny s\u00fa ur\u010den\u00e9 na zmen\u0161enie obvodu p\u00e1sa maj\u00fa mierny saunov\u00fd efekt, ide\u00e1lny pre \u017eeny po p\u00f4rode, ktor\u00e9 sa chc\u00fa r\u00fdchlo dosta\u0165 sp\u00e4\u0165 do dokonalej formy. Vhodn\u00e9 na silov\u00fd tr\u00e9ning a crossfitov\u00e9 cvi\u010denia alebo aer\u00f3bne cvi\u010denia, ako je beh a joga. Korzet je pevn\u00fd, elastick\u00fd , leg\u00edny [&hellip;]<\/p>\n","protected":false},"featured_media":15413,"comment_status":"open","ping_status":"closed","template":"","meta":[],"product_brand":[],"product_cat":[313,148],"product_tag":[],"class_list":{"0":"post-34463","1":"product","2":"type-product","3":"status-publish","4":"has-post-thumbnail","6":"product_cat-damske-leginy-dlhe","7":"product_cat-damske-sportove-leginy","8":"pa_cviat-cierne","9":"pa_razmer-l-sk","10":"pa_razmer-m-sk-2","11":"pa_razmer-s-sk-2","12":"inventories-world","13":"inventories-pl","14":"inventories-uk","16":"first","17":"instock","18":"taxable","19":"shipping-taxable","20":"purchasable","21":"product-type-variable"},"_links":{"self":[{"href":"https:\/\/peach-pump.com\/en\/wp-json\/wp\/v2\/product\/34463","targetHints":{"allow":["GET"]}}],"collection":[{"href":"https:\/\/peach-pump.com\/en\/wp-json\/wp\/v2\/product"}],"about":[{"href":"https:\/\/peach-pump.com\/en\/wp-json\/wp\/v2\/types\/product"}],"replies":[{"embeddable":true,"href":"https:\/\/peach-pump.com\/en\/wp-json\/wp\/v2\/comments?post=34463"}],"version-history":[{"count":0,"href":"https:\/\/peach-pump.com\/en\/wp-json\/wp\/v2\/product\/34463\/revisions"}],"wp:featuredmedia":[{"embeddable":true,"href":"https:\/\/peach-pump.com\/en\/wp-json\/wp\/v2\/media\/15413"}],"wp:attachment":[{"href":"https:\/\/peach-pump.com\/en\/wp-json\/wp\/v2\/media?parent=34463"}],"wp:term":[{"taxonomy":"product_brand","embeddable":true,"href":"https:\/\/peach-pump.com\/en\/wp-json\/wp\/v2\/product_brand?post=34463"},{"taxonomy":"product_cat","embeddable":true,"href":"https:\/\/peach-pump.com\/en\/wp-json\/wp\/v2\/product_cat?post=34463"},{"taxonomy":"product_tag","embeddable":true,"href":"https:\/\/peach-pump.com\/en\/wp-json\/wp\/v2\/product_tag?post=34463"}],"curies":[{"name":"wp","href":"https:\/\/api.w.org\/{rel}","templated":true}]}}