{"id":34001,"date":"2022-09-25T11:03:28","date_gmt":"2022-09-25T11:03:28","guid":{"rendered":"https:\/\/peach-pump.com\/products\/bezsvova-sportova-podprsenka-v-tmavomodrej-farbe-so-vsitymi-vypchavkami\/"},"modified":"2026-04-04T23:01:39","modified_gmt":"2026-04-04T21:01:39","slug":"bezsvova-sportova-podprsenka-tmavomodra","status":"publish","type":"product","link":"https:\/\/peach-pump.com\/sk\/products\/bezsvova-sportova-podprsenka-tmavomodra\/","title":{"rendered":"Bez\u0161vov\u00e1 \u0161portov\u00e1 podprsenka v tmavomodrej farbe so v\u0161it\u00fdmi vypch\u00e1vkami"},"content":{"rendered":"<p>Bez\u0161vov\u00e1 \u0161portov\u00e1 podprsenka v tmavomodrej farbe so v\u0161it\u00fdmi vypch\u00e1vkami, ktor\u00e9 sa nedaj\u00fa vybra\u0165. Model je vyroben\u00fd z m\u00e4kkej, ve\u013emi pru\u017enej a priedu\u0161nej tkaniny, ktor\u00e1 odv\u00e1dza pot od tela. Podprsenka sa d\u00e1 nosi\u0165 aj pod oble\u010den\u00edm, jej dizajn je nen\u00e1padn\u00fd a vy budete c\u00edti\u0165 \u00fapln\u00e9 pohodlie a vo\u013enos\u0165 pohybu. Ve\u013ekos\u0165 je univerz\u00e1lna, m\u00e1 4 stupne zap\u00ednania a \u0161irok\u00fa gumu. Model je k dispoz\u00edcii v r\u00f4znych farb\u00e1ch, m\u00f4\u017eete ho kombinova\u0165 s leg\u00ednami rovnakej farby alebo in\u00fdmi. Pozrite si \u010das\u0165 &#8220;\u0160portov\u00e9 oble\u010denie&#8221;. <\/p>\n<ul>\n<li> V\u0161it\u00e9 vypch\u00e1vky<\/li>\n<li> Push-Up efekt<\/li>\n<li> Hlbok\u00fd rez cez chrb\u00e1t<\/li>\n<li> Ve\u013ek\u00e1 pru\u017enos\u0165<\/li>\n<li> \u0160tvorstup\u0148ov\u00e9 zap\u00ednanie<\/li>\n<li> Tepelne vytla\u010den\u00e9 Peach Pump logo na bo\u010dnej \u010dasti podprsenky<\/li>\n<li> Technol\u00f3gia odstra\u0148ovania potu<\/li>\n<\/ul>\n<p>  Zlo\u017eenie: 80% polyester 20% elastan Podprsenku mo\u017eno pra\u0165 pri teplote do 30 stup\u0148ov, pros\u00edm, nebie\u013ete a ne\u010distite chemicky.<br \/>\nModelka na fotografii je vysok\u00e1 178 cm, v\u00e1\u017ei 54 kg a p\u00f3zuje vo ve\u013ekosti M. Na v\u00fdber presnej ve\u013ekosti pou\u017eite pros\u00edm tabu\u013eky. <\/p>\n","protected":false},"excerpt":{"rendered":"<p>Bez\u0161vov\u00e1 \u0161portov\u00e1 podprsenka v tmavomodrej farbe so v\u0161it\u00fdmi vypch\u00e1vkami, ktor\u00e9 sa nedaj\u00fa vybra\u0165. Model je vyroben\u00fd z m\u00e4kkej, ve\u013emi pru\u017enej a priedu\u0161nej tkaniny, ktor\u00e1 odv\u00e1dza pot od tela. Podprsenka sa d\u00e1 nosi\u0165 aj pod oble\u010den\u00edm, jej dizajn je nen\u00e1padn\u00fd a vy budete c\u00edti\u0165 \u00fapln\u00e9 pohodlie a vo\u013enos\u0165 pohybu. Ve\u013ekos\u0165 je univerz\u00e1lna, m\u00e1 4 stupne zap\u00ednania [&hellip;]<\/p>\n","protected":false},"featured_media":20661,"comment_status":"open","ping_status":"closed","template":"","meta":[],"product_brand":[],"product_cat":[371],"product_tag":[],"class_list":{"0":"post-34001","1":"product","2":"type-product","3":"status-publish","4":"has-post-thumbnail","6":"product_cat-damske-sportovni-podprsenky","7":"pa_razmer-l-sk","8":"pa_razmer-m-sk-2","9":"pa_razmer-s-sk-2","10":"inventories-world","11":"inventories-pl","12":"inventories-uk","14":"first","15":"instock","16":"taxable","17":"shipping-taxable","18":"purchasable","19":"product-type-variable"},"_links":{"self":[{"href":"https:\/\/peach-pump.com\/en\/wp-json\/wp\/v2\/product\/34001","targetHints":{"allow":["GET"]}}],"collection":[{"href":"https:\/\/peach-pump.com\/en\/wp-json\/wp\/v2\/product"}],"about":[{"href":"https:\/\/peach-pump.com\/en\/wp-json\/wp\/v2\/types\/product"}],"replies":[{"embeddable":true,"href":"https:\/\/peach-pump.com\/en\/wp-json\/wp\/v2\/comments?post=34001"}],"version-history":[{"count":0,"href":"https:\/\/peach-pump.com\/en\/wp-json\/wp\/v2\/product\/34001\/revisions"}],"wp:featuredmedia":[{"embeddable":true,"href":"https:\/\/peach-pump.com\/en\/wp-json\/wp\/v2\/media\/20661"}],"wp:attachment":[{"href":"https:\/\/peach-pump.com\/en\/wp-json\/wp\/v2\/media?parent=34001"}],"wp:term":[{"taxonomy":"product_brand","embeddable":true,"href":"https:\/\/peach-pump.com\/en\/wp-json\/wp\/v2\/product_brand?post=34001"},{"taxonomy":"product_cat","embeddable":true,"href":"https:\/\/peach-pump.com\/en\/wp-json\/wp\/v2\/product_cat?post=34001"},{"taxonomy":"product_tag","embeddable":true,"href":"https:\/\/peach-pump.com\/en\/wp-json\/wp\/v2\/product_tag?post=34001"}],"curies":[{"name":"wp","href":"https:\/\/api.w.org\/{rel}","templated":true}]}}