{"id":33522,"date":"2023-03-01T20:40:52","date_gmt":"2023-03-01T18:40:52","guid":{"rendered":"https:\/\/peach-pump.com\/products\/damske-bezsvove-leginy-v-tmavoruzovej-koralovej-farbe\/"},"modified":"2026-04-05T21:26:12","modified_gmt":"2026-04-05T19:26:12","slug":"bezsvove-damske-leginy-tmavoruzove","status":"publish","type":"product","link":"https:\/\/peach-pump.com\/sk\/products\/bezsvove-damske-leginy-tmavoruzove\/","title":{"rendered":"D\u00e1mske bez\u0161vov\u00e9 leg\u00edny v tmavoru\u017eovej \/koralovej\/ farbe"},"content":{"rendered":"<p>Bez\u0161vov\u00e9 leg\u00edny s vysok\u00fdm p\u00e1som v tmavoru\u017eovej (koralovej) farbe. Model je vyroben\u00fd z elastickej, priedu\u0161nej tkaniny, dokonale tvaruje postavu s efektom Peach Pump. S\u00fa vhodn\u00e9 aj na silov\u00fd aj na aer\u00f3bny tr\u00e9ning. Leg\u00edny maj\u00fa \u0161irok\u00fd opasok, ktor\u00fd jemne obop\u00edna a modeluje p\u00e1s, s\u00fa k dispoz\u00edcii v nieko\u013ek\u00fdch kr\u00e1snych farb\u00e1ch. <\/p>\n<ul>\n<li> Vysok\u00fd p\u00e1s<\/li>\n<li> Bez\u0161vov\u00e1 tkanina<\/li>\n<li> Zdv\u00edha, tvaruje, zakr\u00fdva probl\u00e9mov\u00e9 oblasti<\/li>\n<li> Opasok obop\u00ednaj\u00faci p\u00e1s<\/li>\n<li> Peachy efekt<\/li>\n<li> Bez\u0161vov\u00e9 vpredu<\/li>\n<li> Tepelne vytla\u010den\u00e9 Peach Pump logo na zadnej strane leg\u00edn<\/li>\n<li> Technol\u00f3gia odstra\u0148ovania potu<\/li>\n<\/ul>\n<p>  Zlo\u017eenie 80% polyester 20% spandex Leg\u00edny mo\u017eno pra\u0165 pri teplote do 30 stup\u0148ov, pros\u00edm, nebielte ani ne\u010distite chemicky Modelka na obr\u00e1zku je vysok\u00e1 178 cm, v\u00e1\u017ei 54 kg a p\u00f3zuje vo ve\u013ekosti M (leg\u00edny s\u00fa z pevnej\u0161ej tkaniny) Na v\u00fdber presnej ve\u013ekosti pou\u017eite pros\u00edm tabu\u013eky  \t\t<div id=\"sbi_mod_error\" >\n\t\t\t<span>This error message is only visible to WordPress admins<\/span><br\/>\n\t\t\t<p><strong>Error: No connected account.<\/strong>\n\t\t\t<p>Please go to the Instagram Feed settings page to connect an account.<\/p>\n\t\t<\/div>\n\t\t<\/p>\n","protected":false},"excerpt":{"rendered":"<p>Bez\u0161vov\u00e9 leg\u00edny s vysok\u00fdm p\u00e1som v tmavoru\u017eovej (koralovej) farbe. Model je vyroben\u00fd z elastickej, priedu\u0161nej tkaniny, dokonale tvaruje postavu s efektom Peach Pump. S\u00fa vhodn\u00e9 aj na silov\u00fd aj na aer\u00f3bny tr\u00e9ning. Leg\u00edny maj\u00fa \u0161irok\u00fd opasok, ktor\u00fd jemne obop\u00edna a modeluje p\u00e1s, s\u00fa k dispoz\u00edcii v nieko\u013ek\u00fdch kr\u00e1snych farb\u00e1ch. Vysok\u00fd p\u00e1s Bez\u0161vov\u00e1 tkanina Zdv\u00edha, tvaruje, [&hellip;]<\/p>\n","protected":false},"featured_media":30500,"comment_status":"open","ping_status":"closed","template":"","meta":[],"product_brand":[],"product_cat":[148,313],"product_tag":[],"class_list":{"0":"post-33522","1":"product","2":"type-product","3":"status-publish","4":"has-post-thumbnail","6":"product_cat-damske-sportove-leginy","7":"product_cat-damske-leginy-dlhe","8":"pa_cviat-ruzovo","9":"pa_razmer-l-sk","10":"pa_razmer-m-sk-2","11":"pa_razmer-s-sk-2","12":"inventories-world","13":"inventories-pl","14":"inventories-uk","16":"first","17":"instock","18":"taxable","19":"shipping-taxable","20":"purchasable","21":"product-type-variable"},"_links":{"self":[{"href":"https:\/\/peach-pump.com\/en\/wp-json\/wp\/v2\/product\/33522","targetHints":{"allow":["GET"]}}],"collection":[{"href":"https:\/\/peach-pump.com\/en\/wp-json\/wp\/v2\/product"}],"about":[{"href":"https:\/\/peach-pump.com\/en\/wp-json\/wp\/v2\/types\/product"}],"replies":[{"embeddable":true,"href":"https:\/\/peach-pump.com\/en\/wp-json\/wp\/v2\/comments?post=33522"}],"version-history":[{"count":0,"href":"https:\/\/peach-pump.com\/en\/wp-json\/wp\/v2\/product\/33522\/revisions"}],"wp:featuredmedia":[{"embeddable":true,"href":"https:\/\/peach-pump.com\/en\/wp-json\/wp\/v2\/media\/30500"}],"wp:attachment":[{"href":"https:\/\/peach-pump.com\/en\/wp-json\/wp\/v2\/media?parent=33522"}],"wp:term":[{"taxonomy":"product_brand","embeddable":true,"href":"https:\/\/peach-pump.com\/en\/wp-json\/wp\/v2\/product_brand?post=33522"},{"taxonomy":"product_cat","embeddable":true,"href":"https:\/\/peach-pump.com\/en\/wp-json\/wp\/v2\/product_cat?post=33522"},{"taxonomy":"product_tag","embeddable":true,"href":"https:\/\/peach-pump.com\/en\/wp-json\/wp\/v2\/product_tag?post=33522"}],"curies":[{"name":"wp","href":"https:\/\/api.w.org\/{rel}","templated":true}]}}