{"id":33505,"date":"2023-03-02T15:06:18","date_gmt":"2023-03-02T13:06:18","guid":{"rendered":"https:\/\/peach-pump.com\/products\/damske-bezsvove-leginy-v-tmavozelenej-farbe\/"},"modified":"2026-04-04T13:59:37","modified_gmt":"2026-04-04T11:59:37","slug":"bezsvove-damske-leginy-tmavozelena-f","status":"publish","type":"product","link":"https:\/\/peach-pump.com\/sk\/products\/bezsvove-damske-leginy-tmavozelena-f\/","title":{"rendered":"D\u00e1mske bez\u0161vov\u00e9 leg\u00edny v tmavozelenej farbe"},"content":{"rendered":"<p>\u0160portov\u00e9, bez\u0161vov\u00e9 d\u00e1mske leg\u00edny v tmavozelenej farbe. Model je vyroben\u00fd z elastickej, priedu\u0161nej tkaniny, dokonale tvaruje postavu s efektom Peach Pump. S\u00fa vhodn\u00e9 aj na silov\u00fd aj na aer\u00f3bny tr\u00e9ning. Leg\u00edny maj\u00fa \u0161irok\u00fd opasok, ktor\u00fd jemne obop\u00edna a modeluje p\u00e1s, s\u00fa k dispoz\u00edcii v nieko\u013ek\u00fdch kr\u00e1snych farb\u00e1ch. <\/p>\n<ul>\n<li> Vysok\u00fd p\u00e1s<\/li>\n<li> Bez\u0161vov\u00e1 tkanina<\/li>\n<li> Zdv\u00edha, tvaruje, zakr\u00fdva probl\u00e9mov\u00e9 oblasti<\/li>\n<li> Opasok obop\u00ednaj\u00faci p\u00e1s<\/li>\n<li> Peachy efekt<\/li>\n<li> Bez\u0161vov\u00e9 vpredu<\/li>\n<li> Tepelne vytla\u010den\u00e9 Peach Pump logo na zadnej strane leg\u00edn<\/li>\n<li> Technol\u00f3gia odstra\u0148ovania potu<\/li>\n<\/ul>\n<p>  Zlo\u017eenie 80% polyester 20% spandex Leg\u00edny mo\u017eno pra\u0165 pri teplote do 30 stup\u0148ov, pros\u00edm, nebielte ani ne\u010distite chemicky Modelka na obr\u00e1zku je vysok\u00e1 178 cm, v\u00e1\u017ei 54 kg a p\u00f3zuje vo ve\u013ekosti M (leg\u00edny s\u00fa z pevnej\u0161ej tkaniny) Na v\u00fdber presnej ve\u013ekosti pou\u017eite pros\u00edm tabu\u013eky  \t\t<div id=\"sbi_mod_error\" >\n\t\t\t<span>This error message is only visible to WordPress admins<\/span><br\/>\n\t\t\t<p><strong>Error: No connected account.<\/strong>\n\t\t\t<p>Please go to the Instagram Feed settings page to connect an account.<\/p>\n\t\t<\/div>\n\t\t<\/p>\n","protected":false},"excerpt":{"rendered":"<p>\u0160portov\u00e9, bez\u0161vov\u00e9 d\u00e1mske leg\u00edny v tmavozelenej farbe. Model je vyroben\u00fd z elastickej, priedu\u0161nej tkaniny, dokonale tvaruje postavu s efektom Peach Pump. S\u00fa vhodn\u00e9 aj na silov\u00fd aj na aer\u00f3bny tr\u00e9ning. Leg\u00edny maj\u00fa \u0161irok\u00fd opasok, ktor\u00fd jemne obop\u00edna a modeluje p\u00e1s, s\u00fa k dispoz\u00edcii v nieko\u013ek\u00fdch kr\u00e1snych farb\u00e1ch. Vysok\u00fd p\u00e1s Bez\u0161vov\u00e1 tkanina Zdv\u00edha, tvaruje, zakr\u00fdva probl\u00e9mov\u00e9 [&hellip;]<\/p>\n","protected":false},"featured_media":30610,"comment_status":"open","ping_status":"closed","template":"","meta":[],"product_brand":[],"product_cat":[148,313],"product_tag":[],"class_list":{"0":"post-33505","1":"product","2":"type-product","3":"status-publish","4":"has-post-thumbnail","6":"product_cat-damske-sportove-leginy","7":"product_cat-damske-leginy-dlhe","8":"pa_cviat-zelene-sk","9":"pa_razmer-l-sk","10":"pa_razmer-m-sk-2","11":"pa_razmer-s-sk-2","12":"pa_razmer-xl-sk","13":"inventories-world","14":"inventories-pl","15":"inventories-uk","17":"first","18":"instock","19":"taxable","20":"shipping-taxable","21":"purchasable","22":"product-type-variable"},"_links":{"self":[{"href":"https:\/\/peach-pump.com\/sk\/wp-json\/wp\/v2\/product\/33505","targetHints":{"allow":["GET"]}}],"collection":[{"href":"https:\/\/peach-pump.com\/sk\/wp-json\/wp\/v2\/product"}],"about":[{"href":"https:\/\/peach-pump.com\/sk\/wp-json\/wp\/v2\/types\/product"}],"replies":[{"embeddable":true,"href":"https:\/\/peach-pump.com\/sk\/wp-json\/wp\/v2\/comments?post=33505"}],"version-history":[{"count":0,"href":"https:\/\/peach-pump.com\/sk\/wp-json\/wp\/v2\/product\/33505\/revisions"}],"wp:featuredmedia":[{"embeddable":true,"href":"https:\/\/peach-pump.com\/sk\/wp-json\/wp\/v2\/media\/30610"}],"wp:attachment":[{"href":"https:\/\/peach-pump.com\/sk\/wp-json\/wp\/v2\/media?parent=33505"}],"wp:term":[{"taxonomy":"product_brand","embeddable":true,"href":"https:\/\/peach-pump.com\/sk\/wp-json\/wp\/v2\/product_brand?post=33505"},{"taxonomy":"product_cat","embeddable":true,"href":"https:\/\/peach-pump.com\/sk\/wp-json\/wp\/v2\/product_cat?post=33505"},{"taxonomy":"product_tag","embeddable":true,"href":"https:\/\/peach-pump.com\/sk\/wp-json\/wp\/v2\/product_tag?post=33505"}],"curies":[{"name":"wp","href":"https:\/\/api.w.org\/{rel}","templated":true}]}}