{"id":33434,"date":"2022-12-17T11:24:43","date_gmt":"2022-12-17T09:24:43","guid":{"rendered":"https:\/\/peach-pump.com\/products\/sportova-podprsenka-s-vypchavkami-v-svetlozltej-farbe\/"},"modified":"2025-04-29T13:08:40","modified_gmt":"2025-04-29T11:08:40","slug":"sportova-podprsenka-s-vypchavkami-svetlozlta","status":"publish","type":"product","link":"https:\/\/peach-pump.com\/sk\/products\/sportova-podprsenka-s-vypchavkami-svetlozlta\/","title":{"rendered":"\u0160portov\u00e1 podprsenka s vypch\u00e1vkami v svetlo\u017eltej farbe"},"content":{"rendered":"<p>\u0160portov\u00e1 podprsenka s vypch\u00e1vkami v svetlo\u017eltej farbe &#8211; ban\u00e1n. Model m\u00e1 polstrovanie, ktor\u00e9 sa d\u00e1 odstr\u00e1ni\u0165, m\u00e1 popruh, ktor\u00fd prech\u00e1dza cez krk. V\u00fdstrih vpredu je obl\u00fakovit\u00fd. Tkanina podprsenky je ve\u013emi pru\u017en\u00e1, priedu\u0161n\u00e1 a nesp\u00f4sobuje potenie. Mo\u017eno ho kombinova\u0165 s r\u00f4znymi modelmi leg\u00edn alebo s rovnak\u00fdm modelom leg\u00edn &#8211; pozri v \u010dasti &#8220;\u0160portov\u00e9 oble\u010denie&#8221;.  <\/p>\n<ul>\n<li> Vypch\u00e1vky, ktor\u00e9 mo\u017eno odstr\u00e1ni\u0165<\/li>\n<li> Push-Up efekt<\/li>\n<li> Hlbok\u00fd rez cez chrb\u00e1t<\/li>\n<li> Ve\u013ek\u00e1 pru\u017enos\u0165<\/li>\n<li> Tepelne vytla\u010den\u00e9 Peach Pump logo na bo\u010dnej \u010dasti podprsenky<\/li>\n<li> Technol\u00f3gia odstra\u0148ovania potu<\/li>\n<\/ul>\n<p> Zlo\u017eenie: 80% polyester, 20% spandex. Podprsenku je mo\u017en\u00e9 pra\u0165 pri teplote do 30\u00b0C. Nepou\u017e\u00edva\u0165 bielenie alebo chemick\u00e9 \u010distenie. Modelka na obr\u00e1zku je vysok\u00e1 178 cm, v\u00e1\u017ei 54 kg a p\u00f3zuje vo ve\u013ekosti S. Na v\u00fdber presnej ve\u013ekosti pou\u017eite pros\u00edm tabu\u013eku ve\u013ekost\u00ed.  &nbsp;<\/p>\n","protected":false},"excerpt":{"rendered":"<p>\u0160portov\u00e1 podprsenka s vypch\u00e1vkami v svetlo\u017eltej farbe &#8211; ban\u00e1n. Model m\u00e1 polstrovanie, ktor\u00e9 sa d\u00e1 odstr\u00e1ni\u0165, m\u00e1 popruh, ktor\u00fd prech\u00e1dza cez krk. V\u00fdstrih vpredu je obl\u00fakovit\u00fd. Tkanina podprsenky je ve\u013emi pru\u017en\u00e1, priedu\u0161n\u00e1 a nesp\u00f4sobuje potenie. Mo\u017eno ho kombinova\u0165 s r\u00f4znymi modelmi leg\u00edn alebo s rovnak\u00fdm modelom leg\u00edn &#8211; pozri v \u010dasti &#8220;\u0160portov\u00e9 oble\u010denie&#8221;. Vypch\u00e1vky, ktor\u00e9 [&hellip;]<\/p>\n","protected":false},"featured_media":25383,"comment_status":"open","ping_status":"closed","template":"","meta":[],"product_brand":[],"product_cat":[371],"product_tag":[],"class_list":{"0":"post-33434","1":"product","2":"type-product","3":"status-publish","4":"has-post-thumbnail","6":"product_cat-damske-sportovni-podprsenky","7":"pa_cviat-zlt","8":"pa_razmer-l-sk","9":"pa_razmer-m-sk-2","10":"pa_razmer-s-sk-2","11":"inventories-world","12":"inventories-uk","14":"first","15":"instock","16":"taxable","17":"shipping-taxable","18":"purchasable","19":"product-type-variable"},"_links":{"self":[{"href":"https:\/\/peach-pump.com\/en\/wp-json\/wp\/v2\/product\/33434","targetHints":{"allow":["GET"]}}],"collection":[{"href":"https:\/\/peach-pump.com\/en\/wp-json\/wp\/v2\/product"}],"about":[{"href":"https:\/\/peach-pump.com\/en\/wp-json\/wp\/v2\/types\/product"}],"replies":[{"embeddable":true,"href":"https:\/\/peach-pump.com\/en\/wp-json\/wp\/v2\/comments?post=33434"}],"version-history":[{"count":0,"href":"https:\/\/peach-pump.com\/en\/wp-json\/wp\/v2\/product\/33434\/revisions"}],"wp:featuredmedia":[{"embeddable":true,"href":"https:\/\/peach-pump.com\/en\/wp-json\/wp\/v2\/media\/25383"}],"wp:attachment":[{"href":"https:\/\/peach-pump.com\/en\/wp-json\/wp\/v2\/media?parent=33434"}],"wp:term":[{"taxonomy":"product_brand","embeddable":true,"href":"https:\/\/peach-pump.com\/en\/wp-json\/wp\/v2\/product_brand?post=33434"},{"taxonomy":"product_cat","embeddable":true,"href":"https:\/\/peach-pump.com\/en\/wp-json\/wp\/v2\/product_cat?post=33434"},{"taxonomy":"product_tag","embeddable":true,"href":"https:\/\/peach-pump.com\/en\/wp-json\/wp\/v2\/product_tag?post=33434"}],"curies":[{"name":"wp","href":"https:\/\/api.w.org\/{rel}","templated":true}]}}