{"id":33417,"date":"2022-07-03T09:38:20","date_gmt":"2022-07-03T07:38:20","guid":{"rendered":"https:\/\/peach-pump.com\/products\/bezsvove-modre-leginy-s-vysokym-pasom\/"},"modified":"2025-02-08T16:47:52","modified_gmt":"2025-02-08T14:47:52","slug":"bezsvove-modre-leginy-vysoky-pas-fitness","status":"publish","type":"product","link":"https:\/\/peach-pump.com\/sk\/products\/bezsvove-modre-leginy-vysoky-pas-fitness\/","title":{"rendered":"Bez\u0161vov\u00e9 modr\u00e9 leg\u00edny s vysok\u00fdm p\u00e1som"},"content":{"rendered":"<p>Bez\u0161vov\u00fd modr\u00e9 leg\u00edny s mramorov\u00fdm efektom. Leg\u00edny s\u00fa vytvoren\u00e9 z v\u00fdnimo\u010dne elastickej bez\u0161vovej tkaniny so \u0161irok\u00fdm p\u00e1som, ktor\u00fd obop\u00edna a stabilizuje p\u00e1s po\u010das cvi\u010denia. Vhodn\u00e9 na kondi\u010dn\u00fd tr\u00e9ning, beh, jogu a in\u00e9. Ak h\u013ead\u00e1te tvaruj\u00face leg\u00edny, v ktor\u00fdch sa budete c\u00edti\u0165 pohodlne a komfortne, toto je ten spr\u00e1vny model. Maj\u00fa n\u00e1\u0161 ob\u013e\u00faben\u00fd Peach efekt, s\u00fa priedu\u0161n\u00e9 a dokonale tvaruj\u00fa telo. Daj\u00fa sa kombinova\u0165 s podprsenkou v rovnakej farbe, pozrite si s\u00fapravy na na\u0161ej str\u00e1nke.<\/p>\n<ul>\n<li>Vysok\u00fd p\u00e1s<\/li>\n<li>Bez\u0161vov\u00e1 tkanina<\/li>\n<li>Zdv\u00edha, tvaruje, zakr\u00fdva probl\u00e9mov\u00e9 oblasti<\/li>\n<li>Opasok obop\u00ednaj\u00faci p\u00e1s<\/li>\n<li>Peachy efekt<\/li>\n<li>Bez\u0161vov\u00e9 vpredu<\/li>\n<li>Tepelne vytla\u010den\u00e9 Peach Pump logo na zadnej strane leg\u00edn<\/li>\n<li>Tkanina na odstra\u0148ovanie potu<\/li>\n<\/ul>\n<p>Zlo\u017eenie 80% polyester 20% spandex<\/p>\n<p>Leg\u00edny je mo\u017en\u00e9 pra\u0165 pri teplote do 30 \u00b0C. Nepou\u017e\u00edva\u0165 bielenie alebo chemick\u00e9 \u010distenie.<\/p>\n<p>Modelka na obr\u00e1zku je vysok\u00e1 178 cm, v\u00e1\u017ei 54 kg a p\u00f3zuje vo ve\u013ekosti M.<\/p>\n<p>Na v\u00fdber presnej ve\u013ekosti pou\u017eite tabu\u013eky.<\/p>\n","protected":false},"excerpt":{"rendered":"<p>Bez\u0161vov\u00fd modr\u00e9 leg\u00edny s mramorov\u00fdm efektom. Leg\u00edny s\u00fa vytvoren\u00e9 z v\u00fdnimo\u010dne elastickej bez\u0161vovej tkaniny so \u0161irok\u00fdm p\u00e1som, ktor\u00fd obop\u00edna a stabilizuje p\u00e1s po\u010das cvi\u010denia. Vhodn\u00e9 na kondi\u010dn\u00fd tr\u00e9ning, beh, jogu a in\u00e9. Ak h\u013ead\u00e1te tvaruj\u00face leg\u00edny, v ktor\u00fdch sa budete c\u00edti\u0165 pohodlne a komfortne, toto je ten spr\u00e1vny model. Maj\u00fa n\u00e1\u0161 ob\u013e\u00faben\u00fd Peach efekt, s\u00fa [&hellip;]<\/p>\n","protected":false},"featured_media":14616,"comment_status":"open","ping_status":"closed","template":"","meta":[],"product_brand":[],"product_cat":[313,148],"product_tag":[],"class_list":{"0":"post-33417","1":"product","2":"type-product","3":"status-publish","4":"has-post-thumbnail","6":"product_cat-damske-leginy-dlhe","7":"product_cat-damske-sportove-leginy","8":"pa_cviat-modr-sk","9":"pa_razmer-m-sk-2","10":"pa_razmer-s-sk-2","11":"inventories-world","13":"first","14":"instock","15":"sale","16":"taxable","17":"shipping-taxable","18":"purchasable","19":"product-type-variable"},"_links":{"self":[{"href":"https:\/\/peach-pump.com\/en\/wp-json\/wp\/v2\/product\/33417","targetHints":{"allow":["GET"]}}],"collection":[{"href":"https:\/\/peach-pump.com\/en\/wp-json\/wp\/v2\/product"}],"about":[{"href":"https:\/\/peach-pump.com\/en\/wp-json\/wp\/v2\/types\/product"}],"replies":[{"embeddable":true,"href":"https:\/\/peach-pump.com\/en\/wp-json\/wp\/v2\/comments?post=33417"}],"version-history":[{"count":0,"href":"https:\/\/peach-pump.com\/en\/wp-json\/wp\/v2\/product\/33417\/revisions"}],"wp:featuredmedia":[{"embeddable":true,"href":"https:\/\/peach-pump.com\/en\/wp-json\/wp\/v2\/media\/14616"}],"wp:attachment":[{"href":"https:\/\/peach-pump.com\/en\/wp-json\/wp\/v2\/media?parent=33417"}],"wp:term":[{"taxonomy":"product_brand","embeddable":true,"href":"https:\/\/peach-pump.com\/en\/wp-json\/wp\/v2\/product_brand?post=33417"},{"taxonomy":"product_cat","embeddable":true,"href":"https:\/\/peach-pump.com\/en\/wp-json\/wp\/v2\/product_cat?post=33417"},{"taxonomy":"product_tag","embeddable":true,"href":"https:\/\/peach-pump.com\/en\/wp-json\/wp\/v2\/product_tag?post=33417"}],"curies":[{"name":"wp","href":"https:\/\/api.w.org\/{rel}","templated":true}]}}