{"id":33200,"date":"2023-01-07T10:14:21","date_gmt":"2023-01-07T08:14:21","guid":{"rendered":"https:\/\/peach-pump.com\/products\/bezsvove-sportove-leginy-v-grafitovej-a-ciernej-farbe\/"},"modified":"2025-06-21T14:25:33","modified_gmt":"2025-06-21T12:25:33","slug":"bezsvove-damske-leginy-grafitove-cierne","status":"publish","type":"product","link":"https:\/\/peach-pump.com\/sk\/products\/bezsvove-damske-leginy-grafitove-cierne\/","title":{"rendered":"Bez\u0161vov\u00e9 \u0161portov\u00e9 leg\u00edny v grafitovej a \u010diernej farbe"},"content":{"rendered":"<p>D\u00e1mske bez\u0161vov\u00e9 leg\u00edny v grafitovej a \u010diernej farbe so zauj\u00edmav\u00fdm dizajnom. Leg\u00edny s\u00fa vytvoren\u00e9 z ve\u013emi elastickej, priedu\u0161nej tkaniny, ktor\u00e1 odv\u00e1dza pot od tela a nezanech\u00e1va \u0161kvrny. Model m\u00e1 vysok\u00fd p\u00e1s, \u0161irok\u00fd opasok a n\u00e1\u0161 ob\u013e\u00faben\u00fd brosky\u0148ov\u00fd efekt. Do t\u00fdchto leg\u00edn sa zamilujete, stoja kr\u00e1sne obopnut\u00e9 a tvarovan\u00e9. Daj\u00fa sa kombinova\u0165 s \u010diernymi bustrami, bl\u00fazkami alebo sakami, pozrite si ponuky na na\u0161ej webovej str\u00e1nke.  <\/p>\n<ul>\n<li>Vysok\u00fd p\u00e1s<\/li>\n<li>Bez\u0161vov\u00e1 tkanina<\/li>\n<li>Zdv\u00edha, tvaruje, zakr\u00fdva probl\u00e9mov\u00e9 oblasti<\/li>\n<li>Peachy efekt<\/li>\n<li>Bez\u0161vov\u00e9 vpredu<\/li>\n<li>Tepelne vytla\u010den\u00e9 Peach Pump logo na zadnej strane leg\u00edn<\/li>\n<li>Technol\u00f3gia odstra\u0148ovania potu<\/li>\n<\/ul>\n<p> Zlo\u017eenie: 80% polyester, 20% spandex. Leg\u00edny je mo\u017en\u00e9 pra\u0165 pri teplote do 30 \u00b0C. Nepou\u017e\u00edva\u0165 bielenie alebo chemick\u00e9 \u010distenie. Modelka na fotografii je vysok\u00e1 178 cm, v\u00e1\u017ei 54 kg a p\u00f3zuje vo ve\u013ekosti M.<\/p>\n","protected":false},"excerpt":{"rendered":"<p>D\u00e1mske bez\u0161vov\u00e9 leg\u00edny v grafitovej a \u010diernej farbe so zauj\u00edmav\u00fdm dizajnom. Leg\u00edny s\u00fa vytvoren\u00e9 z ve\u013emi elastickej, priedu\u0161nej tkaniny, ktor\u00e1 odv\u00e1dza pot od tela a nezanech\u00e1va \u0161kvrny. Model m\u00e1 vysok\u00fd p\u00e1s, \u0161irok\u00fd opasok a n\u00e1\u0161 ob\u013e\u00faben\u00fd brosky\u0148ov\u00fd efekt. Do t\u00fdchto leg\u00edn sa zamilujete, stoja kr\u00e1sne obopnut\u00e9 a tvarovan\u00e9. Daj\u00fa sa kombinova\u0165 s \u010diernymi bustrami, bl\u00fazkami [&hellip;]<\/p>\n","protected":false},"featured_media":28117,"comment_status":"open","ping_status":"closed","template":"","meta":[],"product_brand":[],"product_cat":[313,148],"product_tag":[],"class_list":{"0":"post-33200","1":"product","2":"type-product","3":"status-publish","4":"has-post-thumbnail","6":"product_cat-damske-leginy-dlhe","7":"product_cat-damske-sportove-leginy","8":"pa_cviat-grafitove-cierne","9":"pa_razmer-l-sk","10":"pa_razmer-m-sk-2","11":"pa_razmer-s-sk-2","12":"inventories-world","13":"inventories-uk","15":"first","16":"instock","17":"taxable","18":"shipping-taxable","19":"purchasable","20":"product-type-variable"},"_links":{"self":[{"href":"https:\/\/peach-pump.com\/en\/wp-json\/wp\/v2\/product\/33200","targetHints":{"allow":["GET"]}}],"collection":[{"href":"https:\/\/peach-pump.com\/en\/wp-json\/wp\/v2\/product"}],"about":[{"href":"https:\/\/peach-pump.com\/en\/wp-json\/wp\/v2\/types\/product"}],"replies":[{"embeddable":true,"href":"https:\/\/peach-pump.com\/en\/wp-json\/wp\/v2\/comments?post=33200"}],"version-history":[{"count":0,"href":"https:\/\/peach-pump.com\/en\/wp-json\/wp\/v2\/product\/33200\/revisions"}],"wp:featuredmedia":[{"embeddable":true,"href":"https:\/\/peach-pump.com\/en\/wp-json\/wp\/v2\/media\/28117"}],"wp:attachment":[{"href":"https:\/\/peach-pump.com\/en\/wp-json\/wp\/v2\/media?parent=33200"}],"wp:term":[{"taxonomy":"product_brand","embeddable":true,"href":"https:\/\/peach-pump.com\/en\/wp-json\/wp\/v2\/product_brand?post=33200"},{"taxonomy":"product_cat","embeddable":true,"href":"https:\/\/peach-pump.com\/en\/wp-json\/wp\/v2\/product_cat?post=33200"},{"taxonomy":"product_tag","embeddable":true,"href":"https:\/\/peach-pump.com\/en\/wp-json\/wp\/v2\/product_tag?post=33200"}],"curies":[{"name":"wp","href":"https:\/\/api.w.org\/{rel}","templated":true}]}}