{"id":33188,"date":"2023-01-14T12:25:32","date_gmt":"2023-01-14T10:25:32","guid":{"rendered":"https:\/\/peach-pump.com\/products\/damske-leginy-v-svetlo-fialovej-farbe-s-bielymi-pruhmi-a-zdvihacim-efektom\/"},"modified":"2025-07-18T13:23:39","modified_gmt":"2025-07-18T11:23:39","slug":"svetlo-fialove-leginy-s-tvarovacim-efektom","status":"publish","type":"product","link":"https:\/\/peach-pump.com\/sk\/products\/svetlo-fialove-leginy-s-tvarovacim-efektom\/","title":{"rendered":"D\u00e1mske leg\u00edny v svetlo fialovej farbe s bielymi pruhmi a zdv\u00edhac\u00edm efektom"},"content":{"rendered":"<p>Bez\u0161vov\u00e9, svetlo fialov\u00e9 leg\u00edny s tvarovac\u00edm efektom a zauj\u00edmav\u00fdm sexy vzorom dlh\u00fdch pono\u017eiek. Vysok\u00fd p\u00e1s, obop\u00ednaj\u00faci p\u00e1s a opasok na upevnenie p\u00e1su. Model dokonale tvaruje telo v\u010faka efektu Peach Pump. S t\u00fdmto modelom klinu nem\u00f4\u017eete zosta\u0165 bez pov\u0161imnutia.  <\/p>\n<ul>\n<li>Vysok\u00fd p\u00e1s<\/li>\n<li>Bez\u0161vov\u00e1 tkanina<\/li>\n<li>Zdv\u00edha, tvaruje, zakr\u00fdva probl\u00e9mov\u00e9 oblasti<\/li>\n<li>Peachy efekt<\/li>\n<li>Bez\u0161vov\u00e9 vpredu<\/li>\n<li>Tepelne vytla\u010den\u00e9 Peach Pump logo na zadnej strane leg\u00edn<\/li>\n<li>Technol\u00f3gia odstra\u0148ovania potu<\/li>\n<\/ul>\n<p>  Zlo\u017eenie: 80% polyester 20% spandex \u00daplet mo\u017eno pra\u0165 pri teplote do 30 stup\u0148ov, pros\u00edm, nebielte ani ne\u010distite chemicky.<br \/>\nModelka na fotografii je vysok\u00e1 178 cm, v\u00e1\u017ei 54 kg a p\u00f3zuje vo ve\u013ekosti M. Na v\u00fdber presnej ve\u013ekosti pou\u017eite pros\u00edm tabu\u013eky. <\/p>\n","protected":false},"excerpt":{"rendered":"<p>Bez\u0161vov\u00e9, svetlo fialov\u00e9 leg\u00edny s tvarovac\u00edm efektom a zauj\u00edmav\u00fdm sexy vzorom dlh\u00fdch pono\u017eiek. Vysok\u00fd p\u00e1s, obop\u00ednaj\u00faci p\u00e1s a opasok na upevnenie p\u00e1su. Model dokonale tvaruje telo v\u010faka efektu Peach Pump. S t\u00fdmto modelom klinu nem\u00f4\u017eete zosta\u0165 bez pov\u0161imnutia. Vysok\u00fd p\u00e1s Bez\u0161vov\u00e1 tkanina Zdv\u00edha, tvaruje, zakr\u00fdva probl\u00e9mov\u00e9 oblasti Peachy efekt Bez\u0161vov\u00e9 vpredu Tepelne vytla\u010den\u00e9 Peach Pump [&hellip;]<\/p>\n","protected":false},"featured_media":26530,"comment_status":"open","ping_status":"closed","template":"","meta":[],"product_brand":[],"product_cat":[313,148],"product_tag":[],"class_list":{"0":"post-33188","1":"product","2":"type-product","3":"status-publish","4":"has-post-thumbnail","6":"product_cat-damske-leginy-dlhe","7":"product_cat-damske-sportove-leginy","8":"pa_cviat-fialova-sk","9":"pa_razmer-m-sk-2","10":"pa_razmer-s-sk-2","11":"inventories-world","12":"inventories-uk","14":"first","15":"instock","16":"sale","17":"taxable","18":"shipping-taxable","19":"purchasable","20":"product-type-variable"},"_links":{"self":[{"href":"https:\/\/peach-pump.com\/sk\/wp-json\/wp\/v2\/product\/33188","targetHints":{"allow":["GET"]}}],"collection":[{"href":"https:\/\/peach-pump.com\/sk\/wp-json\/wp\/v2\/product"}],"about":[{"href":"https:\/\/peach-pump.com\/sk\/wp-json\/wp\/v2\/types\/product"}],"replies":[{"embeddable":true,"href":"https:\/\/peach-pump.com\/sk\/wp-json\/wp\/v2\/comments?post=33188"}],"version-history":[{"count":0,"href":"https:\/\/peach-pump.com\/sk\/wp-json\/wp\/v2\/product\/33188\/revisions"}],"wp:featuredmedia":[{"embeddable":true,"href":"https:\/\/peach-pump.com\/sk\/wp-json\/wp\/v2\/media\/26530"}],"wp:attachment":[{"href":"https:\/\/peach-pump.com\/sk\/wp-json\/wp\/v2\/media?parent=33188"}],"wp:term":[{"taxonomy":"product_brand","embeddable":true,"href":"https:\/\/peach-pump.com\/sk\/wp-json\/wp\/v2\/product_brand?post=33188"},{"taxonomy":"product_cat","embeddable":true,"href":"https:\/\/peach-pump.com\/sk\/wp-json\/wp\/v2\/product_cat?post=33188"},{"taxonomy":"product_tag","embeddable":true,"href":"https:\/\/peach-pump.com\/sk\/wp-json\/wp\/v2\/product_tag?post=33188"}],"curies":[{"name":"wp","href":"https:\/\/api.w.org\/{rel}","templated":true}]}}