{"id":27345,"date":"2022-06-15T14:51:03","date_gmt":"2022-06-15T12:51:03","guid":{"rendered":"https:\/\/peach-pump.com\/products\/cierna-sportova-bluzka-s-vypchavkami-a-krizom-na-chrbte\/"},"modified":"2024-09-05T09:20:43","modified_gmt":"2024-09-05T07:20:43","slug":"cierny-sportovy-top-vypchavky","status":"publish","type":"product","link":"https:\/\/peach-pump.com\/sk\/products\/cierny-sportovy-top-vypchavky\/","title":{"rendered":"\u010cierny \u0161portov\u00fd top s vypch\u00e1vkami a skr\u00ed\u017een\u00fdmi ramienkami na chrbte"},"content":{"rendered":"<p>M\u00f3dny \u010dierny \u0161portov\u00fd top vytvoren\u00fd z ve\u013emi elastickej tkaniny. Model m\u00e1 efektne skr\u00ed\u017een\u00e9 ramienka na chrbte a pevn\u00e9 vypch\u00e1vky typu podrpsenky, ktor\u00e9 dokonale dr\u017eia a tvaruj\u00fa va\u0161e poprsie. Spodn\u00e1 \u010das\u0165 chrbtov\u00e9ho p\u00e1su je vypracovan\u00e1 s piatimi horizont\u00e1lnymi pruhmi pre v\u00e4\u010d\u0161ie pohodlie a modern\u00fd vzh\u013ead. Nesp\u00f4sobuje \u0161kvrny pri poten\u00ed. S t\u00fdmto modelom sa budete c\u00edti\u0165 pohodlne a kr\u00e1sne po\u010das cvi\u010denia, \u010di u\u017e ide o jogu, posil\u0148ov\u0148u alebo outdoorov\u00e9 \u0161porty.<\/p>\n<ul>\n<li>V\u0161it\u00e9 pevn\u00e9 vypch\u00e1vaky s zdv\u00edhaj\u00facim efektom<\/li>\n<li>Skr\u00ed\u017een\u00e9 ramienka na chrbte<\/li>\n<li>Ve\u013ek\u00e1 pru\u017enos\u0165<\/li>\n<li>Tepelne vytla\u010den\u00e9 Peach Pump logo na ramene<\/li>\n<li>Technol\u00f3gia odstra\u0148ovania potu<\/li>\n<\/ul>\n<p>Zlo\u017eenie: 80% polyester, 20% spandex<\/p>\n<p>Top je mo\u017en\u00e9 pra\u0165 pri teplote do 30 \u00b0C. Nepou\u017e\u00edva\u0165 bielenie alebo chemick\u00e9 \u010distenie.<\/p>\n<p>Modelka na obr\u00e1zku je vysok\u00e1 178 cm, v\u00e1\u017ei 54 kg a p\u00f3zuje vo ve\u013ekosti M.<\/p>\n<p>Na v\u00fdber presnej ve\u013ekosti pou\u017eite tabu\u013eky.<\/p>\n","protected":false},"excerpt":{"rendered":"<p>M\u00f3dny \u010dierny \u0161portov\u00fd top vytvoren\u00fd z ve\u013emi elastickej tkaniny. Model m\u00e1 efektne skr\u00ed\u017een\u00e9 ramienka na chrbte a pevn\u00e9 vypch\u00e1vky typu podrpsenky, ktor\u00e9 dokonale dr\u017eia a tvaruj\u00fa va\u0161e poprsie. Spodn\u00e1 \u010das\u0165 chrbtov\u00e9ho p\u00e1su je vypracovan\u00e1 s piatimi horizont\u00e1lnymi pruhmi pre v\u00e4\u010d\u0161ie pohodlie a modern\u00fd vzh\u013ead. Nesp\u00f4sobuje \u0161kvrny pri poten\u00ed. S t\u00fdmto modelom sa budete c\u00edti\u0165 pohodlne [&hellip;]<\/p>\n","protected":false},"featured_media":18467,"comment_status":"open","ping_status":"closed","template":"","meta":[],"product_brand":[],"product_cat":[370],"product_tag":[],"class_list":{"0":"post-27345","1":"product","2":"type-product","3":"status-publish","4":"has-post-thumbnail","6":"product_cat-damske-sportove-bluzky","7":"pa_cviat-cierne","8":"pa_razmer-l-sk","9":"pa_razmer-m-sk-2","10":"pa_razmer-s-sk-2","11":"inventories-world","13":"first","14":"instock","15":"taxable","16":"shipping-taxable","17":"purchasable","18":"product-type-variable"},"_links":{"self":[{"href":"https:\/\/peach-pump.com\/sk\/wp-json\/wp\/v2\/product\/27345","targetHints":{"allow":["GET"]}}],"collection":[{"href":"https:\/\/peach-pump.com\/sk\/wp-json\/wp\/v2\/product"}],"about":[{"href":"https:\/\/peach-pump.com\/sk\/wp-json\/wp\/v2\/types\/product"}],"replies":[{"embeddable":true,"href":"https:\/\/peach-pump.com\/sk\/wp-json\/wp\/v2\/comments?post=27345"}],"version-history":[{"count":0,"href":"https:\/\/peach-pump.com\/sk\/wp-json\/wp\/v2\/product\/27345\/revisions"}],"wp:featuredmedia":[{"embeddable":true,"href":"https:\/\/peach-pump.com\/sk\/wp-json\/wp\/v2\/media\/18467"}],"wp:attachment":[{"href":"https:\/\/peach-pump.com\/sk\/wp-json\/wp\/v2\/media?parent=27345"}],"wp:term":[{"taxonomy":"product_brand","embeddable":true,"href":"https:\/\/peach-pump.com\/sk\/wp-json\/wp\/v2\/product_brand?post=27345"},{"taxonomy":"product_cat","embeddable":true,"href":"https:\/\/peach-pump.com\/sk\/wp-json\/wp\/v2\/product_cat?post=27345"},{"taxonomy":"product_tag","embeddable":true,"href":"https:\/\/peach-pump.com\/sk\/wp-json\/wp\/v2\/product_tag?post=27345"}],"curies":[{"name":"wp","href":"https:\/\/api.w.org\/{rel}","templated":true}]}}