{"id":147650,"date":"2026-04-25T07:38:22","date_gmt":"2026-04-25T05:38:22","guid":{"rendered":"https:\/\/peach-pump.com\/?post_type=product&p=147650"},"modified":"2026-04-28T22:17:24","modified_gmt":"2026-04-28T20:17:24","slug":"cierne-sportove-leginy-peach-pump-s-3d-tvarovacim-svom","status":"publish","type":"product","link":"https:\/\/peach-pump.com\/sk\/products\/cierne-sportove-leginy-peach-pump-s-3d-tvarovacim-svom\/","title":{"rendered":"\u010cierne \u0161portov\u00e9 leg\u00edny Peach Pump s 3D tvarovac\u00edm \u0161vom"},"content":{"rendered":"<p class=\"p1\"><span class=\"s2\">D\u00e1mske \u0161portov\u00e9 leg\u00edny v \u010diernej farbe, vhodn\u00e9 na ka\u017ed\u00e9 ro\u010dn\u00e9 obdobie. Model je vyroben\u00fd z m\u00e4kkej a elastickej tkaniny, ktor\u00e1 nezadr\u017eiava vlhkos\u0165 na tele a poskytuje pohodlie, \u013eahkos\u0165 a vo\u013enos\u0165 pohybu.   <\/span><span class=\"s2\">Leg\u00edny maj\u00fa stredne vysok\u00fd p\u00e1s, ktor\u00fd sa za\u0165ahuje a tvaruje, \u010d\u00edm vytv\u00e1ra pocit pevnej a tvarovanej siluety. \u00da\u010dinn\u00e9  <\/span><span class=\"s1\">3D \u0161vy<\/span><span class=\"s2\"> opticky predl\u017euj\u00fa postavu, zv\u00fdraz\u0148uj\u00fa krivky a vytv\u00e1raj\u00fa optick\u00fa il\u00faziu men\u0161ieho p\u00e1su a typu postavy <\/span><span class=\"s1\">pres\u00fdpacie hodiny<\/span><span class=\"s2\">. Leg\u00edny s\u00fa<\/span><span class=\"s2\"> k dispoz\u00edcii vo viacer\u00fdch farb\u00e1ch a mo\u017eno ho skombinova\u0165 s podprsenkou v rovnakej farbe, aby ste z\u00edskali kompletn\u00fd \u0161portov\u00fd vzh\u013ead Peach Pump.<\/span><\/p>\n<p class=\"p1\"><span class=\"s2\">Hodia sa na tr\u00e9ningy aj modern\u00fd le\u017e\u00e9rny vzh\u013ead, s\u00fa navrhnut\u00e9 tak, aby zv\u00fdraznili \u017eenskos\u0165, tvarovali siluetu a od prv\u00e9ho okamihu pri\u0165ahovali poh\u013eady. <\/span><\/p>\n<ul class=\"ul1\">\n<li class=\"li1\"><span class=\"s2\">M\u00e4kk\u00e1 tkanina, ktor\u00e1 nezadr\u017eiava vlhkos\u0165 v tele.<\/span><\/li>\n<li class=\"li1\"><span class=\"s2\">Vysok\u00fd p\u00e1s pre priliehav\u00fa a tvarovan\u00fa siluetu.<\/span><\/li>\n<li class=\"li1\"><span class=\"s2\">3D \u0161vy, ktor\u00e9 opticky predl\u017euj\u00fa postavu pres\u00fdpac\u00edch hod\u00edn<\/span><\/li>\n<li class=\"li1\"><span class=\"s2\">Tepelne vytla\u010den\u00e9 logo Peach Pump na prednej strane<\/span><\/li>\n<li class=\"li1\"><span class=\"s2\">Elastick\u00fd a pohodln\u00fd strih<\/span><\/li>\n<li class=\"li1\"><span class=\"s2\">Sexy, modern\u00fd dizajn<\/span><\/li>\n<li class=\"li1\"><span class=\"s2\">Mo\u017eno kombinova\u0165 s podprsenkou v rovnakej farbe<\/span><\/li>\n<\/ul>\n<p>Leg\u00edny je mo\u017en\u00e9 pra\u0165 pri teplote do 30 stup\u0148ov, nepou\u017e\u00edvajte bielidl\u00e1 ani chemick\u00e9 \u010distenie.<\/p>\n<p>Modelka na obr\u00e1zku je vysok\u00e1 170 cm a v\u00e1\u017ei 53 kg a p\u00f3zuje vo ve\u013ekosti S.<\/p>\n<p>Na v\u00fdber presnej ve\u013ekosti pou\u017eite tabu\u013eky.<\/p>\n<p>90% nylon 10% elastan<\/p>\n","protected":false},"excerpt":{"rendered":"<p>D\u00e1mske \u0161portov\u00e9 leg\u00edny v \u010diernej farbe, vhodn\u00e9 na ka\u017ed\u00e9 ro\u010dn\u00e9 obdobie. Model je vyroben\u00fd z m\u00e4kkej a elastickej tkaniny, ktor\u00e1 nezadr\u017eiava vlhkos\u0165 na tele a poskytuje pohodlie, \u013eahkos\u0165 a vo\u013enos\u0165 pohybu. Leg\u00edny maj\u00fa stredne vysok\u00fd p\u00e1s, ktor\u00fd sa za\u0165ahuje a tvaruje, \u010d\u00edm vytv\u00e1ra pocit pevnej a tvarovanej siluety. \u00da\u010dinn\u00e9 3D \u0161vy opticky predl\u017euj\u00fa postavu, zv\u00fdraz\u0148uj\u00fa [&hellip;]<\/p>\n","protected":false},"featured_media":146737,"comment_status":"open","ping_status":"closed","template":"","meta":[],"product_brand":[],"product_cat":[148,313],"product_tag":[],"class_list":{"0":"post-147650","1":"product","2":"type-product","3":"status-publish","4":"has-post-thumbnail","6":"product_cat-damske-sportove-leginy","7":"product_cat-damske-leginy-dlhe","8":"pa_cviat-cierne","9":"pa_razmer-l-sk","10":"pa_razmer-m-sk-2","11":"pa_razmer-s-sk-2","12":"inventories-world","14":"first","15":"instock","16":"taxable","17":"shipping-taxable","18":"purchasable","19":"product-type-variable"},"_links":{"self":[{"href":"https:\/\/peach-pump.com\/en\/wp-json\/wp\/v2\/product\/147650","targetHints":{"allow":["GET"]}}],"collection":[{"href":"https:\/\/peach-pump.com\/en\/wp-json\/wp\/v2\/product"}],"about":[{"href":"https:\/\/peach-pump.com\/en\/wp-json\/wp\/v2\/types\/product"}],"replies":[{"embeddable":true,"href":"https:\/\/peach-pump.com\/en\/wp-json\/wp\/v2\/comments?post=147650"}],"version-history":[{"count":0,"href":"https:\/\/peach-pump.com\/en\/wp-json\/wp\/v2\/product\/147650\/revisions"}],"wp:featuredmedia":[{"embeddable":true,"href":"https:\/\/peach-pump.com\/en\/wp-json\/wp\/v2\/media\/146737"}],"wp:attachment":[{"href":"https:\/\/peach-pump.com\/en\/wp-json\/wp\/v2\/media?parent=147650"}],"wp:term":[{"taxonomy":"product_brand","embeddable":true,"href":"https:\/\/peach-pump.com\/en\/wp-json\/wp\/v2\/product_brand?post=147650"},{"taxonomy":"product_cat","embeddable":true,"href":"https:\/\/peach-pump.com\/en\/wp-json\/wp\/v2\/product_cat?post=147650"},{"taxonomy":"product_tag","embeddable":true,"href":"https:\/\/peach-pump.com\/en\/wp-json\/wp\/v2\/product_tag?post=147650"}],"curies":[{"name":"wp","href":"https:\/\/api.w.org\/{rel}","templated":true}]}}