{"id":147636,"date":"2026-04-25T08:01:44","date_gmt":"2026-04-25T06:01:44","guid":{"rendered":"https:\/\/peach-pump.com\/?post_type=product&p=147636"},"modified":"2026-04-28T22:17:57","modified_gmt":"2026-04-28T20:17:57","slug":"cierna-podprsenka-peach-pump-s-push-up-efektom-a-3d-svami","status":"publish","type":"product","link":"https:\/\/peach-pump.com\/sk\/products\/cierna-podprsenka-peach-pump-s-push-up-efektom-a-3d-svami\/","title":{"rendered":"\u010cierna podprsenka Peach Pump s push-up efektom a 3D \u0161vami"},"content":{"rendered":"<p class=\"p1\"><span class=\"s2\">D\u00e1mska \u0161portov\u00e1 \u010dierna podprsenka vhodn\u00e1 na ka\u017ed\u00e9 ro\u010dn\u00e9 obdobie. Vyroben\u00e1 z pr\u00edjemnej tkaniny, ktor\u00e1 nezadr\u017eiava vlhkos\u0165 na tele a poskytuje \u013eahkos\u0165 a pohodlie pri nosen\u00ed. Podprsenka m\u00e1 tieto vlastnosti   <\/span><span class=\"s1\">push-up vypch\u00e1vky, <\/span><span class=\"s2\">ktor\u00e9 zv\u00fdraz\u0148uj\u00fa poprsie a formuj\u00fa kr\u00e1snu siluetu, ako aj s <\/span><span class=\"s1\">nastavite\u013en\u00fdmi ramienkami<\/span><span class=\"s2\"> na prisp\u00f4sobenie. <\/span><span class=\"s2\">Ve\u013ekolep\u00e9 <\/span><span class=\"s1\">3D pre\u0161\u00edvanie<\/span><span class=\"s2\"> opticky tvaruje telo a vytv\u00e1ra optick\u00fa il\u00faziu postavy typu <\/span><span class=\"s1\">postava pres\u00fdpac\u00edch hod\u00edn<\/span><span class=\"s2\">. Podprsenka <\/span><span class=\"s2\">je k dispoz\u00edcii vo viacer\u00fdch farb\u00e1ch a mo\u017eno ho skombinova\u0165 s leg\u00ednami v rovnakej farbe pre kompletn\u00fd \u0161portov\u00fd vzh\u013ead Peach Pump.<\/span><\/p>\n<p class=\"p1\"><span class=\"s2\">Hod\u00ed sa na \u0161portov\u00fd vzh\u013ead, ako aj na m\u00f3dne le\u017e\u00e9rne kombin\u00e1cie.  <\/span><\/p>\n<ul class=\"ul1\">\n<li class=\"li1\"><span class=\"s2\">M\u00e4kk\u00e1 tkanina, ktor\u00e1 nezadr\u017eiava vlhkos\u0165 na tele  <\/span><\/li>\n<li class=\"li1\"><span class=\"s2\">Tepelne vytla\u010den\u00e9 logo Peach Pump v prednej \u010dasti podprsenky <\/span><\/li>\n<li class=\"li1\"><span class=\"s2\">Nastavite\u013en\u00e9 ramienka<\/span><\/li>\n<li class=\"li1\"><span class=\"s2\">Vypch\u00e1vky Push-up <\/span><\/li>\n<li class=\"li1\"><span class=\"s2\">Sexy, modern\u00fd dizajn <\/span><\/li>\n<li class=\"li1\"><span class=\"s2\">3D pre\u0161\u00edvanie pre tvarovan\u00fa siluetu.  <\/span><\/li>\n<\/ul>\n<p>Podprsenku mo\u017eno pra\u0165 pri teplote do 30 stup\u0148ov, nepou\u017e\u00edvajte bielidl\u00e1 ani chemick\u00e9 \u010distenie.<\/p>\n<p>Modelka na obr\u00e1zku je vysok\u00e1 170 cm a v\u00e1\u017ei 53 kg a p\u00f3zuje vo ve\u013ekosti S.<\/p>\n<p>Na v\u00fdber presnej ve\u013ekosti pou\u017eite tabu\u013eky.<\/p>\n<p>90% nylon 10% elastan<\/p>\n","protected":false},"excerpt":{"rendered":"<p>D\u00e1mska \u0161portov\u00e1 \u010dierna podprsenka vhodn\u00e1 na ka\u017ed\u00e9 ro\u010dn\u00e9 obdobie. Vyroben\u00e1 z pr\u00edjemnej tkaniny, ktor\u00e1 nezadr\u017eiava vlhkos\u0165 na tele a poskytuje \u013eahkos\u0165 a pohodlie pri nosen\u00ed. Podprsenka m\u00e1 tieto vlastnosti push-up vypch\u00e1vky, ktor\u00e9 zv\u00fdraz\u0148uj\u00fa poprsie a formuj\u00fa kr\u00e1snu siluetu, ako aj s nastavite\u013en\u00fdmi ramienkami na prisp\u00f4sobenie. Ve\u013ekolep\u00e9 3D pre\u0161\u00edvanie opticky tvaruje telo a vytv\u00e1ra optick\u00fa il\u00faziu [&hellip;]<\/p>\n","protected":false},"featured_media":147109,"comment_status":"open","ping_status":"closed","template":"","meta":[],"product_brand":[],"product_cat":[371],"product_tag":[],"class_list":{"0":"post-147636","1":"product","2":"type-product","3":"status-publish","4":"has-post-thumbnail","6":"product_cat-damske-sportovni-podprsenky","7":"pa_cviat-cervena","8":"pa_razmer-l-sk","9":"pa_razmer-m-sk-2","10":"pa_razmer-s-sk-2","11":"inventories-world","13":"first","14":"instock","15":"taxable","16":"shipping-taxable","17":"purchasable","18":"product-type-variable"},"_links":{"self":[{"href":"https:\/\/peach-pump.com\/en\/wp-json\/wp\/v2\/product\/147636","targetHints":{"allow":["GET"]}}],"collection":[{"href":"https:\/\/peach-pump.com\/en\/wp-json\/wp\/v2\/product"}],"about":[{"href":"https:\/\/peach-pump.com\/en\/wp-json\/wp\/v2\/types\/product"}],"replies":[{"embeddable":true,"href":"https:\/\/peach-pump.com\/en\/wp-json\/wp\/v2\/comments?post=147636"}],"version-history":[{"count":0,"href":"https:\/\/peach-pump.com\/en\/wp-json\/wp\/v2\/product\/147636\/revisions"}],"wp:featuredmedia":[{"embeddable":true,"href":"https:\/\/peach-pump.com\/en\/wp-json\/wp\/v2\/media\/147109"}],"wp:attachment":[{"href":"https:\/\/peach-pump.com\/en\/wp-json\/wp\/v2\/media?parent=147636"}],"wp:term":[{"taxonomy":"product_brand","embeddable":true,"href":"https:\/\/peach-pump.com\/en\/wp-json\/wp\/v2\/product_brand?post=147636"},{"taxonomy":"product_cat","embeddable":true,"href":"https:\/\/peach-pump.com\/en\/wp-json\/wp\/v2\/product_cat?post=147636"},{"taxonomy":"product_tag","embeddable":true,"href":"https:\/\/peach-pump.com\/en\/wp-json\/wp\/v2\/product_tag?post=147636"}],"curies":[{"name":"wp","href":"https:\/\/api.w.org\/{rel}","templated":true}]}}