{"id":138815,"date":"2025-12-07T20:15:00","date_gmt":"2025-12-07T18:15:00","guid":{"rendered":"https:\/\/peach-pump.com\/products\/kratka-ruzova-sportova-bunda-s-vysivkou-na-chrbte\/"},"modified":"2026-03-31T12:37:05","modified_gmt":"2026-03-31T10:37:05","slug":"kratka-ruzova-sportova-bunda-s-vysivkou-na-chrbte","status":"publish","type":"product","link":"https:\/\/peach-pump.com\/sk\/products\/kratka-ruzova-sportova-bunda-s-vysivkou-na-chrbte\/","title":{"rendered":"Kr\u00e1tka ru\u017eov\u00e1 \u0161portov\u00e1 bunda s v\u00fd\u0161ivkou na chrbte"},"content":{"rendered":"<p class=\"p1\"><span class=\"s1\">Kr\u00e1tka ru\u017eov\u00e1 \u0161portov\u00e1 bunda s v\u00fd\u0161ivkou na chrbte z <\/span><span class=\"s2\">m\u00e4kkej a hladkej tkaniny<\/span><span class=\"s1\">poskytuje pohodlie pri \u0161porte alebo ka\u017edodennom nosen\u00ed. Model m\u00e1   <\/span><span class=\"s2\">dvojit\u00fd zips s vygrav\u00edrovan\u00fdm logom Peach Pump vpredu,<\/span><span class=\"s1\">\u010do umo\u017e\u0148uje r\u00f4zne sp\u00f4soby nosenia &#8211; \u00faplne zapnut\u00e9, napoly otvoren\u00e9 alebo ako akcent v stylingu. Bunda m\u00e1 tieto vlastnosti   <\/span><span class=\"s2\">dve bo\u010dn\u00e9 vreck\u00e1 uzatv\u00e1rate\u013en\u00e9 na zips op\u00e4\u0165 s vygrav\u00edrovan\u00fdmi zipsami zna\u010dky<\/span><span class=\"s1\">. Ruk\u00e1vy, golier a spodn\u00fd okraj s\u00fa  <\/span><span class=\"s2\">s elastick\u00fdmi man\u017eetami,<\/span><span class=\"s1\">ktor\u00e9 poskytuj\u00fa pohodln\u00e9 nosenie a zv\u00fdraz\u0148uj\u00fa \u0161portov\u00fa siluetu. Osobitn\u00fdm zv\u00fdraznen\u00edm je   <\/span><span class=\"s2\">detailn\u00e9 2D a 3D v\u00fd\u0161ivky na zadnej strane<\/span><span class=\"s1\">. Na prednej strane je navy\u0161e mal\u00e9 kovov\u00e9 logo Peach Pump.  <\/span><\/p>\n<p class=\"p1\"><span class=\"s1\">Tkanina je mimoriadne m\u00e4kk\u00e1, jemn\u00e1 k poko\u017eke a odoln\u00e1 v priebehu \u010dasu &#8211; \u013eahko sa nema\u010dk\u00e1 a udr\u017eiava si svoj tvar aj pri \u010dastom nosen\u00ed. V\u010faka modern\u00e9mu kr\u00e1tkemu strihu bunda kr\u00e1sne prilieha k telu, zv\u00fdraz\u0148uje siluetu a neobmedzuje v pohybe.   <\/span><span class=\"s1\">Svetloru\u017eov\u00e1 bunda dod\u00e1va vzh\u013eadu ne\u017enos\u0165 a \u017eenskos\u0165, \u013eahko sa kombinuje.<\/span> <span class=\"s1\">Ide o model, ktor\u00fd sp\u00e1ja \u0161t\u00fdl, pohodlie a vysok\u00fa kvalitu &#8211; ide\u00e1lna vo\u013eba pre \u017eeny, ktor\u00e9 h\u013eadaj\u00fa nie\u010do in\u00e9, m\u00f3dne a p\u00f4sobiv\u00e9 do svojho \u0161portov\u00e9ho \u0161atn\u00edka.  <\/span><\/p>\n<p class=\"p1\"><span class=\"s1\">  &#8211; M\u00e4kk\u00e1 a na dotyk pr\u00edjemn\u00e1 tkanina<\/span><\/p>\n<p class=\"p3\"><span class=\"s1\">  &#8211; Dvojit\u00fd predn\u00fd zips s vyryt\u00fdm logom Peach Pump.<\/span><\/p>\n<p class=\"p3\"><span class=\"s1\">  &#8211; Bo\u010dn\u00e9 vreck\u00e1 so zap\u00ednan\u00edm na zips, op\u00e4\u0165 s vygrav\u00edrovan\u00fdm logom Peach Pump  <\/span><\/p>\n<p class=\"p3\"><span class=\"s1\">  &#8211; Rebrovan\u00e9 man\u017eety na ruk\u00e1voch, golieri a spodnom leme<\/span><\/p>\n<p class=\"p3\"><span class=\"s1\">  &#8211; Kvalitn\u00e1 2D a 3D v\u00fd\u0161ivka na zadnej strane<\/span><\/p>\n<p class=\"p3\"><span class=\"s1\">  &#8211; Kr\u00e1tka modern\u00e1 silueta<\/span><\/p>\n<p class=\"p3\"><span class=\"s1\">  &#8211; Vhodn\u00e9 pre \u0161portov\u00fd a le\u017e\u00e9rny vzh\u013ead<\/span><\/p>\n<p>Zlo\u017eenie: 52% modal \/ 43% polyester \/ 5% spandex<\/p>\n<p>Bundu mo\u017eno pra\u0165 na 30\u00b0C, nepou\u017e\u00edvajte bielidl\u00e1 ani chemick\u00e9 \u010distenie.<\/p>\n<p>Modelka na obr\u00e1zku je vysok\u00e1 170 cm, v\u00e1\u017ei 52 kg a p\u00f3zuje vo ve\u013ekosti S.<\/p>\n","protected":false},"excerpt":{"rendered":"<p>Kr\u00e1tka ru\u017eov\u00e1 \u0161portov\u00e1 bunda s v\u00fd\u0161ivkou na chrbte z m\u00e4kkej a hladkej tkaninyposkytuje pohodlie pri \u0161porte alebo ka\u017edodennom nosen\u00ed. Model m\u00e1 dvojit\u00fd zips s vygrav\u00edrovan\u00fdm logom Peach Pump vpredu,\u010do umo\u017e\u0148uje r\u00f4zne sp\u00f4soby nosenia &#8211; \u00faplne zapnut\u00e9, napoly otvoren\u00e9 alebo ako akcent v stylingu. Bunda m\u00e1 tieto vlastnosti dve bo\u010dn\u00e9 vreck\u00e1 uzatv\u00e1rate\u013en\u00e9 na zips op\u00e4\u0165 s [&hellip;]<\/p>\n","protected":false},"featured_media":138261,"comment_status":"open","ping_status":"closed","template":"","meta":[],"product_brand":[],"product_cat":[925,1121],"product_tag":[],"class_list":{"0":"post-138815","1":"product","2":"type-product","3":"status-publish","4":"has-post-thumbnail","6":"product_cat-damske-bundy-sk","7":"product_cat-damske-mikiny-a-hoodies","8":"pa_cviat-ruzovo","9":"pa_razmer-l-sk","10":"pa_razmer-m-sk-2","11":"pa_razmer-s-sk-2","12":"inventories-world","13":"inventories-pl","15":"first","16":"instock","17":"taxable","18":"shipping-taxable","19":"purchasable","20":"product-type-variable"},"_links":{"self":[{"href":"https:\/\/peach-pump.com\/sk\/wp-json\/wp\/v2\/product\/138815","targetHints":{"allow":["GET"]}}],"collection":[{"href":"https:\/\/peach-pump.com\/sk\/wp-json\/wp\/v2\/product"}],"about":[{"href":"https:\/\/peach-pump.com\/sk\/wp-json\/wp\/v2\/types\/product"}],"replies":[{"embeddable":true,"href":"https:\/\/peach-pump.com\/sk\/wp-json\/wp\/v2\/comments?post=138815"}],"version-history":[{"count":0,"href":"https:\/\/peach-pump.com\/sk\/wp-json\/wp\/v2\/product\/138815\/revisions"}],"wp:featuredmedia":[{"embeddable":true,"href":"https:\/\/peach-pump.com\/sk\/wp-json\/wp\/v2\/media\/138261"}],"wp:attachment":[{"href":"https:\/\/peach-pump.com\/sk\/wp-json\/wp\/v2\/media?parent=138815"}],"wp:term":[{"taxonomy":"product_brand","embeddable":true,"href":"https:\/\/peach-pump.com\/sk\/wp-json\/wp\/v2\/product_brand?post=138815"},{"taxonomy":"product_cat","embeddable":true,"href":"https:\/\/peach-pump.com\/sk\/wp-json\/wp\/v2\/product_cat?post=138815"},{"taxonomy":"product_tag","embeddable":true,"href":"https:\/\/peach-pump.com\/sk\/wp-json\/wp\/v2\/product_tag?post=138815"}],"curies":[{"name":"wp","href":"https:\/\/api.w.org\/{rel}","templated":true}]}}