{"id":136079,"date":"2025-11-22T22:49:04","date_gmt":"2025-11-22T20:49:04","guid":{"rendered":"https:\/\/peach-pump.com\/products\/tmavomodre-sportove-leginy-so-strednym-pasom-a-makkou-vnutornou-castou\/"},"modified":"2026-04-04T19:05:24","modified_gmt":"2026-04-04T17:05:24","slug":"tmavomodre-sportove-leginy-so-strednym-pasom-a-makkou-vnutornou-castou","status":"publish","type":"product","link":"https:\/\/peach-pump.com\/sk\/products\/tmavomodre-sportove-leginy-so-strednym-pasom-a-makkou-vnutornou-castou\/","title":{"rendered":"Tmavomodr\u00e9 \u0161portov\u00e9 leg\u00edny so stredn\u00fdm p\u00e1som a m\u00e4kkou vn\u00fatornou \u010das\u0165ou"},"content":{"rendered":"<p>D\u00e1mske tmavomodr\u00e9 \u0161portov\u00e9 leg\u00edny so stredn\u00fdm p\u00e1som a m\u00e4kkou vn\u00fatornou \u010das\u0165ou. Pocit skuto\u010dn\u00e9ho pohodlia navrhnut\u00fd tak, aby poskytoval maxim\u00e1lnu m\u00e4kkos\u0165 na vn\u00fatornej strane a dokonal\u00e9 prisp\u00f4sobenie na vonkaj\u0161ej strane. Vyroben\u00e9 z elastickej tkaniny, bez tvarovacieho efektu, so stredn\u00fdm p\u00e1som. Leg\u00edny obop\u00ednaj\u00fa telo a zv\u00fdraz\u0148uj\u00fa prirodzen\u00e9 tvary bez toho, aby tla\u010dili. Vn\u00fatorn\u00e1 \u010das\u0165 je m\u00e4kk\u00e1 a jemn\u00e1 k poko\u017eke, v\u010faka \u010domu je ide\u00e1lna na tr\u00e9ningy aj ka\u017edodenn\u00e9 nosenie, prech\u00e1dzky v chladnej\u0161om po\u010das\u00ed. Tkanina je hust\u00e1 a nem\u00e1 \u017eiadne presvietanie. Dod\u00e1va sa vo viacer\u00fdch farb\u00e1ch trendov\u00fdch pre zimn\u00fa sez\u00f3nu, ktor\u00e9 sa daj\u00fa \u013eahko kombinova\u0165.      <\/p>\n<ul>\n<li>Priemerne vysok\u00fd p\u00e1s<\/li>\n<li>Elastick\u00e1 tkanina (modelka na obr\u00e1zkoch je vysok\u00e1 178 cm a v\u00e1\u017ei 56 kg)<\/li>\n<li>M\u00e4kk\u00e9 vr\u00e1tenie dielu<\/li>\n<li>Logo a n\u00e1pis Peach Pump<\/li>\n<li>Hust\u00e1 tkanina bez prieh\u013eadnosti<\/li>\n<li>Priedu\u0161n\u00e1 tkanina<\/li>\n<li>Vhodn\u00e9 na \u0161port, prech\u00e1dzky a ka\u017edodenn\u00e9 nosenie<\/li>\n<\/ul>\n<p>Zlo\u017eenie: 80% polyester, 20% spandex<\/p>\n<p>Leg\u00edny je mo\u017en\u00e9 pra\u0165 pri teplote do 30 \u00b0C. Nepou\u017e\u00edva\u0165 bielenie alebo chemick\u00e9 \u010distenie.<\/p>\n<p>Modelka na obr\u00e1zku je vysok\u00e1 178 cm, v\u00e1\u017ei 56 kg a p\u00f3zuje vo ve\u013ekosti S.<\/p>\n<p>Na v\u00fdber presnej ve\u013ekosti pou\u017eite tabu\u013eky.<\/p>\n","protected":false},"excerpt":{"rendered":"<p>D\u00e1mske tmavomodr\u00e9 \u0161portov\u00e9 leg\u00edny so stredn\u00fdm p\u00e1som a m\u00e4kkou vn\u00fatornou \u010das\u0165ou. Pocit skuto\u010dn\u00e9ho pohodlia navrhnut\u00fd tak, aby poskytoval maxim\u00e1lnu m\u00e4kkos\u0165 na vn\u00fatornej strane a dokonal\u00e9 prisp\u00f4sobenie na vonkaj\u0161ej strane. Vyroben\u00e9 z elastickej tkaniny, bez tvarovacieho efektu, so stredn\u00fdm p\u00e1som. Leg\u00edny obop\u00ednaj\u00fa telo a zv\u00fdraz\u0148uj\u00fa prirodzen\u00e9 tvary bez toho, aby tla\u010dili. Vn\u00fatorn\u00e1 \u010das\u0165 je m\u00e4kk\u00e1 a [&hellip;]<\/p>\n","protected":false},"featured_media":135701,"comment_status":"open","ping_status":"closed","template":"","meta":[],"product_brand":[],"product_cat":[313,148],"product_tag":[],"class_list":{"0":"post-136079","1":"product","2":"type-product","3":"status-publish","4":"has-post-thumbnail","6":"product_cat-damske-leginy-dlhe","7":"product_cat-damske-sportove-leginy","8":"pa_cviat-tmavo-modre","9":"pa_razmer-l-sk","10":"pa_razmer-m-sk-2","11":"pa_razmer-s-sk-2","12":"inventories-world","13":"inventories-pl","15":"first","16":"instock","17":"taxable","18":"shipping-taxable","19":"purchasable","20":"product-type-variable"},"_links":{"self":[{"href":"https:\/\/peach-pump.com\/en\/wp-json\/wp\/v2\/product\/136079","targetHints":{"allow":["GET"]}}],"collection":[{"href":"https:\/\/peach-pump.com\/en\/wp-json\/wp\/v2\/product"}],"about":[{"href":"https:\/\/peach-pump.com\/en\/wp-json\/wp\/v2\/types\/product"}],"replies":[{"embeddable":true,"href":"https:\/\/peach-pump.com\/en\/wp-json\/wp\/v2\/comments?post=136079"}],"version-history":[{"count":1,"href":"https:\/\/peach-pump.com\/en\/wp-json\/wp\/v2\/product\/136079\/revisions"}],"predecessor-version":[{"id":136097,"href":"https:\/\/peach-pump.com\/en\/wp-json\/wp\/v2\/product\/136079\/revisions\/136097"}],"wp:featuredmedia":[{"embeddable":true,"href":"https:\/\/peach-pump.com\/en\/wp-json\/wp\/v2\/media\/135701"}],"wp:attachment":[{"href":"https:\/\/peach-pump.com\/en\/wp-json\/wp\/v2\/media?parent=136079"}],"wp:term":[{"taxonomy":"product_brand","embeddable":true,"href":"https:\/\/peach-pump.com\/en\/wp-json\/wp\/v2\/product_brand?post=136079"},{"taxonomy":"product_cat","embeddable":true,"href":"https:\/\/peach-pump.com\/en\/wp-json\/wp\/v2\/product_cat?post=136079"},{"taxonomy":"product_tag","embeddable":true,"href":"https:\/\/peach-pump.com\/en\/wp-json\/wp\/v2\/product_tag?post=136079"}],"curies":[{"name":"wp","href":"https:\/\/api.w.org\/{rel}","templated":true}]}}