{"id":124662,"date":"2025-07-04T14:21:36","date_gmt":"2025-07-04T12:21:36","guid":{"rendered":"https:\/\/peach-pump.com\/?post_type=product&#038;p=124662"},"modified":"2026-04-05T15:55:49","modified_gmt":"2026-04-05T13:55:49","slug":"biela-sportova-podprsenka-so-skrizenymi-ramienkami-na-chrbte","status":"publish","type":"product","link":"https:\/\/peach-pump.com\/sk\/products\/biela-sportova-podprsenka-so-skrizenymi-ramienkami-na-chrbte\/","title":{"rendered":"Biela \u0161portov\u00e1 podprsenka so skr\u00ed\u017een\u00fdmi ramienkami na chrbte"},"content":{"rendered":"<p>Biela \u0161portov\u00e1 podprsenka s kr\u00ed\u017eov\u00fdmi ramienkami v bielej a sivej farbe. Vzor podprsenky je vykrojen\u00fd a m\u00e1 super push-up vypch\u00e1vky, ktor\u00e9 sa daj\u00fa odstr\u00e1ni\u0165. Tkanina je mimoriadne m\u00e4kk\u00e1 a elastick\u00e1, nezadr\u017eiava vlhkos\u0165 v tele, vhodn\u00e1 na beh, do posil\u0148ovne, na jogu, tenis alebo ak\u00fdko\u013evek in\u00fd \u0161port. Dizajn modelu je ve\u013emi aktu\u00e1lny na leto, je k dispoz\u00edcii vo viacer\u00fdch farb\u00e1ch a mo\u017eno ju skombinova\u0165 s kr\u00e1tkou suk\u0148ou alebo leg\u00ednami. M\u00e1 tepelne vytla\u010den\u00e9 siv\u00e9 logo v prednej \u010dasti podprsenky.    <\/p>\n<ul>\n<li>Zauj\u00edmav\u00fd dizajn<\/li>\n<li>Skr\u00ed\u017een\u00e9 ramienka na chrbte<\/li>\n<li>Super push-up vypch\u00e1vky, ktor\u00e9 sa daj\u00fa odstr\u00e1ni\u0165<\/li>\n<li>Tepelne vytla\u010den\u00e9 logo &#8220;Peach Pump&#8221; na prednej strane podprsenky<\/li>\n<li>Tkanina, ktor\u00e1 nezadr\u017eiava vlhkos\u0165 v tele<\/li>\n<\/ul>\n<p>Zlo\u017eenie: 70% polyester, 30% spandex<\/p>\n<p>Podprsenku je mo\u017en\u00e9 pra\u0165 pri teplote do 30\u00b0C. Nepou\u017e\u00edva\u0165 bielenie alebo chemick\u00e9 \u010distenie.<\/p>\n<p>Modelka na obr\u00e1zku je vysok\u00e1 179 m, v\u00e1\u017ei 58 kg a p\u00f3zuje vo ve\u013ekosti M.<\/p>\n<p>Na v\u00fdber presnej ve\u013ekosti pou\u017eite tabu\u013eky.<\/p>\n","protected":false},"excerpt":{"rendered":"<p>Biela \u0161portov\u00e1 podprsenka s kr\u00ed\u017eov\u00fdmi ramienkami v bielej a sivej farbe. Vzor podprsenky je vykrojen\u00fd a m\u00e1 super push-up vypch\u00e1vky, ktor\u00e9 sa daj\u00fa odstr\u00e1ni\u0165. Tkanina je mimoriadne m\u00e4kk\u00e1 a elastick\u00e1, nezadr\u017eiava vlhkos\u0165 v tele, vhodn\u00e1 na beh, do posil\u0148ovne, na jogu, tenis alebo ak\u00fdko\u013evek in\u00fd \u0161port. Dizajn modelu je ve\u013emi aktu\u00e1lny na leto, je k [&hellip;]<\/p>\n","protected":false},"featured_media":128088,"comment_status":"open","ping_status":"closed","template":"","meta":[],"product_brand":[],"product_cat":[361],"product_tag":[],"class_list":{"0":"post-124662","1":"product","2":"type-product","3":"status-publish","4":"has-post-thumbnail","6":"product_cat-biustonosz-staniki-sportove","7":"pa_cviat-biely-sk","8":"pa_razmer-l-sk","9":"pa_razmer-m-sk-2","10":"pa_razmer-s-sk-2","11":"inventories-world","12":"inventories-pl","14":"first","15":"instock","16":"taxable","17":"shipping-taxable","18":"purchasable","19":"product-type-variable"},"_links":{"self":[{"href":"https:\/\/peach-pump.com\/sk\/wp-json\/wp\/v2\/product\/124662","targetHints":{"allow":["GET"]}}],"collection":[{"href":"https:\/\/peach-pump.com\/sk\/wp-json\/wp\/v2\/product"}],"about":[{"href":"https:\/\/peach-pump.com\/sk\/wp-json\/wp\/v2\/types\/product"}],"replies":[{"embeddable":true,"href":"https:\/\/peach-pump.com\/sk\/wp-json\/wp\/v2\/comments?post=124662"}],"version-history":[{"count":1,"href":"https:\/\/peach-pump.com\/sk\/wp-json\/wp\/v2\/product\/124662\/revisions"}],"predecessor-version":[{"id":126387,"href":"https:\/\/peach-pump.com\/sk\/wp-json\/wp\/v2\/product\/124662\/revisions\/126387"}],"wp:featuredmedia":[{"embeddable":true,"href":"https:\/\/peach-pump.com\/sk\/wp-json\/wp\/v2\/media\/128088"}],"wp:attachment":[{"href":"https:\/\/peach-pump.com\/sk\/wp-json\/wp\/v2\/media?parent=124662"}],"wp:term":[{"taxonomy":"product_brand","embeddable":true,"href":"https:\/\/peach-pump.com\/sk\/wp-json\/wp\/v2\/product_brand?post=124662"},{"taxonomy":"product_cat","embeddable":true,"href":"https:\/\/peach-pump.com\/sk\/wp-json\/wp\/v2\/product_cat?post=124662"},{"taxonomy":"product_tag","embeddable":true,"href":"https:\/\/peach-pump.com\/sk\/wp-json\/wp\/v2\/product_tag?post=124662"}],"curies":[{"name":"wp","href":"https:\/\/api.w.org\/{rel}","templated":true}]}}