{"id":123542,"date":"2025-07-03T14:43:52","date_gmt":"2025-07-03T12:43:52","guid":{"rendered":"https:\/\/peach-pump.com\/?post_type=product&#038;p=123542"},"modified":"2026-03-19T19:55:39","modified_gmt":"2026-03-19T17:55:39","slug":"bezova-sportova-sukna-s-rozparkom-a-leginy-s-vreckami","status":"publish","type":"product","link":"https:\/\/peach-pump.com\/sk\/products\/bezova-sportova-sukna-s-rozparkom-a-leginy-s-vreckami\/","title":{"rendered":"B\u00e9\u017eov\u00e1 \u0161portov\u00e1 suk\u0148a s rozparkom a leg\u00edny s vreckami"},"content":{"rendered":"<p>B\u00e9\u017eov\u00e1 \u0161portov\u00e1 suk\u0148a s rozparkom a spodn\u00e9 leg\u00edny s bo\u010dn\u00fdmi vreckami. Suk\u0148a m\u00e1 biele lemovanie a bielu gumu, ktor\u00e1 stiahne p\u00e1s, na zadnej strane m\u00e1 diskr\u00e9tny n\u00e1pis &#8220;Peach Pump&#8221; a na \u013eavej prednej strane tepelne vytla\u010den\u00e9 logo. Model m\u00e1 opasok nad pupkom a rozparok, ktor\u00fd predl\u017euje nohy, zatia\u013e \u010do leg\u00edny pod suk\u0148ou poskytuj\u00fa \u00fapln\u00fa vo\u013enos\u0165 pohybu pri vykon\u00e1van\u00ed v\u00e1\u0161ho ob\u013e\u00faben\u00e9ho \u0161portu. Vreck\u00e1 na leg\u00ednach s\u00fa hlbok\u00e9 a bez probl\u00e9mov do nich ulo\u017e\u00edte telef\u00f3n. Suk\u0148a je vhodn\u00e1 na prech\u00e1dzku v parku, do posil\u0148ovne, na tenis alebo volejbal. Model m\u00f4\u017eete zladi\u0165 s prsiami z na\u0161ej kolekcie v rovnakom vzore.     <\/p>\n<ul>\n<li>Vysok\u00fd p\u00e1s<\/li>\n<li>Hlbok\u00fd rozparok<\/li>\n<li>Spodn\u00e9 leg\u00edny s bo\u010dn\u00fdmi vreckami<\/li>\n<li>Diskr\u00e9tny n\u00e1pis &#8220;Peach Pump&#8221; na zadnej strane gumy<\/li>\n<li>Tepelne vytla\u010den\u00e9 logo &#8220;Peach Pump&#8221; na prednej strane sukne<\/li>\n<li>Tkanina, ktor\u00e1 nezadr\u017eiava vlhkos\u0165 v tele<\/li>\n<\/ul>\n<p>Zlo\u017eenie: 70% nylon 30% spandex<\/p>\n<p>Suk\u0148u mo\u017eno pra\u0165 na 30 stup\u0148ov, nepou\u017e\u00edvajte bielidl\u00e1 ani chemick\u00e9 \u010distenie.<\/p>\n<p>Modelka na obr\u00e1zku je vysok\u00e1 179 cm, v\u00e1\u017ei 58 kg a p\u00f3zuje vo ve\u013ekosti M.<\/p>\n","protected":false},"excerpt":{"rendered":"<p>B\u00e9\u017eov\u00e1 \u0161portov\u00e1 suk\u0148a s rozparkom a spodn\u00e9 leg\u00edny s bo\u010dn\u00fdmi vreckami. Suk\u0148a m\u00e1 biele lemovanie a bielu gumu, ktor\u00e1 stiahne p\u00e1s, na zadnej strane m\u00e1 diskr\u00e9tny n\u00e1pis &#8220;Peach Pump&#8221; a na \u013eavej prednej strane tepelne vytla\u010den\u00e9 logo. Model m\u00e1 opasok nad pupkom a rozparok, ktor\u00fd predl\u017euje nohy, zatia\u013e \u010do leg\u00edny pod suk\u0148ou poskytuj\u00fa \u00fapln\u00fa vo\u013enos\u0165 [&hellip;]<\/p>\n","protected":false},"featured_media":125166,"comment_status":"open","ping_status":"closed","template":"","meta":[],"product_brand":[],"product_cat":[1179,203,188],"product_tag":[],"class_list":{"0":"post-123542","1":"product","2":"type-product","3":"status-publish","4":"has-post-thumbnail","6":"product_cat-sportove-saty-a-sukne","7":"product_cat-kratke-leginy-sk","8":"product_cat-leginy-s-vreckami","9":"pa_cviat-bezove-sk","10":"pa_razmer-l-sk","11":"pa_razmer-m-sk-2","12":"pa_razmer-s-sk-2","13":"inventories-world","14":"inventories-pl","16":"first","17":"instock","18":"taxable","19":"shipping-taxable","20":"purchasable","21":"product-type-variable"},"_links":{"self":[{"href":"https:\/\/peach-pump.com\/en\/wp-json\/wp\/v2\/product\/123542","targetHints":{"allow":["GET"]}}],"collection":[{"href":"https:\/\/peach-pump.com\/en\/wp-json\/wp\/v2\/product"}],"about":[{"href":"https:\/\/peach-pump.com\/en\/wp-json\/wp\/v2\/types\/product"}],"replies":[{"embeddable":true,"href":"https:\/\/peach-pump.com\/en\/wp-json\/wp\/v2\/comments?post=123542"}],"version-history":[{"count":1,"href":"https:\/\/peach-pump.com\/en\/wp-json\/wp\/v2\/product\/123542\/revisions"}],"predecessor-version":[{"id":124664,"href":"https:\/\/peach-pump.com\/en\/wp-json\/wp\/v2\/product\/123542\/revisions\/124664"}],"wp:featuredmedia":[{"embeddable":true,"href":"https:\/\/peach-pump.com\/en\/wp-json\/wp\/v2\/media\/125166"}],"wp:attachment":[{"href":"https:\/\/peach-pump.com\/en\/wp-json\/wp\/v2\/media?parent=123542"}],"wp:term":[{"taxonomy":"product_brand","embeddable":true,"href":"https:\/\/peach-pump.com\/en\/wp-json\/wp\/v2\/product_brand?post=123542"},{"taxonomy":"product_cat","embeddable":true,"href":"https:\/\/peach-pump.com\/en\/wp-json\/wp\/v2\/product_cat?post=123542"},{"taxonomy":"product_tag","embeddable":true,"href":"https:\/\/peach-pump.com\/en\/wp-json\/wp\/v2\/product_tag?post=123542"}],"curies":[{"name":"wp","href":"https:\/\/api.w.org\/{rel}","templated":true}]}}