{"id":122386,"date":"2025-06-16T19:55:15","date_gmt":"2025-06-16T17:55:15","guid":{"rendered":"https:\/\/peach-pump.com\/products\/cierna-sportova-suprava-s-kratkymi-rukavmi\/"},"modified":"2025-11-01T15:56:37","modified_gmt":"2025-11-01T13:56:37","slug":"cierna-sportova-suprava-s-kratkymi-rukavmi","status":"publish","type":"product","link":"https:\/\/peach-pump.com\/sk\/products\/cierna-sportova-suprava-s-kratkymi-rukavmi\/","title":{"rendered":"\u010cierna \u0161portov\u00e1 s\u00faprava s kr\u00e1tkymi ruk\u00e1vmi"},"content":{"rendered":"<p>D\u00e1mska \u010dierna \u0161portov\u00e1 s\u00faprava leg\u00edn s jednoduch\u00fdm dizajnom, bez tvaruj\u00faceho efektu a crop topu s kr\u00e1tkym ruk\u00e1vom. Crop top m\u00e1 vypch\u00e1vky , ktor\u00e9 s\u00fa odn\u00edmate\u013en\u00e9, vhodn\u00e9 na fitness, beh, aer\u00f3bne cvi\u010denie alebo prech\u00e1dzku v parku, m\u00e1 skryt\u00fa gumu v spodnej \u010dasti a tkaninu, ktor\u00e1 nezadr\u017eiava vlhkos\u0165 v tele. Leg\u00edny nemaj\u00fa v prednej \u010dasti \u0161ev, \u010do uprednost\u0148uje v\u00e4\u010d\u0161ina d\u00e1m, ale maj\u00fa \u0161ev v zadnej \u010dasti leg\u00edn. Elastick\u00e1 letn\u00e1 tkanina, ktor\u00e1 tvaruje telo a \u0161irok\u00fd opasok, ktor\u00fd zv\u00fdraz\u0148uje p\u00e1s. V prednej a zadnej \u010dasti leg\u00edn je 3D logo. \u0160vy vzoru s\u00fa ploch\u00e9 a nesp\u00f4sobuj\u00fa podr\u00e1\u017edenie. S\u00fa vhodn\u00e9 na silov\u00fd alebo aer\u00f3bny tr\u00e9ning, nezadr\u017eiavaj\u00fa vlhkos\u0165 v tele. S\u00faprava je k dispoz\u00edcii vo viacer\u00fdch farb\u00e1ch.       <\/p>\n<p>O crop tope:<\/p>\n<ul>\n<li>Vypch\u00e1vky, ktor\u00e9 mo\u017eno odstr\u00e1ni\u0165<\/li>\n<li>Skryt\u00e1 guma v spodnej \u010dasti<\/li>\n<li>Perfektne sed\u00ed na tele<\/li>\n<li>Tepelne vytla\u010den\u00e9 logo &#8220;Peach Pump&#8221; na ramene<\/li>\n<li>Tkanina, ktor\u00e1 nezadr\u017eiava vlhkos\u0165 v tele<\/li>\n<\/ul>\n<p>O leg\u00ednach:<\/p>\n<ul>\n<li>Elastick\u00e1 \u013eahk\u00e1 letn\u00e1 tkanina<\/li>\n<li>Ploch\u00e9 \u0161vy<\/li>\n<li>Bez\u0161vov\u00e9 vpredu<\/li>\n<li>\u0160ev na zadnej strane leg\u00edn<\/li>\n<li>\u0160irok\u00fd opasok zv\u00fdraz\u0148uj\u00faci p\u00e1s<\/li>\n<li>3D logo &#8220;Peach Pump&#8221; na zadnej a prednej strane leg\u00edn<\/li>\n<li>Tkanina, ktor\u00e1 nezadr\u017eiava vlhkos\u0165 v tele<\/li>\n<\/ul>\n<p>Zlo\u017eenie: spandex a polyester<\/p>\n<p>S\u00fapravu mo\u017eno pra\u0165 na 30 stup\u0148ov, nepou\u017e\u00edvajte bielidl\u00e1, nesu\u0161te v bubnovej su\u0161i\u010dke ani ne\u010distite chemicky.<\/p>\n<p>Modelka na obr\u00e1zku je vysok\u00e1 178 cm, v\u00e1\u017ei 57 kg a p\u00f3zuje vo ve\u013ekosti M pre crop top a leg\u00edny.<\/p>\n<p>Na v\u00fdber presnej ve\u013ekosti pou\u017eite tabu\u013eky<\/p>\n","protected":false},"excerpt":{"rendered":"<p>D\u00e1mska \u010dierna \u0161portov\u00e1 s\u00faprava leg\u00edn s jednoduch\u00fdm dizajnom, bez tvaruj\u00faceho efektu a crop topu s kr\u00e1tkym ruk\u00e1vom. Crop top m\u00e1 vypch\u00e1vky , ktor\u00e9 s\u00fa odn\u00edmate\u013en\u00e9, vhodn\u00e9 na fitness, beh, aer\u00f3bne cvi\u010denie alebo prech\u00e1dzku v parku, m\u00e1 skryt\u00fa gumu v spodnej \u010dasti a tkaninu, ktor\u00e1 nezadr\u017eiava vlhkos\u0165 v tele. Leg\u00edny nemaj\u00fa v prednej \u010dasti \u0161ev, \u010do [&hellip;]<\/p>\n","protected":false},"featured_media":119123,"comment_status":"open","ping_status":"closed","template":"","meta":[],"product_brand":[],"product_cat":[372,374],"product_tag":[],"class_list":{"0":"post-122386","1":"product","2":"type-product","3":"status-publish","4":"has-post-thumbnail","6":"product_cat-sportov-sety","7":"product_cat-sportove-supravy-s-leginami","8":"pa_cviat-cierne","9":"inventories-world","11":"first","12":"instock","13":"taxable","14":"shipping-taxable","15":"purchasable","16":"product-type-yith_bundle"},"_links":{"self":[{"href":"https:\/\/peach-pump.com\/en\/wp-json\/wp\/v2\/product\/122386","targetHints":{"allow":["GET"]}}],"collection":[{"href":"https:\/\/peach-pump.com\/en\/wp-json\/wp\/v2\/product"}],"about":[{"href":"https:\/\/peach-pump.com\/en\/wp-json\/wp\/v2\/types\/product"}],"replies":[{"embeddable":true,"href":"https:\/\/peach-pump.com\/en\/wp-json\/wp\/v2\/comments?post=122386"}],"version-history":[{"count":1,"href":"https:\/\/peach-pump.com\/en\/wp-json\/wp\/v2\/product\/122386\/revisions"}],"predecessor-version":[{"id":133600,"href":"https:\/\/peach-pump.com\/en\/wp-json\/wp\/v2\/product\/122386\/revisions\/133600"}],"wp:featuredmedia":[{"embeddable":true,"href":"https:\/\/peach-pump.com\/en\/wp-json\/wp\/v2\/media\/119123"}],"wp:attachment":[{"href":"https:\/\/peach-pump.com\/en\/wp-json\/wp\/v2\/media?parent=122386"}],"wp:term":[{"taxonomy":"product_brand","embeddable":true,"href":"https:\/\/peach-pump.com\/en\/wp-json\/wp\/v2\/product_brand?post=122386"},{"taxonomy":"product_cat","embeddable":true,"href":"https:\/\/peach-pump.com\/en\/wp-json\/wp\/v2\/product_cat?post=122386"},{"taxonomy":"product_tag","embeddable":true,"href":"https:\/\/peach-pump.com\/en\/wp-json\/wp\/v2\/product_tag?post=122386"}],"curies":[{"name":"wp","href":"https:\/\/api.w.org\/{rel}","templated":true}]}}