{"id":122380,"date":"2025-06-15T22:34:43","date_gmt":"2025-06-15T20:34:43","guid":{"rendered":"https:\/\/peach-pump.com\/products\/svetlomodre-damske-leginy-s-jednoduchym-dizajnom\/"},"modified":"2025-11-09T16:08:48","modified_gmt":"2025-11-09T14:08:48","slug":"svetlomodre-damske-leginy-s-jednoduchym-dizajnom","status":"publish","type":"product","link":"https:\/\/peach-pump.com\/sk\/products\/svetlomodre-damske-leginy-s-jednoduchym-dizajnom\/","title":{"rendered":"Svetlomodr\u00e9 d\u00e1mske leg\u00edny s jednoduch\u00fdm dizajnom"},"content":{"rendered":"<p>Svetlomodr\u00e9 \u0161portov\u00e9 leg\u00edny s jednoduch\u00fdm dizajnom bez tvaruj\u00faceho efektu. Vzor nem\u00e1 vpredu \u0161ev, \u010do uprednost\u0148uje v\u00e4\u010d\u0161ina d\u00e1m a m\u00e1 \u0161ev v zadnej \u010dasti leg\u00edn. Elastick\u00e1 letn\u00e1 l\u00e1tka, ktor\u00e1 tvaruje telo a \u0161irok\u00fd opasok, ktor\u00fd zv\u00fdraz\u0148uje p\u00e1s. V prednej a zadnej \u010dasti leg\u00edn je 3D logo. \u0160vy vzoru s\u00fa ploch\u00e9 a nesp\u00f4sobuj\u00fa podr\u00e1\u017edenie. S\u00fa vhodn\u00e9 na silov\u00fd alebo aer\u00f3bny tr\u00e9ning, nezadr\u017eiavaj\u00fa vlhkos\u0165 v tele. Mo\u017eno ich kombinova\u0165 s kr\u00e1tkym crop topom v s\u00faprave vyrobenom z rovnakej l\u00e1tky.      <\/p>\n<p>Elastick\u00e1 \u013eahk\u00e1 letn\u00e1 tkanina<br \/>\nPloch\u00e9 \u0161vy<br \/>\n\u017diadny \u0161ev v prednej \u010dasti<br \/>\n\u0160ev v zadnej \u010dasti leg\u00edn<br \/>\n\u0160irok\u00fd opasok zv\u00fdraz\u0148uj\u00faci p\u00e1s<br \/>\n3D logo &#8220;Peach Pump&#8221; v zadnej a prednej \u010dasti leg\u00edn<br \/>\nTkanina, ktor\u00e1 nezadr\u017eiava vlhkos\u0165 v tele<\/p>\n<p>Zlo\u017eenie: spandex a polyester<\/p>\n<p>Leg\u00edny je mo\u017en\u00e9 pra\u0165 pri teplote do 30 stup\u0148ov, pros\u00edm, nebie\u013ete, nesu\u0161te v bubnovej su\u0161i\u010dke ani ne\u010distite chemicky.<\/p>\n<p>Modelka na obr\u00e1zku je vysok\u00e1 178 cm, v\u00e1\u017ei 57 kg a p\u00f3zuje vo ve\u013ekosti M.<\/p>\n<p>Na v\u00fdber presnej ve\u013ekosti pou\u017eite tabu\u013eky<\/p>\n","protected":false},"excerpt":{"rendered":"<p>Svetlomodr\u00e9 \u0161portov\u00e9 leg\u00edny s jednoduch\u00fdm dizajnom bez tvaruj\u00faceho efektu. Vzor nem\u00e1 vpredu \u0161ev, \u010do uprednost\u0148uje v\u00e4\u010d\u0161ina d\u00e1m a m\u00e1 \u0161ev v zadnej \u010dasti leg\u00edn. Elastick\u00e1 letn\u00e1 l\u00e1tka, ktor\u00e1 tvaruje telo a \u0161irok\u00fd opasok, ktor\u00fd zv\u00fdraz\u0148uje p\u00e1s. V prednej a zadnej \u010dasti leg\u00edn je 3D logo. \u0160vy vzoru s\u00fa ploch\u00e9 a nesp\u00f4sobuj\u00fa podr\u00e1\u017edenie. S\u00fa vhodn\u00e9 na [&hellip;]<\/p>\n","protected":false},"featured_media":119010,"comment_status":"open","ping_status":"closed","template":"","meta":[],"product_brand":[],"product_cat":[148,313],"product_tag":[],"class_list":{"0":"post-122380","1":"product","2":"type-product","3":"status-publish","4":"has-post-thumbnail","6":"product_cat-damske-sportove-leginy","7":"product_cat-damske-leginy-dlhe","8":"pa_cviat-svetlomodr","9":"pa_razmer-l-sk","10":"pa_razmer-m-sk-2","11":"pa_razmer-s-sk-2","12":"inventories-world","14":"first","15":"instock","16":"taxable","17":"shipping-taxable","18":"purchasable","19":"product-type-variable"},"_links":{"self":[{"href":"https:\/\/peach-pump.com\/sk\/wp-json\/wp\/v2\/product\/122380","targetHints":{"allow":["GET"]}}],"collection":[{"href":"https:\/\/peach-pump.com\/sk\/wp-json\/wp\/v2\/product"}],"about":[{"href":"https:\/\/peach-pump.com\/sk\/wp-json\/wp\/v2\/types\/product"}],"replies":[{"embeddable":true,"href":"https:\/\/peach-pump.com\/sk\/wp-json\/wp\/v2\/comments?post=122380"}],"version-history":[{"count":0,"href":"https:\/\/peach-pump.com\/sk\/wp-json\/wp\/v2\/product\/122380\/revisions"}],"wp:featuredmedia":[{"embeddable":true,"href":"https:\/\/peach-pump.com\/sk\/wp-json\/wp\/v2\/media\/119010"}],"wp:attachment":[{"href":"https:\/\/peach-pump.com\/sk\/wp-json\/wp\/v2\/media?parent=122380"}],"wp:term":[{"taxonomy":"product_brand","embeddable":true,"href":"https:\/\/peach-pump.com\/sk\/wp-json\/wp\/v2\/product_brand?post=122380"},{"taxonomy":"product_cat","embeddable":true,"href":"https:\/\/peach-pump.com\/sk\/wp-json\/wp\/v2\/product_cat?post=122380"},{"taxonomy":"product_tag","embeddable":true,"href":"https:\/\/peach-pump.com\/sk\/wp-json\/wp\/v2\/product_tag?post=122380"}],"curies":[{"name":"wp","href":"https:\/\/api.w.org\/{rel}","templated":true}]}}