{"id":122310,"date":"2025-06-18T18:02:45","date_gmt":"2025-06-18T16:02:45","guid":{"rendered":"https:\/\/peach-pump.com\/products\/cierna-sportova-podprsenka-bez-ramienok\/"},"modified":"2026-04-05T12:45:31","modified_gmt":"2026-04-05T10:45:31","slug":"cierna-sportova-podprsenka-bez-ramienok","status":"publish","type":"product","link":"https:\/\/peach-pump.com\/sk\/products\/cierna-sportova-podprsenka-bez-ramienok\/","title":{"rendered":"\u010cierna \u0161portov\u00e1 podprsenka bez ramienok"},"content":{"rendered":"<p>\u0160portov\u00e1 podprsenka bez ramienok v \u010diernej farbe s vyberate\u013en\u00fdmi vypch\u00e1vkami. Model je vhodn\u00fd na leto, m\u00f4\u017eete sa opa\u013eova\u0165 aj po\u010das behu, nezostan\u00fa \u017eiadne medzery medzi ramienkami. V spodnej \u010dasti je podprsenka elastick\u00e1, tak\u017ee poprsie zost\u00e1va stabiln\u00e9 a vy m\u00e1te \u00fapln\u00fa vo\u013enos\u0165 pohybu. D\u00e1 sa skombinova\u0165 s kr\u00e1tkymi alebo dlh\u00fdmi leg\u00ednami v rovnakej farbe, ktor\u00e9 dokonale dotvoria v\u00e1\u0161 letn\u00fd \u0161portov\u00fd vzh\u013ead.   <\/p>\n<ul>\n<li>Vypch\u00e1vky so zdv\u00edhac\u00edm efektom<\/li>\n<li>Gumi\u010dka v spodnej \u010dasti<\/li>\n<li>Tepelne vytla\u010den\u00e9 logo &#8220;Peach Pump&#8221; na \u013eavej strane podprsenky<\/li>\n<li>Tkanina, ktor\u00e1 nezadr\u017eiava vlhkos\u0165 v tele<\/li>\n<\/ul>\n<p>Podprsenku mo\u017eno pra\u0165 pri teplote do 30 stup\u0148ov, nepou\u017e\u00edvajte bielidl\u00e1, nesu\u0161te v su\u0161i\u010dke ani chemicky ne\u010distite.<\/p>\n<p>Modelka na fotografii je vysok\u00e1 167 cm, v\u00e1\u017ei 52 kg a p\u00f3zuje vo ve\u013ekosti M.<\/p>\n<p>Na v\u00fdber presnej ve\u013ekosti pou\u017eite tabu\u013eky<\/p>\n","protected":false},"excerpt":{"rendered":"<p>\u0160portov\u00e1 podprsenka bez ramienok v \u010diernej farbe s vyberate\u013en\u00fdmi vypch\u00e1vkami. Model je vhodn\u00fd na leto, m\u00f4\u017eete sa opa\u013eova\u0165 aj po\u010das behu, nezostan\u00fa \u017eiadne medzery medzi ramienkami. V spodnej \u010dasti je podprsenka elastick\u00e1, tak\u017ee poprsie zost\u00e1va stabiln\u00e9 a vy m\u00e1te \u00fapln\u00fa vo\u013enos\u0165 pohybu. D\u00e1 sa skombinova\u0165 s kr\u00e1tkymi alebo dlh\u00fdmi leg\u00ednami v rovnakej farbe, ktor\u00e9 dokonale [&hellip;]<\/p>\n","protected":false},"featured_media":119894,"comment_status":"open","ping_status":"closed","template":"","meta":[],"product_brand":[],"product_cat":[371],"product_tag":[],"class_list":{"0":"post-122310","1":"product","2":"type-product","3":"status-publish","4":"has-post-thumbnail","6":"product_cat-damske-sportovni-podprsenky","7":"pa_cviat-cierne","8":"pa_razmer-l-sk","9":"pa_razmer-m-sk-2","10":"pa_razmer-s-sk-2","11":"inventories-world","13":"first","14":"instock","15":"sale","16":"taxable","17":"shipping-taxable","18":"purchasable","19":"product-type-variable"},"_links":{"self":[{"href":"https:\/\/peach-pump.com\/sk\/wp-json\/wp\/v2\/product\/122310","targetHints":{"allow":["GET"]}}],"collection":[{"href":"https:\/\/peach-pump.com\/sk\/wp-json\/wp\/v2\/product"}],"about":[{"href":"https:\/\/peach-pump.com\/sk\/wp-json\/wp\/v2\/types\/product"}],"replies":[{"embeddable":true,"href":"https:\/\/peach-pump.com\/sk\/wp-json\/wp\/v2\/comments?post=122310"}],"version-history":[{"count":0,"href":"https:\/\/peach-pump.com\/sk\/wp-json\/wp\/v2\/product\/122310\/revisions"}],"wp:featuredmedia":[{"embeddable":true,"href":"https:\/\/peach-pump.com\/sk\/wp-json\/wp\/v2\/media\/119894"}],"wp:attachment":[{"href":"https:\/\/peach-pump.com\/sk\/wp-json\/wp\/v2\/media?parent=122310"}],"wp:term":[{"taxonomy":"product_brand","embeddable":true,"href":"https:\/\/peach-pump.com\/sk\/wp-json\/wp\/v2\/product_brand?post=122310"},{"taxonomy":"product_cat","embeddable":true,"href":"https:\/\/peach-pump.com\/sk\/wp-json\/wp\/v2\/product_cat?post=122310"},{"taxonomy":"product_tag","embeddable":true,"href":"https:\/\/peach-pump.com\/sk\/wp-json\/wp\/v2\/product_tag?post=122310"}],"curies":[{"name":"wp","href":"https:\/\/api.w.org\/{rel}","templated":true}]}}