{"id":118493,"date":"2025-06-11T10:19:30","date_gmt":"2025-06-11T08:19:30","guid":{"rendered":"https:\/\/peach-pump.com\/products\/bezsvova-siva-sportova-kombineza-s-nastavitelnymi-ramienkami\/"},"modified":"2026-04-08T07:22:35","modified_gmt":"2026-04-08T05:22:35","slug":"bezsvova-siva-sportova-kombineza-s-nastavitelnymi-ramienkami","status":"publish","type":"product","link":"https:\/\/peach-pump.com\/sk\/products\/bezsvova-siva-sportova-kombineza-s-nastavitelnymi-ramienkami\/","title":{"rendered":"Bez\u0161vov\u00e1 siv\u00e1 \u0161portov\u00e1 kombin\u00e9za s nastavite\u013en\u00fdmi ramienkami"},"content":{"rendered":"<p>\u0160ed\u00e1 \u0161portov\u00e1 kombin\u00e9za z bez\u0161vovej, elastickej tkaniny, ktor\u00e1 sa dokonale prisp\u00f4sob\u00ed telu. Model m\u00e1 nastavite\u013en\u00e9 ramienka v zadnej \u010dasti, vy\u0161\u0161\u00ed p\u00e1s, v zadnej \u010dasti , \u010do poskytuje pohodlie po\u010das cvi\u010denia. S\u00fa v \u0148om vypch\u00e1vky so zdv\u00edhac\u00edm efektom, ktor\u00e9 fixuj\u00fa poprsie a kr\u00e1sne vynikne aj bez podprsenky. V p\u00e1se kombin\u00e9zy v pomocou ripsov , ktor\u00e9 ju s\u0165ahuj\u00fa a tvaruj\u00fa , je vpleten\u00fd n\u00e1pis Peach Pump. Spodn\u00e1 \u010das\u0165 kombin\u00e9zy m\u00e1 brosky\u0148ov\u00fd efekt a dokonale tvaruje. Je k dispoz\u00edcii vo viacer\u00fdch farb\u00e1ch , v trende tejto sez\u00f3ny.     <\/p>\n<ul>\n<li>Bez\u0161vov\u00e1 tkanina<\/li>\n<li>Tkan\u00e1 brosky\u0148ov\u00e1 pumpa na p\u00e1se<\/li>\n<li>Nastavite\u013en\u00e9 ramienka<\/li>\n<li>Vypch\u00e1vky s Push-Up efektom<\/li>\n<li>Ripstopov\u00fd p\u00e1s, uprav\u00ed a vytvaruje<\/li>\n<li>Peachy efekt<\/li>\n<li>Tepelne vytla\u010den\u00e9 logo Peach Pump na boku a na zadnej strane overalu<\/li>\n<\/ul>\n<p>Zlo\u017eenie: 80% polyester, 20% spandex.<\/p>\n<p>Modelka na obr\u00e1zku je vysok\u00e1 164 cm, v\u00e1\u017ei 52 kg a p\u00f3zuje vo ve\u013ekosti S.<\/p>\n<p>Kombin\u00e9zu je mo\u017en\u00e9 pra\u0165 pri teplote do 30 stup\u0148ov, pros\u00edm, nebie\u013ete ani ne\u010distite chemicky.<\/p>\n<p>Na v\u00fdber presnej ve\u013ekosti pou\u017eite tabu\u013eky.<\/p>\n<p>&nbsp;<\/p>\n","protected":false},"excerpt":{"rendered":"<p>\u0160ed\u00e1 \u0161portov\u00e1 kombin\u00e9za z bez\u0161vovej, elastickej tkaniny, ktor\u00e1 sa dokonale prisp\u00f4sob\u00ed telu. Model m\u00e1 nastavite\u013en\u00e9 ramienka v zadnej \u010dasti, vy\u0161\u0161\u00ed p\u00e1s, v zadnej \u010dasti , \u010do poskytuje pohodlie po\u010das cvi\u010denia. S\u00fa v \u0148om vypch\u00e1vky so zdv\u00edhac\u00edm efektom, ktor\u00e9 fixuj\u00fa poprsie a kr\u00e1sne vynikne aj bez podprsenky. V p\u00e1se kombin\u00e9zy v pomocou ripsov , ktor\u00e9 ju [&hellip;]<\/p>\n","protected":false},"featured_media":118053,"comment_status":"open","ping_status":"closed","template":"","meta":[],"product_brand":[],"product_cat":[1129,374],"product_tag":[],"class_list":{"0":"post-118493","1":"product","2":"type-product","3":"status-publish","4":"has-post-thumbnail","6":"product_cat-damske-sportove-overaly","7":"product_cat-sportove-supravy-s-leginami","8":"pa_cviat-sed","9":"pa_razmer-l-sk","10":"pa_razmer-m-sk-2","11":"pa_razmer-s-sk-2","12":"inventories-world","13":"inventories-pl","15":"first","16":"instock","17":"taxable","18":"shipping-taxable","19":"purchasable","20":"product-type-variable"},"_links":{"self":[{"href":"https:\/\/peach-pump.com\/en\/wp-json\/wp\/v2\/product\/118493","targetHints":{"allow":["GET"]}}],"collection":[{"href":"https:\/\/peach-pump.com\/en\/wp-json\/wp\/v2\/product"}],"about":[{"href":"https:\/\/peach-pump.com\/en\/wp-json\/wp\/v2\/types\/product"}],"replies":[{"embeddable":true,"href":"https:\/\/peach-pump.com\/en\/wp-json\/wp\/v2\/comments?post=118493"}],"version-history":[{"count":0,"href":"https:\/\/peach-pump.com\/en\/wp-json\/wp\/v2\/product\/118493\/revisions"}],"wp:featuredmedia":[{"embeddable":true,"href":"https:\/\/peach-pump.com\/en\/wp-json\/wp\/v2\/media\/118053"}],"wp:attachment":[{"href":"https:\/\/peach-pump.com\/en\/wp-json\/wp\/v2\/media?parent=118493"}],"wp:term":[{"taxonomy":"product_brand","embeddable":true,"href":"https:\/\/peach-pump.com\/en\/wp-json\/wp\/v2\/product_brand?post=118493"},{"taxonomy":"product_cat","embeddable":true,"href":"https:\/\/peach-pump.com\/en\/wp-json\/wp\/v2\/product_cat?post=118493"},{"taxonomy":"product_tag","embeddable":true,"href":"https:\/\/peach-pump.com\/en\/wp-json\/wp\/v2\/product_tag?post=118493"}],"curies":[{"name":"wp","href":"https:\/\/api.w.org\/{rel}","templated":true}]}}