{"id":118484,"date":"2025-06-11T10:50:18","date_gmt":"2025-06-11T08:50:18","guid":{"rendered":"https:\/\/peach-pump.com\/products\/ruzova-kratka-sportova-kombineza\/"},"modified":"2026-04-03T10:34:22","modified_gmt":"2026-04-03T08:34:22","slug":"ruzova-kratka-sportova-kombineza","status":"publish","type":"product","link":"https:\/\/peach-pump.com\/sk\/products\/ruzova-kratka-sportova-kombineza\/","title":{"rendered":"Ru\u017eov\u00e1 kr\u00e1tka \u0161portov\u00e1 kombin\u00e9za"},"content":{"rendered":"<p>Ru\u017eov\u00e1 kr\u00e1tka \u0161portov\u00e1 kombin\u00e9za z bez\u0161vovej, elastickej tkaniny, ktor\u00e1 dokonale prilieha k telu. Model m\u00e1 nastavite\u013en\u00e9 ramienka na chrbte, vy\u0161\u0161\u00ed p\u00e1s v zadnej \u010dasti, \u010do poskytuje pohodlie po\u010das cvi\u010denia. M\u00e1 vypch\u00e1vky so zdv\u00edhac\u00edm efektom, ktor\u00e9 fixuj\u00fa poprsie a kr\u00e1sne vynikne bez podprsenky. P\u00e1s kombin\u00e9zy je z ripstopovej l\u00e1tky, ktor\u00e1 ho s\u0165ahuje a tvaruje, m\u00e1 vpleten\u00fd n\u00e1pis Peach Pump. Spodn\u00e1 \u010das\u0165 kombin\u00e9zy m\u00e1 brosky\u0148ov\u00fd efekt a dokonale tvaruje. Je k dispoz\u00edcii vo viacer\u00fdch farb\u00e1ch v trende tejto sez\u00f3ny.     <\/p>\n<ul>\n<li>Bez\u0161vov\u00e1 tkanina<\/li>\n<li>Vtkan\u00fd n\u00e1pis Peach Pump na p\u00e1se<\/li>\n<li>Nastavite\u013en\u00e9 ramienka<\/li>\n<li>Vypch\u00e1vky s Push-Up efektom<\/li>\n<li>Ripstopov\u00fd p\u00e1s, uprav\u00ed a vytvaruje<\/li>\n<li>Peachy efekt<\/li>\n<li>Tepelne vytla\u010den\u00e9 logo Peach Pump na boku a na zadnej strane overalu<\/li>\n<\/ul>\n<p>Zlo\u017eenie: 80% polyester, 20% spandex.<\/p>\n<p>Modelka na obr\u00e1zku je vysok\u00e1 164 cm, v\u00e1\u017ei 52 kg a p\u00f3zuje vo ve\u013ekosti S.<\/p>\n<p>Kombin\u00e9zu je mo\u017en\u00e9 pra\u0165 pri teplote do 30 stup\u0148ov, pros\u00edm, nebie\u013ete ani ne\u010distite chemicky.<\/p>\n<p>Na v\u00fdber presnej ve\u013ekosti pou\u017eite tabu\u013eky.<\/p>\n<p>&nbsp;<\/p>\n","protected":false},"excerpt":{"rendered":"<p>Ru\u017eov\u00e1 kr\u00e1tka \u0161portov\u00e1 kombin\u00e9za z bez\u0161vovej, elastickej tkaniny, ktor\u00e1 dokonale prilieha k telu. Model m\u00e1 nastavite\u013en\u00e9 ramienka na chrbte, vy\u0161\u0161\u00ed p\u00e1s v zadnej \u010dasti, \u010do poskytuje pohodlie po\u010das cvi\u010denia. M\u00e1 vypch\u00e1vky so zdv\u00edhac\u00edm efektom, ktor\u00e9 fixuj\u00fa poprsie a kr\u00e1sne vynikne bez podprsenky. P\u00e1s kombin\u00e9zy je z ripstopovej l\u00e1tky, ktor\u00e1 ho s\u0165ahuje a tvaruje, m\u00e1 vpleten\u00fd [&hellip;]<\/p>\n","protected":false},"featured_media":118198,"comment_status":"open","ping_status":"closed","template":"","meta":[],"product_brand":[],"product_cat":[1129,373],"product_tag":[],"class_list":{"0":"post-118484","1":"product","2":"type-product","3":"status-publish","4":"has-post-thumbnail","6":"product_cat-damske-sportove-overaly","7":"product_cat-kratke-leginy-sportove-outfity","8":"pa_cviat-ruzovo","9":"pa_razmer-m-sk-2","10":"pa_razmer-s-sk-2","11":"inventories-world","12":"inventories-pl","14":"first","15":"instock","16":"taxable","17":"shipping-taxable","18":"purchasable","19":"product-type-variable"},"_links":{"self":[{"href":"https:\/\/peach-pump.com\/sk\/wp-json\/wp\/v2\/product\/118484","targetHints":{"allow":["GET"]}}],"collection":[{"href":"https:\/\/peach-pump.com\/sk\/wp-json\/wp\/v2\/product"}],"about":[{"href":"https:\/\/peach-pump.com\/sk\/wp-json\/wp\/v2\/types\/product"}],"replies":[{"embeddable":true,"href":"https:\/\/peach-pump.com\/sk\/wp-json\/wp\/v2\/comments?post=118484"}],"version-history":[{"count":0,"href":"https:\/\/peach-pump.com\/sk\/wp-json\/wp\/v2\/product\/118484\/revisions"}],"wp:featuredmedia":[{"embeddable":true,"href":"https:\/\/peach-pump.com\/sk\/wp-json\/wp\/v2\/media\/118198"}],"wp:attachment":[{"href":"https:\/\/peach-pump.com\/sk\/wp-json\/wp\/v2\/media?parent=118484"}],"wp:term":[{"taxonomy":"product_brand","embeddable":true,"href":"https:\/\/peach-pump.com\/sk\/wp-json\/wp\/v2\/product_brand?post=118484"},{"taxonomy":"product_cat","embeddable":true,"href":"https:\/\/peach-pump.com\/sk\/wp-json\/wp\/v2\/product_cat?post=118484"},{"taxonomy":"product_tag","embeddable":true,"href":"https:\/\/peach-pump.com\/sk\/wp-json\/wp\/v2\/product_tag?post=118484"}],"curies":[{"name":"wp","href":"https:\/\/api.w.org\/{rel}","templated":true}]}}