{"id":117242,"date":"2025-05-29T11:13:17","date_gmt":"2025-05-29T09:13:17","guid":{"rendered":"https:\/\/peach-pump.com\/products\/kratke-zelene-sportove-tricko-prilahle-po-tele-s-vypchavkami\/"},"modified":"2026-03-19T08:16:25","modified_gmt":"2026-03-19T06:16:25","slug":"kratke-zelene-sportove-tricko-prilahle-po-tele-s-vypchavkami","status":"publish","type":"product","link":"https:\/\/peach-pump.com\/sk\/products\/kratke-zelene-sportove-tricko-prilahle-po-tele-s-vypchavkami\/","title":{"rendered":"Kr\u00e1tke zelen\u00e9 \u0161portov\u00e9 tri\u010dko pri\u013eahl\u00e9 po tele s vypch\u00e1vkami"},"content":{"rendered":"<p>Zelen\u00e1 farba \u201eMatcha\u201c kr\u00e1tke tri\u010dko pri\u013eahl\u00e9 po tele s vypch\u00e1vkami. Perfektne sed\u00ed a jeho strih z neho rob\u00ed nepostr\u00e1date\u013en\u00fd k\u00fasok pri \u0161portovom aj be\u017enom nosen\u00ed. Je vhodn\u00e9 do posil\u0148ovne, na beh, aer\u00f3bne cvi\u010denie alebo prech\u00e1dzku v parku, m\u00e1 skryt\u00fa gumu v spodnej \u010dasti, vypch\u00e1vky, ktor\u00e9 sa daj\u00fa vybra\u0165 a tkaninu, ktor\u00e1 nezadr\u017eiava vlhkos\u0165 na tele. Tri\u010dko m\u00e1 na ramene tepelne vytla\u010den\u00e9 logo \u201ePeach Pump\u201c, ktor\u00e9 je minimalistick\u00e9 a decentne vynik\u00e1. Tento vzor a sp\u00f4sob, ak\u00fdm sed\u00ed na tele, si zamilujete. Dokonale sa kombinuje so v\u0161etk\u00fdmi na\u0161imi kr\u00e1tkymi a dlh\u00fdmi leg\u00ednami.     <\/p>\n<p>Vypch\u00e1vky, ktor\u00e9 sa daj\u00fa odstr\u00e1ni\u0165<br \/>\nSkryt\u00e1 guma v spodnej \u010dasti<br \/>\nPerfektne sa prisp\u00f4sob\u00ed telu<br \/>\nTepelne vytla\u010den\u00e9 logo \u201ePeach Pump\u201c na ramene<br \/>\nTkanina, ktor\u00e1 neodv\u00e1dza vlhkos\u0165<\/p>\n<p>Zlo\u017eenie: spandex a polyester<\/p>\n<p>Tri\u010dko mo\u017eno pra\u0165 do 30 stup\u0148ov, nepou\u017e\u00edvajte bielidl\u00e1, nesu\u0161te v su\u0161i\u010dke ani chemicky ne\u010distite.<\/p>\n<p>Modelka na obr\u00e1zku je vysok\u00e1 178 cm, v\u00e1\u017ei 55 kg, m\u00e1 obvod hrudn\u00edka 90 cm a p\u00f3zuje vo ve\u013ekosti M.<\/p>\n<p>Na v\u00fdber presnej ve\u013ekosti pou\u017eite tabu\u013eky.<\/p>\n","protected":false},"excerpt":{"rendered":"<p>Zelen\u00e1 farba \u201eMatcha\u201c kr\u00e1tke tri\u010dko pri\u013eahl\u00e9 po tele s vypch\u00e1vkami. Perfektne sed\u00ed a jeho strih z neho rob\u00ed nepostr\u00e1date\u013en\u00fd k\u00fasok pri \u0161portovom aj be\u017enom nosen\u00ed. Je vhodn\u00e9 do posil\u0148ovne, na beh, aer\u00f3bne cvi\u010denie alebo prech\u00e1dzku v parku, m\u00e1 skryt\u00fa gumu v spodnej \u010dasti, vypch\u00e1vky, ktor\u00e9 sa daj\u00fa vybra\u0165 a tkaninu, ktor\u00e1 nezadr\u017eiava vlhkos\u0165 na tele. [&hellip;]<\/p>\n","protected":false},"featured_media":116798,"comment_status":"open","ping_status":"closed","template":"","meta":[],"product_brand":[],"product_cat":[370],"product_tag":[],"class_list":{"0":"post-117242","1":"product","2":"type-product","3":"status-publish","4":"has-post-thumbnail","6":"product_cat-damske-sportove-bluzky","7":"pa_cviat-zelene-sk","8":"pa_razmer-l-sk","9":"pa_razmer-m-sk-2","10":"pa_razmer-s-sk-2","11":"inventories-world","13":"first","14":"instock","15":"sale","16":"taxable","17":"shipping-taxable","18":"purchasable","19":"product-type-variable"},"_links":{"self":[{"href":"https:\/\/peach-pump.com\/en\/wp-json\/wp\/v2\/product\/117242","targetHints":{"allow":["GET"]}}],"collection":[{"href":"https:\/\/peach-pump.com\/en\/wp-json\/wp\/v2\/product"}],"about":[{"href":"https:\/\/peach-pump.com\/en\/wp-json\/wp\/v2\/types\/product"}],"replies":[{"embeddable":true,"href":"https:\/\/peach-pump.com\/en\/wp-json\/wp\/v2\/comments?post=117242"}],"version-history":[{"count":0,"href":"https:\/\/peach-pump.com\/en\/wp-json\/wp\/v2\/product\/117242\/revisions"}],"wp:featuredmedia":[{"embeddable":true,"href":"https:\/\/peach-pump.com\/en\/wp-json\/wp\/v2\/media\/116798"}],"wp:attachment":[{"href":"https:\/\/peach-pump.com\/en\/wp-json\/wp\/v2\/media?parent=117242"}],"wp:term":[{"taxonomy":"product_brand","embeddable":true,"href":"https:\/\/peach-pump.com\/en\/wp-json\/wp\/v2\/product_brand?post=117242"},{"taxonomy":"product_cat","embeddable":true,"href":"https:\/\/peach-pump.com\/en\/wp-json\/wp\/v2\/product_cat?post=117242"},{"taxonomy":"product_tag","embeddable":true,"href":"https:\/\/peach-pump.com\/en\/wp-json\/wp\/v2\/product_tag?post=117242"}],"curies":[{"name":"wp","href":"https:\/\/api.w.org\/{rel}","templated":true}]}}