{"id":117224,"date":"2025-05-28T14:54:25","date_gmt":"2025-05-28T12:54:25","guid":{"rendered":"https:\/\/peach-pump.com\/products\/svetlomodre-kratke-leginy-so-strednym-pasom-a-tvarujucim-efektom\/"},"modified":"2026-04-02T13:02:20","modified_gmt":"2026-04-02T11:02:20","slug":"svetlomodre-kratke-leginy-so-strednym-pasom-a-tvarujucim-efektom","status":"publish","type":"product","link":"https:\/\/peach-pump.com\/sk\/products\/svetlomodre-kratke-leginy-so-strednym-pasom-a-tvarujucim-efektom\/","title":{"rendered":"Svetlomodr\u00e9 kr\u00e1tke leg\u00edny so stredn\u00fdm p\u00e1som a tvaruj\u00facim efektom"},"content":{"rendered":"<p>\u0160portov\u00e9 kr\u00e1tke leg\u00edny v svetlomodrej farbe so stredn\u00fdm p\u00e1som a tvarovac\u00edm efektom, vytvoren\u00e9 z bez\u0161vovej, elastickej a na dotyk jemnej tkaniny. Tento model dokonale tvaruje telo, m\u00e1 ripstopov\u00fd opasok so stredn\u00fdm p\u00e1som, ktor\u00fd sa jemne s\u0165ahuje. L\u00e1tka leg\u00edn zakr\u00fdva problematick\u00e9 partie, odv\u00e1dza vlhkos\u0165 od tela pre kr\u00e1snu a p\u00f4vabn\u00fa siluetu.   S t\u00fdmto modelom sa budete c\u00edti\u0165 pohodlne a sebaisto. Leg\u00edny m\u00f4\u017eete skombinova\u0165 s podprsenkou alebo mikinou tejto zna\u010dky.<\/p>\n<ul>\n<li>Priemerne vysok\u00fd p\u00e1s<\/li>\n<li>Bez\u0161vov\u00e1 tkanina<\/li>\n<li>Zdv\u00edhac\u00ed, tvaruj\u00faci efekt, zakr\u00fdva problematick\u00e9 oblasti<\/li>\n<li>Opasok obop\u00ednaj\u00faci p\u00e1s<\/li>\n<li>Peachy efekt<\/li>\n<li>Tepelne vytla\u010den\u00fd n\u00e1pis &#8220;Peach Pump&#8221; na prednej strane<\/li>\n<li>Bez\u0161vov\u00e9 vpredu<\/li>\n<li>Tepelne vytla\u010den\u00e9 Peach Pump logo na zadnej strane leg\u00edn<\/li>\n<li>Tkanina, ktor\u00e1 odv\u00e1dza vlhkos\u0165 od tela<\/li>\n<\/ul>\n<p>Zlo\u017eenie: 80% polyester, 20% spandex<\/p>\n<p>Leg\u00edny je mo\u017en\u00e9 pra\u0165 pri teplote do 30 \u00b0C. Nepou\u017e\u00edva\u0165 bielenie alebo chemick\u00e9 \u010distenie.<\/p>\n<p>Modelka na fotografii je vysok\u00e1 178 cm, v\u00e1\u017ei 55 kg a p\u00f3zuje vo ve\u013ekosti S.<\/p>\n<p>Na v\u00fdber presnej ve\u013ekosti pou\u017eite tabu\u013eky.<\/p>\n","protected":false},"excerpt":{"rendered":"<p>\u0160portov\u00e9 kr\u00e1tke leg\u00edny v svetlomodrej farbe so stredn\u00fdm p\u00e1som a tvarovac\u00edm efektom, vytvoren\u00e9 z bez\u0161vovej, elastickej a na dotyk jemnej tkaniny. Tento model dokonale tvaruje telo, m\u00e1 ripstopov\u00fd opasok so stredn\u00fdm p\u00e1som, ktor\u00fd sa jemne s\u0165ahuje. L\u00e1tka leg\u00edn zakr\u00fdva problematick\u00e9 partie, odv\u00e1dza vlhkos\u0165 od tela pre kr\u00e1snu a p\u00f4vabn\u00fa siluetu. S t\u00fdmto modelom sa budete [&hellip;]<\/p>\n","protected":false},"featured_media":116425,"comment_status":"open","ping_status":"closed","template":"","meta":[],"product_brand":[],"product_cat":[203,148],"product_tag":[],"class_list":{"0":"post-117224","1":"product","2":"type-product","3":"status-publish","4":"has-post-thumbnail","6":"product_cat-kratke-leginy-sk","7":"product_cat-damske-sportove-leginy","8":"pa_cviat-svetlomodr","9":"pa_razmer-l-sk","10":"pa_razmer-m-sk-2","11":"pa_razmer-s-sk-2","12":"pa_razmer-xs-sk","13":"inventories-world","15":"first","16":"instock","17":"taxable","18":"shipping-taxable","19":"purchasable","20":"product-type-variable"},"_links":{"self":[{"href":"https:\/\/peach-pump.com\/sk\/wp-json\/wp\/v2\/product\/117224","targetHints":{"allow":["GET"]}}],"collection":[{"href":"https:\/\/peach-pump.com\/sk\/wp-json\/wp\/v2\/product"}],"about":[{"href":"https:\/\/peach-pump.com\/sk\/wp-json\/wp\/v2\/types\/product"}],"replies":[{"embeddable":true,"href":"https:\/\/peach-pump.com\/sk\/wp-json\/wp\/v2\/comments?post=117224"}],"version-history":[{"count":0,"href":"https:\/\/peach-pump.com\/sk\/wp-json\/wp\/v2\/product\/117224\/revisions"}],"wp:featuredmedia":[{"embeddable":true,"href":"https:\/\/peach-pump.com\/sk\/wp-json\/wp\/v2\/media\/116425"}],"wp:attachment":[{"href":"https:\/\/peach-pump.com\/sk\/wp-json\/wp\/v2\/media?parent=117224"}],"wp:term":[{"taxonomy":"product_brand","embeddable":true,"href":"https:\/\/peach-pump.com\/sk\/wp-json\/wp\/v2\/product_brand?post=117224"},{"taxonomy":"product_cat","embeddable":true,"href":"https:\/\/peach-pump.com\/sk\/wp-json\/wp\/v2\/product_cat?post=117224"},{"taxonomy":"product_tag","embeddable":true,"href":"https:\/\/peach-pump.com\/sk\/wp-json\/wp\/v2\/product_tag?post=117224"}],"curies":[{"name":"wp","href":"https:\/\/api.w.org\/{rel}","templated":true}]}}