{"id":115445,"date":"2025-05-09T13:50:03","date_gmt":"2025-05-09T11:50:03","guid":{"rendered":"https:\/\/peach-pump.com\/products\/biela-suprava-kratkych-legin-s-vreckami-a-podprsenkou\/"},"modified":"2026-01-18T13:19:44","modified_gmt":"2026-01-18T11:19:44","slug":"biela-suprava-kratkych-legin-s-vreckami-a-podprsenkou","status":"publish","type":"product","link":"https:\/\/peach-pump.com\/sk\/products\/biela-suprava-kratkych-legin-s-vreckami-a-podprsenkou\/","title":{"rendered":"Biela s\u00faprava kr\u00e1tkych leg\u00edn s vreckami a podprsenkou"},"content":{"rendered":"<p>Biela s\u00faprava, kr\u00e1tke leg\u00edny s vreckami a podprsenka s vypch\u00e1vkami. Leg\u00edny s\u00fa z m\u00e4kkej na dotyk tkaniny, maj\u00fa elastick\u00fd \u0161ev v zadnej \u010dasti typu &#8220;nevidite\u013en\u00fd scrunch&#8221;, ktor\u00fd dokonale tvaruje telo, maj\u00fa dve bo\u010dn\u00e9 vreck\u00e1, vhodn\u00e9 na telef\u00f3n alebo fitnes kartu a poskytuj\u00fa pohodlie po\u010das cvi\u010denia. \u0160irok\u00fd opasok jemne zu\u017euje p\u00e1s a modeluje siluetu. Podprsenka m\u00e1 nastavite\u013en\u00e9 ramienka, vypch\u00e1vky, ktor\u00e9 s\u00fa v pr\u00edpade potreby odn\u00edmate\u013en\u00e9. \u0160portov\u00fa s\u00faprav\u00fa m\u00f4\u017eete skombinova\u0165 s doplnkom &#8211; \u010diapkou, pono\u017ekami alebo mikinou tejto zna\u010dky, \u010d\u00edm dokonale dotvor\u00edte svoj vzh\u013ead Peach Pump.    <\/p>\n<p>O podprsenke:<\/p>\n<ul>\n<li> Vypch\u00e1vky, ktor\u00e9 sa daj\u00fa odstr\u00e1ni\u0165.<\/li>\n<li> Push-Up efekt<\/li>\n<li> Nastavite\u013en\u00e9 ramienka<\/li>\n<li> Ve\u013ek\u00e1 pru\u017enos\u0165<\/li>\n<li> Tepelne vytla\u010den\u00e9 Peach Pump logo na bo\u010dnej \u010dasti podprsenky<\/li>\n<li> Tkanina, ktor\u00e1 odv\u00e1dza vlhkos\u0165 od tela<\/li>\n<\/ul>\n<p>O leg\u00ednach:<\/p>\n<ul>\n<li>Vysok\u00fd p\u00e1s<\/li>\n<li>Dve bo\u010dn\u00e9 vreck\u00e1<\/li>\n<li>Bez\u0161vov\u00e1 tkanina<\/li>\n<li>Zdv\u00edha, tvaruje a spev\u0148uje<\/li>\n<li>Skr\u00fdva problematick\u00e9 oblasti<\/li>\n<li>Brosky\u0148ov\u00fd efekt typu &#8220;nevidite\u013en\u00fd scrunch&#8221;<\/li>\n<li>Tepelne vytla\u010den\u00e9 Peach Pump logo na zadnej strane leg\u00edn<\/li>\n<li>Tepelne vytla\u010den\u00e9 logo Peach Pump na prednej strane leg\u00ednov\u00e9ho vrecka<\/li>\n<li>Bez\u0161vov\u00e1 tkanina, ktor\u00e1 nezadr\u017eiava vlhkos\u0165 v tele<\/li>\n<\/ul>\n<p>Zlo\u017eenie: 92% nylon; 8% spandex<\/p>\n<p>S\u00fapravu mo\u017eno pra\u0165 pri 30 stup\u0148ov, nepou\u017e\u00edvajte bielidl\u00e1 ani chemick\u00e9 \u010distenie.<\/p>\n<p>Modelka na fotografii je vysok\u00e1 168 cm, v\u00e1\u017ei 51 kg a p\u00f3zuje v leg\u00ednach ve\u013ekosti S a podrpsenke ve\u013ekosti S.<\/p>\n<p>Na v\u00fdber presnej ve\u013ekosti pou\u017eite tabu\u013eky.<\/p>\n","protected":false},"excerpt":{"rendered":"<p>Biela s\u00faprava, kr\u00e1tke leg\u00edny s vreckami a podprsenka s vypch\u00e1vkami. Leg\u00edny s\u00fa z m\u00e4kkej na dotyk tkaniny, maj\u00fa elastick\u00fd \u0161ev v zadnej \u010dasti typu &#8220;nevidite\u013en\u00fd scrunch&#8221;, ktor\u00fd dokonale tvaruje telo, maj\u00fa dve bo\u010dn\u00e9 vreck\u00e1, vhodn\u00e9 na telef\u00f3n alebo fitnes kartu a poskytuj\u00fa pohodlie po\u010das cvi\u010denia. \u0160irok\u00fd opasok jemne zu\u017euje p\u00e1s a modeluje siluetu. Podprsenka m\u00e1 [&hellip;]<\/p>\n","protected":false},"featured_media":114596,"comment_status":"open","ping_status":"closed","template":"","meta":[],"product_brand":[],"product_cat":[373,372],"product_tag":[],"class_list":{"0":"post-115445","1":"product","2":"type-product","3":"status-publish","4":"has-post-thumbnail","6":"product_cat-kratke-leginy-sportove-outfity","7":"product_cat-sportov-sety","8":"inventories-world","10":"first","11":"instock","12":"virtual","13":"taxable","14":"purchasable","15":"product-type-yith_bundle"},"_links":{"self":[{"href":"https:\/\/peach-pump.com\/en\/wp-json\/wp\/v2\/product\/115445","targetHints":{"allow":["GET"]}}],"collection":[{"href":"https:\/\/peach-pump.com\/en\/wp-json\/wp\/v2\/product"}],"about":[{"href":"https:\/\/peach-pump.com\/en\/wp-json\/wp\/v2\/types\/product"}],"replies":[{"embeddable":true,"href":"https:\/\/peach-pump.com\/en\/wp-json\/wp\/v2\/comments?post=115445"}],"version-history":[{"count":0,"href":"https:\/\/peach-pump.com\/en\/wp-json\/wp\/v2\/product\/115445\/revisions"}],"wp:featuredmedia":[{"embeddable":true,"href":"https:\/\/peach-pump.com\/en\/wp-json\/wp\/v2\/media\/114596"}],"wp:attachment":[{"href":"https:\/\/peach-pump.com\/en\/wp-json\/wp\/v2\/media?parent=115445"}],"wp:term":[{"taxonomy":"product_brand","embeddable":true,"href":"https:\/\/peach-pump.com\/en\/wp-json\/wp\/v2\/product_brand?post=115445"},{"taxonomy":"product_cat","embeddable":true,"href":"https:\/\/peach-pump.com\/en\/wp-json\/wp\/v2\/product_cat?post=115445"},{"taxonomy":"product_tag","embeddable":true,"href":"https:\/\/peach-pump.com\/en\/wp-json\/wp\/v2\/product_tag?post=115445"}],"curies":[{"name":"wp","href":"https:\/\/api.w.org\/{rel}","templated":true}]}}