{"id":113548,"date":"2025-04-21T12:13:49","date_gmt":"2025-04-21T10:13:49","guid":{"rendered":"https:\/\/peach-pump.com\/products\/modre-sortky-s-leginami-a-vreckami\/"},"modified":"2026-04-05T20:17:47","modified_gmt":"2026-04-05T18:17:47","slug":"modre-sortky-s-leginami-a-vreckami","status":"publish","type":"product","link":"https:\/\/peach-pump.com\/sk\/products\/modre-sortky-s-leginami-a-vreckami\/","title":{"rendered":"Modr\u00e9 \u0161ortky s leg\u00ednami a vreckami"},"content":{"rendered":"<p>D\u00e1mske modr\u00e9 \u0161ortky s leg\u00ednami a bo\u010dn\u00fdmi vreckami. Model je vyroben\u00fd z m\u00e4kkej tkaniny, vo\u013en\u00e9ho strihu so \u0161irok\u00fdm p\u00e1som a vn\u00fatorn\u00fdmi leg\u00ednami, s ktor\u00fdmi budete c\u00edti\u0165 pohodlie a \u00fapln\u00fa vo\u013enos\u0165 pohybu. \u0160ortky s\u00fa ide\u00e1lne na hor\u00face letn\u00e9 dni, beh, posil\u0148ov\u0148u alebo prech\u00e1dzku v parku. Stredn\u00fd p\u00e1s, na \u00farovni pupku, bo\u010dn\u00e9 rozparky dod\u00e1vaj\u00face sexy vzh\u013ead. K dispoz\u00edcii v nieko\u013ek\u00fdch farb\u00e1ch trendov\u00fdch pre t\u00fato sez\u00f3nu.    <\/p>\n<ul>\n<li>M\u00e4kk\u00e1 tkanina na dotyk<\/li>\n<li>\u0160irok\u00e1 guma<\/li>\n<li>Vn\u00fatorn\u00e9 leg\u00edny<\/li>\n<li>Dve bo\u010dn\u00e9 vreck\u00e1<\/li>\n<li>Teplne vytla\u010den\u00e9 logo &#8220;Peach Pump&#8221; na \u0161ortk\u00e1ch<\/li>\n<li>Tepelne vytla\u010den\u00fd n\u00e1pis &#8220;Peach Pump&#8221; na vn\u00fatornych leg\u00ednach<\/li>\n<\/ul>\n<p>Zlo\u017eenie: 80% polyester, 20% spandex<\/p>\n<p>\u0160ortky mo\u017eno pra\u0165 pri teplote do 30 stup\u0148ov, nepou\u017e\u00edvajte bielidl\u00e1 ani chemick\u00e9 \u010distenie.<\/p>\n<p>Modelka na obr\u00e1zku je vysok\u00e1 169 cm, v\u00e1\u017ei 50 kg a p\u00f3zuje vo ve\u013ekosti S.<\/p>\n<p>Na v\u00fdber presnej ve\u013ekosti pou\u017eite tabu\u013eky.<\/p>\n","protected":false},"excerpt":{"rendered":"<p>D\u00e1mske modr\u00e9 \u0161ortky s leg\u00ednami a bo\u010dn\u00fdmi vreckami. Model je vyroben\u00fd z m\u00e4kkej tkaniny, vo\u013en\u00e9ho strihu so \u0161irok\u00fdm p\u00e1som a vn\u00fatorn\u00fdmi leg\u00ednami, s ktor\u00fdmi budete c\u00edti\u0165 pohodlie a \u00fapln\u00fa vo\u013enos\u0165 pohybu. \u0160ortky s\u00fa ide\u00e1lne na hor\u00face letn\u00e9 dni, beh, posil\u0148ov\u0148u alebo prech\u00e1dzku v parku. Stredn\u00fd p\u00e1s, na \u00farovni pupku, bo\u010dn\u00e9 rozparky dod\u00e1vaj\u00face sexy vzh\u013ead. K [&hellip;]<\/p>\n","protected":false},"featured_media":112909,"comment_status":"open","ping_status":"closed","template":"","meta":[],"product_brand":[],"product_cat":[148,203],"product_tag":[],"class_list":{"0":"post-113548","1":"product","2":"type-product","3":"status-publish","4":"has-post-thumbnail","6":"product_cat-damske-sportove-leginy","7":"product_cat-kratke-leginy-sk","8":"pa_cviat-modr-sk","9":"pa_razmer-l-sk","10":"pa_razmer-m-sk-2","11":"pa_razmer-s-sk-2","12":"inventories-world","14":"first","15":"instock","16":"taxable","17":"shipping-taxable","18":"purchasable","19":"product-type-variable"},"_links":{"self":[{"href":"https:\/\/peach-pump.com\/en\/wp-json\/wp\/v2\/product\/113548","targetHints":{"allow":["GET"]}}],"collection":[{"href":"https:\/\/peach-pump.com\/en\/wp-json\/wp\/v2\/product"}],"about":[{"href":"https:\/\/peach-pump.com\/en\/wp-json\/wp\/v2\/types\/product"}],"replies":[{"embeddable":true,"href":"https:\/\/peach-pump.com\/en\/wp-json\/wp\/v2\/comments?post=113548"}],"version-history":[{"count":0,"href":"https:\/\/peach-pump.com\/en\/wp-json\/wp\/v2\/product\/113548\/revisions"}],"wp:featuredmedia":[{"embeddable":true,"href":"https:\/\/peach-pump.com\/en\/wp-json\/wp\/v2\/media\/112909"}],"wp:attachment":[{"href":"https:\/\/peach-pump.com\/en\/wp-json\/wp\/v2\/media?parent=113548"}],"wp:term":[{"taxonomy":"product_brand","embeddable":true,"href":"https:\/\/peach-pump.com\/en\/wp-json\/wp\/v2\/product_brand?post=113548"},{"taxonomy":"product_cat","embeddable":true,"href":"https:\/\/peach-pump.com\/en\/wp-json\/wp\/v2\/product_cat?post=113548"},{"taxonomy":"product_tag","embeddable":true,"href":"https:\/\/peach-pump.com\/en\/wp-json\/wp\/v2\/product_tag?post=113548"}],"curies":[{"name":"wp","href":"https:\/\/api.w.org\/{rel}","templated":true}]}}