{"id":100202,"date":"2024-12-02T22:29:23","date_gmt":"2024-12-02T20:29:23","guid":{"rendered":"https:\/\/peach-pump.com\/products\/kratke-leginy-a-podprsenka-suprava-modra\/"},"modified":"2026-01-23T15:57:48","modified_gmt":"2026-01-23T13:57:48","slug":"kratke-leginy-a-podprsenka-suprava-modra","status":"publish","type":"product","link":"https:\/\/peach-pump.com\/sk\/products\/kratke-leginy-a-podprsenka-suprava-modra\/","title":{"rendered":"Svetlomodr\u00e1 s\u00faprava z kr\u00e1tkych leg\u00edn a podprsenky"},"content":{"rendered":"<p>\u0160portov\u00e1 svetlomodr\u00e1 s\u00faprava, kr\u00e1tke leg\u00edny a podprsenka, vytvoren\u00e1 z elastickej a na dotyk jemnej tkaniny. Pozost\u00e1va z kr\u00e1tkych motork\u00e1rskych \u0161ortiek vyroben\u00fdch z bez\u0161vovej, elastickej a na dotyk jemnej tkaniny. Tento model dokonale tvaruje telo, m\u00e1 \u0161irok\u00fd ripstopov\u00fd opsok s vytla\u010den\u00fdm n\u00e1pisom &#8220;Peach Pump&#8221;, ktor\u00fd jemne s\u0165ahuje p\u00e1s. L\u00e1tka leg\u00edn zakr\u00fdva problematick\u00e9 partie, odv\u00e1dza vlhkos\u0165 od tela a m\u00e1 prvky, ktor\u00e9 tvaruj\u00fa brosky\u0148ov\u00fd zado\u010dek pre kr\u00e1snu a p\u00f4vabn\u00fa siluetu. Podprsenka m\u00e1 nastavite\u013en\u00e9 ramienka, vypch\u00e1vky, ktor\u00e9 sa daj\u00fa \u013eubovo\u013ene vybra\u0165, d\u00e1 sa nosi\u0165 pod oble\u010den\u00edm, jej dizajn je nen\u00e1padn\u00fd a budete c\u00edti\u0165 pohodlie a vo\u013enos\u0165 pohybu. \u0160portov\u00fa s\u00fapravu m\u00f4\u017eete skombinova\u0165 so \u0161iltovkou a mikinou tejto zna\u010dky, ktor\u00e9 dokonale dotvoria v\u00e1\u0161 Peach Pump vzh\u013ead.<\/p>\n<p>O podprsenke:<\/p>\n<ul>\n<li> Vypch\u00e1vky, ktor\u00e9 sa daj\u00fa odstr\u00e1ni\u0165.<\/li>\n<li> Push-Up efekt<\/li>\n<li> Nastavite\u013en\u00e9 ramienka<\/li>\n<li> Ve\u013ek\u00e1 pru\u017enos\u0165<\/li>\n<li> Tepelne vytla\u010den\u00e9 Peach Pump logo na bo\u010dnej \u010dasti podprsenky<\/li>\n<li> Tkanina, ktor\u00e1 odv\u00e1dza vlhkos\u0165 od tela<\/li>\n<\/ul>\n<p>O leg\u00ednach:<\/p>\n<ul>\n<li>Vysok\u00fd p\u00e1s<\/li>\n<li>Bez\u0161vov\u00e1 tkanina<\/li>\n<li>Zdv\u00edhaj\u00fa, tvaruj\u00fa, zakr\u00fdvaj\u00fa probl\u00e9mov\u00e9 partie<\/li>\n<li>Opasok obop\u00ednaj\u00faci p\u00e1s<\/li>\n<li>Tvarovac\u00ed Peach Pump efekt<\/li>\n<li>Tepelne vytla\u010den\u00fd n\u00e1pis &#8220;Peach Pump&#8221; na prednej strane<\/li>\n<li>Bez\u0161vov\u00e9 vpredu<\/li>\n<li>Tepelne vytla\u010den\u00e9 Peach Pump logo na zadnej strane leg\u00edn<\/li>\n<li>Vtkan\u00fd n\u00e1pis &#8220;Peach Pump&#8221; na p\u00e1se<\/li>\n<li>Tkanina, ktor\u00e1 odv\u00e1dza vlhkos\u0165 od tela<\/li>\n<\/ul>\n<p>Zlo\u017eenie: 80% polyester, 20% spandex<\/p>\n<p>S\u00fapravu mo\u017eno pra\u0165 na 30 stup\u0148ov, nepou\u017e\u00edvajte bielidl\u00e1 ani chemick\u00e9 \u010distenie.<\/p>\n<p>Modelka na fotografii je vysok\u00e1 168 cm, v\u00e1\u017ei 51 kg a p\u00f3zuje v leg\u00ednach ve\u013ekosti S a podrpsenke ve\u013ekosti S.<\/p>\n<p>Na v\u00fdber presnej ve\u013ekosti pou\u017eite tabu\u013eky.<\/p>\n","protected":false},"excerpt":{"rendered":"<p>\u0160portov\u00e1 svetlomodr\u00e1 s\u00faprava, kr\u00e1tke leg\u00edny a podprsenka, vytvoren\u00e1 z elastickej a na dotyk jemnej tkaniny. Pozost\u00e1va z kr\u00e1tkych motork\u00e1rskych \u0161ortiek vyroben\u00fdch z bez\u0161vovej, elastickej a na dotyk jemnej tkaniny. Tento model dokonale tvaruje telo, m\u00e1 \u0161irok\u00fd ripstopov\u00fd opsok s vytla\u010den\u00fdm n\u00e1pisom &#8220;Peach Pump&#8221;, ktor\u00fd jemne s\u0165ahuje p\u00e1s. L\u00e1tka leg\u00edn zakr\u00fdva problematick\u00e9 partie, odv\u00e1dza vlhkos\u0165 od [&hellip;]<\/p>\n","protected":false},"featured_media":98147,"comment_status":"open","ping_status":"closed","template":"","meta":[],"product_brand":[],"product_cat":[372,373],"product_tag":[],"class_list":{"0":"post-100202","1":"product","2":"type-product","3":"status-publish","4":"has-post-thumbnail","6":"product_cat-sportov-sety","7":"product_cat-kratke-leginy-sportove-outfity","9":"first","10":"outofstock","11":"taxable","12":"shipping-taxable","13":"purchasable","14":"product-type-yith_bundle"},"_links":{"self":[{"href":"https:\/\/peach-pump.com\/en\/wp-json\/wp\/v2\/product\/100202","targetHints":{"allow":["GET"]}}],"collection":[{"href":"https:\/\/peach-pump.com\/en\/wp-json\/wp\/v2\/product"}],"about":[{"href":"https:\/\/peach-pump.com\/en\/wp-json\/wp\/v2\/types\/product"}],"replies":[{"embeddable":true,"href":"https:\/\/peach-pump.com\/en\/wp-json\/wp\/v2\/comments?post=100202"}],"version-history":[{"count":1,"href":"https:\/\/peach-pump.com\/en\/wp-json\/wp\/v2\/product\/100202\/revisions"}],"predecessor-version":[{"id":105102,"href":"https:\/\/peach-pump.com\/en\/wp-json\/wp\/v2\/product\/100202\/revisions\/105102"}],"wp:featuredmedia":[{"embeddable":true,"href":"https:\/\/peach-pump.com\/en\/wp-json\/wp\/v2\/media\/98147"}],"wp:attachment":[{"href":"https:\/\/peach-pump.com\/en\/wp-json\/wp\/v2\/media?parent=100202"}],"wp:term":[{"taxonomy":"product_brand","embeddable":true,"href":"https:\/\/peach-pump.com\/en\/wp-json\/wp\/v2\/product_brand?post=100202"},{"taxonomy":"product_cat","embeddable":true,"href":"https:\/\/peach-pump.com\/en\/wp-json\/wp\/v2\/product_cat?post=100202"},{"taxonomy":"product_tag","embeddable":true,"href":"https:\/\/peach-pump.com\/en\/wp-json\/wp\/v2\/product_tag?post=100202"}],"curies":[{"name":"wp","href":"https:\/\/api.w.org\/{rel}","templated":true}]}}