{"id":100200,"date":"2024-11-17T21:23:58","date_gmt":"2024-11-17T19:23:58","guid":{"rendered":"https:\/\/peach-pump.com\/products\/cierne-sportove-ponozky\/"},"modified":"2026-04-01T23:02:57","modified_gmt":"2026-04-01T21:02:57","slug":"cierne-sportove-ponozky","status":"publish","type":"product","link":"https:\/\/peach-pump.com\/sk\/products\/cierne-sportove-ponozky\/","title":{"rendered":"D\u00e1mske \u010dierne \u0161portov\u00e9 pono\u017eky Peach Pump"},"content":{"rendered":"<p>D\u00e1mske \u010dierne \u0161portov\u00e9 pono\u017eky s vy\u0161it\u00fdm logom Peach Pump maj\u00fa zosilnen\u00fa spodn\u00fa \u010das\u0165 a poskytuj\u00fa pevnos\u0165, stabilitu a tlmenie pri pohybe. S\u00fa vyroben\u00e9 z tkaniny odv\u00e1dzaj\u00facej vlhkos\u0165, ktor\u00e1 v\u00e1s udr\u017e\u00ed svie\u017ee. <\/p>\n<ul>\n<li>M\u00e4kk\u00e1 tkanina<\/li>\n<li>vysok\u00e1 kvalita<\/li>\n<li>Elasticita<\/li>\n<li>80% bavlna<\/li>\n<li>V\u0161it\u00e9 logo Peach Pump<\/li>\n<li>Zosilnen\u00e1 spodn\u00e1 \u010das\u0165 pre v\u00e4\u010d\u0161iu odolnos\u0165<\/li>\n<li>&#8220;Crew size&#8221; &#8211; d\u013a\u017eka po l\u00fdtko<\/li>\n<\/ul>\n<p>Zlo\u017eenie: 80% bavlna, 17% polyester, 3% elastan. Mo\u017eno pra\u0165 pri 40\u00b0C bez chemick\u00e9ho \u010distenia, su\u0161i\u0165 pri n\u00edzkej teplote. Pono\u017eky nie je mo\u017en\u00e9 vr\u00e1ti\u0165 ani vymeni\u0165!<\/p>\n","protected":false},"excerpt":{"rendered":"<p>D\u00e1mske \u010dierne \u0161portov\u00e9 pono\u017eky s vy\u0161it\u00fdm logom Peach Pump maj\u00fa zosilnen\u00fa spodn\u00fa \u010das\u0165 a poskytuj\u00fa pevnos\u0165, stabilitu a tlmenie pri pohybe. S\u00fa vyroben\u00e9 z tkaniny odv\u00e1dzaj\u00facej vlhkos\u0165, ktor\u00e1 v\u00e1s udr\u017e\u00ed svie\u017ee. M\u00e4kk\u00e1 tkanina vysok\u00e1 kvalita Elasticita 80% bavlna V\u0161it\u00e9 logo Peach Pump Zosilnen\u00e1 spodn\u00e1 \u010das\u0165 pre v\u00e4\u010d\u0161iu odolnos\u0165 &#8220;Crew size&#8221; &#8211; d\u013a\u017eka po l\u00fdtko Zlo\u017eenie: [&hellip;]<\/p>\n","protected":false},"featured_media":96484,"comment_status":"open","ping_status":"closed","template":"","meta":[],"product_brand":[],"product_cat":[782],"product_tag":[],"class_list":{"0":"post-100200","1":"product","2":"type-product","3":"status-publish","4":"has-post-thumbnail","6":"product_cat-doplnky","7":"pa_cviat-cierne","8":"pa_razmer-jedna-velkost","9":"inventories-world","10":"inventories-pl","11":"inventories-uk","13":"first","14":"instock","15":"taxable","16":"shipping-taxable","17":"purchasable","18":"product-type-variable"},"_links":{"self":[{"href":"https:\/\/peach-pump.com\/en\/wp-json\/wp\/v2\/product\/100200","targetHints":{"allow":["GET"]}}],"collection":[{"href":"https:\/\/peach-pump.com\/en\/wp-json\/wp\/v2\/product"}],"about":[{"href":"https:\/\/peach-pump.com\/en\/wp-json\/wp\/v2\/types\/product"}],"replies":[{"embeddable":true,"href":"https:\/\/peach-pump.com\/en\/wp-json\/wp\/v2\/comments?post=100200"}],"version-history":[{"count":0,"href":"https:\/\/peach-pump.com\/en\/wp-json\/wp\/v2\/product\/100200\/revisions"}],"wp:featuredmedia":[{"embeddable":true,"href":"https:\/\/peach-pump.com\/en\/wp-json\/wp\/v2\/media\/96484"}],"wp:attachment":[{"href":"https:\/\/peach-pump.com\/en\/wp-json\/wp\/v2\/media?parent=100200"}],"wp:term":[{"taxonomy":"product_brand","embeddable":true,"href":"https:\/\/peach-pump.com\/en\/wp-json\/wp\/v2\/product_brand?post=100200"},{"taxonomy":"product_cat","embeddable":true,"href":"https:\/\/peach-pump.com\/en\/wp-json\/wp\/v2\/product_cat?post=100200"},{"taxonomy":"product_tag","embeddable":true,"href":"https:\/\/peach-pump.com\/en\/wp-json\/wp\/v2\/product_tag?post=100200"}],"curies":[{"name":"wp","href":"https:\/\/api.w.org\/{rel}","templated":true}]}}