{"id":96686,"date":"2024-11-17T21:21:45","date_gmt":"2024-11-17T19:21:45","guid":{"rendered":"https:\/\/peach-pump.com\/products\/sosete-sport-negre-linii-albe\/"},"modified":"2026-03-29T16:00:15","modified_gmt":"2026-03-29T14:00:15","slug":"sosete-sport-negre-linii-albe","status":"publish","type":"product","link":"https:\/\/peach-pump.com\/ro\/products\/sosete-sport-negre-linii-albe\/","title":{"rendered":"\u0218osete sport negre cu linii albe Peach Pump"},"content":{"rendered":"<p>\u0218osetele sport negre cu linii albe \u0219i logo-ul Peach Pump brodat, au partea de jos \u00eent\u0103rit\u0103 \u0219i ofer\u0103 durabilitate, stabilitate \u0219i amortizare atunci c\u00e2nd v\u0103 mi\u0219ca\u021bi. Sunt confec\u021bionate din \u021bes\u0103tur\u0103 care evacueaz\u0103 umezeala \u0219i v\u0103 men\u021bine proaspete. <\/p>\n<ul>\n<li>Material moale<\/li>\n<li>Calitate \u00eenalt\u0103<\/li>\n<li>Elasticitate<\/li>\n<li>80% bumbac<\/li>\n<li>Logo \u201dPeach Pump\u201d \u021besut<\/li>\n<li>\u00cent\u0103rite pe talp\u0103 pentru durabilitate<\/li>\n<li>&#8220;Crew size&#8221; &#8211; lungime p\u00e2n\u0103 la gamb\u0103<\/li>\n<\/ul>\n<p>Compozi\u021bie: 80% bumbac, 17% poliester, 3% Spandex. Se pot sp\u0103la la 40 \u00b0C f\u0103r\u0103 cur\u0103\u021bare chimic\u0103, se usuc\u0103 la temperatur\u0103 sc\u0103zut\u0103. \u0218osetele nu sunt returnabile sau schimbabile!<\/p>\n","protected":false},"excerpt":{"rendered":"<p>\u0218osetele sport negre cu linii albe \u0219i logo-ul Peach Pump brodat, au partea de jos \u00eent\u0103rit\u0103 \u0219i ofer\u0103 durabilitate, stabilitate \u0219i amortizare atunci c\u00e2nd v\u0103 mi\u0219ca\u021bi. Sunt confec\u021bionate din \u021bes\u0103tur\u0103 care evacueaz\u0103 umezeala \u0219i v\u0103 men\u021bine proaspete. Material moale Calitate \u00eenalt\u0103 Elasticitate 80% bumbac Logo \u201dPeach Pump\u201d \u021besut \u00cent\u0103rite pe talp\u0103 pentru durabilitate &#8220;Crew size&#8221; [&hellip;]<\/p>\n","protected":false},"featured_media":96510,"comment_status":"open","ping_status":"closed","template":"","meta":[],"product_brand":[],"product_cat":[779],"product_tag":[],"class_list":{"0":"post-96686","1":"product","2":"type-product","3":"status-publish","4":"has-post-thumbnail","6":"product_cat-accesorii","7":"pa_cviat-negru-alb","8":"pa_razmer-one-size-ro","9":"inventories-world","10":"inventories-pl","11":"inventories-uk","13":"first","14":"instock","15":"taxable","16":"shipping-taxable","17":"purchasable","18":"product-type-variable"},"_links":{"self":[{"href":"https:\/\/peach-pump.com\/en\/wp-json\/wp\/v2\/product\/96686","targetHints":{"allow":["GET"]}}],"collection":[{"href":"https:\/\/peach-pump.com\/en\/wp-json\/wp\/v2\/product"}],"about":[{"href":"https:\/\/peach-pump.com\/en\/wp-json\/wp\/v2\/types\/product"}],"replies":[{"embeddable":true,"href":"https:\/\/peach-pump.com\/en\/wp-json\/wp\/v2\/comments?post=96686"}],"version-history":[{"count":0,"href":"https:\/\/peach-pump.com\/en\/wp-json\/wp\/v2\/product\/96686\/revisions"}],"wp:featuredmedia":[{"embeddable":true,"href":"https:\/\/peach-pump.com\/en\/wp-json\/wp\/v2\/media\/96510"}],"wp:attachment":[{"href":"https:\/\/peach-pump.com\/en\/wp-json\/wp\/v2\/media?parent=96686"}],"wp:term":[{"taxonomy":"product_brand","embeddable":true,"href":"https:\/\/peach-pump.com\/en\/wp-json\/wp\/v2\/product_brand?post=96686"},{"taxonomy":"product_cat","embeddable":true,"href":"https:\/\/peach-pump.com\/en\/wp-json\/wp\/v2\/product_cat?post=96686"},{"taxonomy":"product_tag","embeddable":true,"href":"https:\/\/peach-pump.com\/en\/wp-json\/wp\/v2\/product_tag?post=96686"}],"curies":[{"name":"wp","href":"https:\/\/api.w.org\/{rel}","templated":true}]}}