{"id":94315,"date":"2024-11-01T22:21:39","date_gmt":"2024-11-01T20:21:39","guid":{"rendered":"https:\/\/peach-pump.com\/products\/set-sport-maro-cusaturi-inversate\/"},"modified":"2025-10-26T23:41:39","modified_gmt":"2025-10-26T21:41:39","slug":"set-sport-maro-cusaturi-inversate","status":"publish","type":"product","link":"https:\/\/peach-pump.com\/ro\/products\/set-sport-maro-cusaturi-inversate\/","title":{"rendered":"Set sport maro cu cus\u0103turi 3D inversate"},"content":{"rendered":"<p>Set sport maro de dam\u0103 &#8211; coan\u021bi \u0219i bustier\u0103, cu cus\u0103turi moderne 3D inversate. \u021aes\u0103tura colan\u021bilor este moale \u0219i elastic\u0103 , oferind libertate deplin\u0103 de mi\u0219care \u0219i confort \u00een timpul sportului. Designul elasticului colan\u021bilor este ascuns \u0219i astfel alunge\u0219te silueta. Bustiera are c\u0103ptu\u0219eal\u0103 Push-up care poate fi \u00eendep\u0103rtat\u0103 \u0219i bretele sub\u021biri. \u021ainuta sport este disponibil\u0103 \u00een trei culori la mod\u0103 \u00een fiecare sezon, fi\u021bi elegant\u0103 \u0219i diferit\u0103.    <\/p>\n<p>Despre bustier\u0103\/sutien sportiv:<\/p>\n<ul>\n<li>Design modern<\/li>\n<li>\u021aes\u0103tur\u0103 elastic\u0103<\/li>\n<li>Cus\u0103turi 3D spectaculoase<\/li>\n<li>C\u0103ptu\u0219eal\u0103 cu efect Push-Up, care poate fi \u00eendep\u0103rtat\u0103<\/li>\n<li>Bretele sub\u021biri<\/li>\n<li>Logo-ul Peach Pump sigilat termic \u00een partea lateral\u0103 a bustierei<\/li>\n<li>\u021aes\u0103tur\u0103 de evacuare a umezelii<\/li>\n<\/ul>\n<p>Despre colan\u021bi:<\/p>\n<ul>\n<li>\u021aes\u0103tur\u0103 elastic\u0103<\/li>\n<li>Logo-ul Peach Pump sigilat termic pe partea din fa\u021b\u0103 a colan\u021bilor<\/li>\n<li>Cus\u0103turi 3D spectaculoase<\/li>\n<li>Elastic ascuns la talie<\/li>\n<li>\u021aes\u0103tur\u0103 de evacuare a umezelii<\/li>\n<li>F\u0103r\u0103 efectul Peachy<\/li>\n<\/ul>\n<p>Setul poate fi sp\u0103lat p\u00e2n\u0103 la 30 de grade, v\u0103 rug\u0103m s\u0103 nu folosi\u021bi \u00een\u0103lbitor sau cur\u0103\u021bare uscat\u0103.<\/p>\n<p>Modelul din fotografie are o \u00een\u0103l\u021bime de 178 cm, c\u00e2nt\u0103re\u0219te 54 kg \u0219i pozeaz\u0103 \u00een colan\u021bi m\u0103rimea S \u0219i o bustier\u0103 m\u0103rimea S.<\/p>\n<p>V\u0103 rug\u0103m s\u0103 utiliza\u021bi tabelele pentru a selecta dimensiunea exact\u0103.<\/p>\n","protected":false},"excerpt":{"rendered":"<p>Set sport maro de dam\u0103 &#8211; coan\u021bi \u0219i bustier\u0103, cu cus\u0103turi moderne 3D inversate. \u021aes\u0103tura colan\u021bilor este moale \u0219i elastic\u0103 , oferind libertate deplin\u0103 de mi\u0219care \u0219i confort \u00een timpul sportului. Designul elasticului colan\u021bilor este ascuns \u0219i astfel alunge\u0219te silueta. Bustiera are c\u0103ptu\u0219eal\u0103 Push-up care poate fi \u00eendep\u0103rtat\u0103 \u0219i bretele sub\u021biri. \u021ainuta sport este disponibil\u0103 [&hellip;]<\/p>\n","protected":false},"featured_media":92117,"comment_status":"open","ping_status":"closed","template":"","meta":[],"product_brand":[],"product_cat":[367,369],"product_tag":[],"class_list":{"0":"post-94315","1":"product","2":"type-product","3":"status-publish","4":"has-post-thumbnail","6":"product_cat-seturi-de-trening-pentru-femei","7":"product_cat-seturi-sport-cu-colanti","8":"pa_cviat-maro","9":"inventories-world","10":"inventories-uk","12":"first","13":"instock","14":"sale","15":"virtual","16":"taxable","17":"purchasable","18":"product-type-yith_bundle"},"_links":{"self":[{"href":"https:\/\/peach-pump.com\/en\/wp-json\/wp\/v2\/product\/94315","targetHints":{"allow":["GET"]}}],"collection":[{"href":"https:\/\/peach-pump.com\/en\/wp-json\/wp\/v2\/product"}],"about":[{"href":"https:\/\/peach-pump.com\/en\/wp-json\/wp\/v2\/types\/product"}],"replies":[{"embeddable":true,"href":"https:\/\/peach-pump.com\/en\/wp-json\/wp\/v2\/comments?post=94315"}],"version-history":[{"count":1,"href":"https:\/\/peach-pump.com\/en\/wp-json\/wp\/v2\/product\/94315\/revisions"}],"predecessor-version":[{"id":108803,"href":"https:\/\/peach-pump.com\/en\/wp-json\/wp\/v2\/product\/94315\/revisions\/108803"}],"wp:featuredmedia":[{"embeddable":true,"href":"https:\/\/peach-pump.com\/en\/wp-json\/wp\/v2\/media\/92117"}],"wp:attachment":[{"href":"https:\/\/peach-pump.com\/en\/wp-json\/wp\/v2\/media?parent=94315"}],"wp:term":[{"taxonomy":"product_brand","embeddable":true,"href":"https:\/\/peach-pump.com\/en\/wp-json\/wp\/v2\/product_brand?post=94315"},{"taxonomy":"product_cat","embeddable":true,"href":"https:\/\/peach-pump.com\/en\/wp-json\/wp\/v2\/product_cat?post=94315"},{"taxonomy":"product_tag","embeddable":true,"href":"https:\/\/peach-pump.com\/en\/wp-json\/wp\/v2\/product_tag?post=94315"}],"curies":[{"name":"wp","href":"https:\/\/api.w.org\/{rel}","templated":true}]}}