{"id":90733,"date":"2024-10-11T17:05:02","date_gmt":"2024-10-11T15:05:02","guid":{"rendered":"https:\/\/peach-pump.com\/products\/salopeta-sport-neagra\/"},"modified":"2026-04-06T19:13:59","modified_gmt":"2026-04-06T17:13:59","slug":"salopeta-sport-neagra","status":"publish","type":"product","link":"https:\/\/peach-pump.com\/ro\/products\/salopeta-sport-neagra\/","title":{"rendered":"Salopet\u0103 sport neagr\u0103 f\u0103r\u0103 cus\u0103turi cu bretele reglabile"},"content":{"rendered":"<p>Salopet\u0103 sport neagr\u0103 din \u021bes\u0103tur\u0103 f\u0103r\u0103 cus\u0103turi, elastic\u0103, care se potrive\u0219te perfect corpului. Modelul are bretele reglabile la spate, o talie mai \u00eenalt\u0103 la spate, care ofer\u0103 confort \u00een timpul exerci\u021biilor fizice. Are c\u0103ptu\u0219eal\u0103 cu efect Push Up care fixeaz\u0103 bustul \u0219i st\u0103 frumos f\u0103r\u0103 sutien. Talia salopetei este rips, care str\u00e2nge \u0219i sculpteaz\u0103. Colan\u021bii au efect peachy \u0219i modeleaz\u0103 perfect. Este disponibil\u0103 \u00een alte dou\u0103 culori, actuale de sezon.     <\/p>\n<ul>\n<li>\u021aes\u0103tur\u0103 f\u0103r\u0103 cus\u0103turi<\/li>\n<li>Bretele reglabile<\/li>\n<li>C\u0103ptu\u0219eal\u0103 cu efect Push-Up<\/li>\n<li>Talie rips, str\u00e2nge \u0219i modeleaz\u0103<\/li>\n<li>Efect Peachy<\/li>\n<li>Logo-ul Peach Pump sigilat termic pe partea lateral\u0103 \u0219i pe partea din spate a salopetei<\/li>\n<\/ul>\n<p>Compozi\u021bie: 80% poliester 20% spandex.<\/p>\n<p>Modelul din imagine are 164 cm \u00een\u0103l\u021bime, c\u00e2nt\u0103re\u0219te 52 kg \u0219i pozeaz\u0103 \u00een m\u0103rimea S.<\/p>\n<p>Salopeta poate fi sp\u0103lat\u0103 la o temperatur\u0103 de p\u00e2n\u0103 la 30 de grade, v\u0103 rug\u0103m s\u0103 nu o sp\u0103la\u021bi cu \u00een\u0103lbitor sau uscat.<\/p>\n<p>V\u0103 rug\u0103m s\u0103 utiliza\u021bi tabelele pentru a selecta dimensiunea exact\u0103.<\/p>\n<p>&nbsp;<\/p>\n","protected":false},"excerpt":{"rendered":"<p>Salopet\u0103 sport neagr\u0103 din \u021bes\u0103tur\u0103 f\u0103r\u0103 cus\u0103turi, elastic\u0103, care se potrive\u0219te perfect corpului. Modelul are bretele reglabile la spate, o talie mai \u00eenalt\u0103 la spate, care ofer\u0103 confort \u00een timpul exerci\u021biilor fizice. Are c\u0103ptu\u0219eal\u0103 cu efect Push Up care fixeaz\u0103 bustul \u0219i st\u0103 frumos f\u0103r\u0103 sutien. Talia salopetei este rips, care str\u00e2nge \u0219i sculpteaz\u0103. Colan\u021bii [&hellip;]<\/p>\n","protected":false},"featured_media":90517,"comment_status":"open","ping_status":"closed","template":"","meta":[],"product_brand":[],"product_cat":[1124,367,369],"product_tag":[],"class_list":{"0":"post-90733","1":"product","2":"type-product","3":"status-publish","4":"has-post-thumbnail","6":"product_cat-salopete-sport-dama","7":"product_cat-seturi-de-trening-pentru-femei","8":"product_cat-seturi-sport-cu-colanti","9":"pa_cviat-negru","10":"pa_razmer-l-ro-2","11":"pa_razmer-m-ro","12":"pa_razmer-s-ro-2","13":"inventories-world","14":"inventories-pl","15":"inventories-uk","17":"first","18":"instock","19":"taxable","20":"shipping-taxable","21":"purchasable","22":"product-type-variable"},"_links":{"self":[{"href":"https:\/\/peach-pump.com\/ro\/wp-json\/wp\/v2\/product\/90733","targetHints":{"allow":["GET"]}}],"collection":[{"href":"https:\/\/peach-pump.com\/ro\/wp-json\/wp\/v2\/product"}],"about":[{"href":"https:\/\/peach-pump.com\/ro\/wp-json\/wp\/v2\/types\/product"}],"replies":[{"embeddable":true,"href":"https:\/\/peach-pump.com\/ro\/wp-json\/wp\/v2\/comments?post=90733"}],"version-history":[{"count":1,"href":"https:\/\/peach-pump.com\/ro\/wp-json\/wp\/v2\/product\/90733\/revisions"}],"predecessor-version":[{"id":105910,"href":"https:\/\/peach-pump.com\/ro\/wp-json\/wp\/v2\/product\/90733\/revisions\/105910"}],"wp:featuredmedia":[{"embeddable":true,"href":"https:\/\/peach-pump.com\/ro\/wp-json\/wp\/v2\/media\/90517"}],"wp:attachment":[{"href":"https:\/\/peach-pump.com\/ro\/wp-json\/wp\/v2\/media?parent=90733"}],"wp:term":[{"taxonomy":"product_brand","embeddable":true,"href":"https:\/\/peach-pump.com\/ro\/wp-json\/wp\/v2\/product_brand?post=90733"},{"taxonomy":"product_cat","embeddable":true,"href":"https:\/\/peach-pump.com\/ro\/wp-json\/wp\/v2\/product_cat?post=90733"},{"taxonomy":"product_tag","embeddable":true,"href":"https:\/\/peach-pump.com\/ro\/wp-json\/wp\/v2\/product_tag?post=90733"}],"curies":[{"name":"wp","href":"https:\/\/api.w.org\/{rel}","templated":true}]}}