{"id":85277,"date":"2024-07-23T19:02:20","date_gmt":"2024-07-23T17:02:20","guid":{"rendered":"https:\/\/peach-pump.com\/products\/set-verde-deschis-colanti-bustiera\/"},"modified":"2026-01-23T15:58:00","modified_gmt":"2026-01-23T13:58:00","slug":"set-verde-deschis-colanti-bustiera","status":"publish","type":"product","link":"https:\/\/peach-pump.com\/ro\/products\/set-verde-deschis-colanti-bustiera\/","title":{"rendered":"Set verde deschis, colan\u021bi \u0219i bustier\u0103, culoarea &#8220;Lime&#8221;"},"content":{"rendered":"<p>Set verde deschis, culoarea &#8220;Lime&#8221;, colan\u021bi \u0219i bustier\u0103, din \u021bes\u0103tur\u0103 f\u0103r\u0103 cus\u0103turi, elastic\u0103 \u0219i moale la atingere. Acest model modeleaz\u0103 perfect corpul, colan\u021bii au o centur\u0103 rips lat\u0103, cu inscrip\u021bia &#8220;Peach Pump&#8221;, care str\u00e2nge u\u0219or talia. Materialul colan\u021bilor ascunde zonele cu probleme, \u00eendep\u0103rteaz\u0103 umezeala de corp \u0219i are elemente care modeleaz\u0103 fundul ca o piersic\u0103 pentru o siluet\u0103 frumoas\u0103 \u0219i gra\u021bioas\u0103. Bustiera are bretele reglabile, c\u0103ptu\u0219eal\u0103 care poate fi \u00eendep\u0103rtat\u0103 la discre\u021bie, poate fi purtat\u0103 sub haine, designul s\u0103u este discret, iar tu vei sim\u021bi confort \u0219i libertate de mi\u0219care. Setul sportiv poate fi asortat cu \u0219apca \u0219i jacheta de accesorii ale brandului, pentru o not\u0103 final\u0103 perfect\u0103 pentru look-ul t\u0103u Peach Pump.<\/p>\n<p>Pentru Bustier\u0103:<\/p>\n<ul>\n<li> C\u0103ptu\u0219eal\u0103 , deta\u0219abil\u0103<\/li>\n<li> Efect Push-Up<\/li>\n<li> Bretele reglabile<\/li>\n<li> Elasticitate mare<\/li>\n<li> Logo Peach Pump sigilat termic lateral pe bustier\u0103<\/li>\n<li> Tehnologie pentru \u00eendep\u0103rtarea umidit\u0103\u021bii din corp<\/li>\n<\/ul>\n<p>Pentru Colan\u021bi:<\/p>\n<ul>\n<li>Talie \u00eenalt\u0103<\/li>\n<li>\u021aes\u0103tur\u0103 f\u0103r\u0103 cus\u0103turi<\/li>\n<li>Ridic\u0103, modeleaz\u0103, ascunde zonele cu probleme<\/li>\n<li>Centur\u0103 rips care str\u00e2nge talia<\/li>\n<li>Efect Peachy<\/li>\n<li>F\u0103r\u0103 cus\u0103tur\u0103 \u00een fa\u021b\u0103<\/li>\n<li>Logo Peach Pump sigilat termic pe partea din spate a colan\u021bilor<\/li>\n<li>&#8220;Peach Pump&#8221; brodat pe centur\u0103<\/li>\n<li>\u021aes\u0103tur\u0103 pentru a \u00eendep\u0103rta umezeala de pe corp<\/li>\n<\/ul>\n<p>Compozi\u021bie: 80% poliester 20% spandex<\/p>\n<p>Setul poate fi sp\u0103lat p\u00e2n\u0103 la 30 de grade, v\u0103 rug\u0103m s\u0103 nu folosi\u021bi \u00een\u0103lbitor sau cur\u0103\u021bare uscat\u0103.<\/p>\n<p>Modelul din fotografie are 178 cm \u00een\u0103l\u021bime, c\u00e2nt\u0103re\u0219te 54 kg \u0219i pozeaz\u0103 \u00een colan\u021bi m\u0103rimea M \u0219i bustier\u0103 m\u0103rimea S.<\/p>\n<p>V\u0103 rug\u0103m s\u0103 utiliza\u021bi tabelele pentru a selecta dimensiunea exact\u0103.<\/p>\n<p>&nbsp;<\/p>\n","protected":false},"excerpt":{"rendered":"<p>Set verde deschis, culoarea &#8220;Lime&#8221;, colan\u021bi \u0219i bustier\u0103, din \u021bes\u0103tur\u0103 f\u0103r\u0103 cus\u0103turi, elastic\u0103 \u0219i moale la atingere. Acest model modeleaz\u0103 perfect corpul, colan\u021bii au o centur\u0103 rips lat\u0103, cu inscrip\u021bia &#8220;Peach Pump&#8221;, care str\u00e2nge u\u0219or talia. Materialul colan\u021bilor ascunde zonele cu probleme, \u00eendep\u0103rteaz\u0103 umezeala de corp \u0219i are elemente care modeleaz\u0103 fundul ca o piersic\u0103 [&hellip;]<\/p>\n","protected":false},"featured_media":84434,"comment_status":"open","ping_status":"closed","template":"","meta":[],"product_brand":[],"product_cat":[369],"product_tag":[],"class_list":{"0":"post-85277","1":"product","2":"type-product","3":"status-publish","4":"has-post-thumbnail","6":"product_cat-seturi-sport-cu-colanti","7":"pa_cviat-verde","8":"inventories-uk","10":"first","11":"outofstock","12":"virtual","13":"taxable","14":"purchasable","15":"product-type-yith_bundle"},"_links":{"self":[{"href":"https:\/\/peach-pump.com\/ro\/wp-json\/wp\/v2\/product\/85277","targetHints":{"allow":["GET"]}}],"collection":[{"href":"https:\/\/peach-pump.com\/ro\/wp-json\/wp\/v2\/product"}],"about":[{"href":"https:\/\/peach-pump.com\/ro\/wp-json\/wp\/v2\/types\/product"}],"replies":[{"embeddable":true,"href":"https:\/\/peach-pump.com\/ro\/wp-json\/wp\/v2\/comments?post=85277"}],"version-history":[{"count":1,"href":"https:\/\/peach-pump.com\/ro\/wp-json\/wp\/v2\/product\/85277\/revisions"}],"predecessor-version":[{"id":104136,"href":"https:\/\/peach-pump.com\/ro\/wp-json\/wp\/v2\/product\/85277\/revisions\/104136"}],"wp:featuredmedia":[{"embeddable":true,"href":"https:\/\/peach-pump.com\/ro\/wp-json\/wp\/v2\/media\/84434"}],"wp:attachment":[{"href":"https:\/\/peach-pump.com\/ro\/wp-json\/wp\/v2\/media?parent=85277"}],"wp:term":[{"taxonomy":"product_brand","embeddable":true,"href":"https:\/\/peach-pump.com\/ro\/wp-json\/wp\/v2\/product_brand?post=85277"},{"taxonomy":"product_cat","embeddable":true,"href":"https:\/\/peach-pump.com\/ro\/wp-json\/wp\/v2\/product_cat?post=85277"},{"taxonomy":"product_tag","embeddable":true,"href":"https:\/\/peach-pump.com\/ro\/wp-json\/wp\/v2\/product_tag?post=85277"}],"curies":[{"name":"wp","href":"https:\/\/api.w.org\/{rel}","templated":true}]}}