{"id":85260,"date":"2024-07-16T11:15:10","date_gmt":"2024-07-16T09:15:10","guid":{"rendered":"https:\/\/peach-pump.com\/products\/colanti-scurti-verde-deschis-lime\/"},"modified":"2026-04-06T15:21:30","modified_gmt":"2026-04-06T13:21:30","slug":"colanti-scurti-verde-deschis-lime","status":"publish","type":"product","link":"https:\/\/peach-pump.com\/ro\/products\/colanti-scurti-verde-deschis-lime\/","title":{"rendered":"Colan\u021bi scur\u021bi cu efect modelator, verde deschis, culoare Lime"},"content":{"rendered":"<p>Colan\u021bi de dam\u0103, scur\u021bi, sport, tip &#8220;biker shorts&#8221; \u00een culoarea verde deschis &#8220;Lime&#8221;, crea\u021bi din \u021bes\u0103tur\u0103 f\u0103r\u0103 cus\u0103turi, elastic\u0103 \u0219i moale la atingere. Acest model modeleaz\u0103 perfect corpul, are o centur\u0103 rips lat\u0103 cu inscrip\u021bia gravat\u0103 &#8220;Peach Pump&#8221;, care str\u00e2nge u\u0219or talia. Materialul colan\u021bilor ascunde zonele cu probleme, \u00eendep\u0103rteaz\u0103 umezeala de corp \u0219i are elemente care modeleaz\u0103 fundul ca o piersic\u0103 pentru o siluet\u0103 frumoas\u0103 \u0219i gra\u021bioas\u0103. Cu acest model v\u0103 ve\u021bi sim\u021bi confortabil \u0219i \u00eencrez\u0103toare. Po\u021bi asorta colan\u021bii cu o bustier\u0103 \u00een acela\u0219i model sau po\u021bi face ca \u021binuta ta sportiv\u0103 s\u0103 fie distinct\u0103 \u0219i diferit\u0103 cu colec\u021bia noastr\u0103 larg\u0103 de jachete, sutiene sport \u0219i accesorii.<\/p>\n<ul>\n<li>Talie \u00eenalt\u0103<\/li>\n<li>\u021aes\u0103tur\u0103 f\u0103r\u0103 cus\u0103turi<\/li>\n<li>Ridic\u0103, modeleaz\u0103, ascunde zonele cu probleme<\/li>\n<li>Centur\u0103 rips care str\u00e2nge talia<\/li>\n<li>Efect Peachy<\/li>\n<li>Inscrip\u021bie &#8220;Peach Pump&#8221; sigilat\u0103 termic pe partea din fa\u021b\u0103.<\/li>\n<li>F\u0103r\u0103 cus\u0103tur\u0103 \u00een fa\u021b\u0103<\/li>\n<li>Logo Peach Pump sigilat termic pe partea din spate a colan\u021bilor<\/li>\n<li>&#8220;Peach Pump&#8221; brodat pe centur\u0103<\/li>\n<li>\u021aes\u0103tur\u0103 pentru a \u00eendep\u0103rta umezeala de pe corp<\/li>\n<\/ul>\n<p>Compozi\u021bie: 80% poliester 20% spandex<\/p>\n<p>Colan\u021bii pot fi sp\u0103la\u021bi la o temperatur\u0103 de p\u00e2n\u0103 la 30 de grade, v\u0103 rug\u0103m s\u0103 nu folosi\u021bi \u00een\u0103lbitor sau cur\u0103\u021bare uscat\u0103.<\/p>\n<p>Modelul din imagine are o \u00een\u0103l\u021bime de 168 cm, c\u00e2nt\u0103re\u0219te 52 kg \u0219i pozeaz\u0103 \u00een m\u0103rimea S.<\/p>\n<p>V\u0103 rug\u0103m s\u0103 utiliza\u021bi tabelele pentru a selecta dimensiunea exact\u0103.<\/p>\n<p><a href=\"https:\/\/peach-pump.com\/wp-content\/uploads\/2024\/06\/Elastic-models-Peach-Pump-size-chart.jpg\"><img loading=\"lazy\" class=\"alignnone wp-image-80867 \" src=\"https:\/\/peach-pump.com\/wp-content\/uploads\/2024\/06\/Elastic-models-Peach-Pump-size-chart.jpg\" alt=\"\" width=\"655\" height=\"491\" srcset=\"https:\/\/peach-pump.com\/wp-content\/uploads\/2024\/06\/Elastic-models-Peach-Pump-size-chart.jpg 1024w, https:\/\/peach-pump.com\/wp-content\/uploads\/2024\/06\/Elastic-models-Peach-Pump-size-chart-480x360.jpg 480w, https:\/\/peach-pump.com\/wp-content\/uploads\/2024\/06\/Elastic-models-Peach-Pump-size-chart-1000x750.jpg 1000w, https:\/\/peach-pump.com\/wp-content\/uploads\/2024\/06\/Elastic-models-Peach-Pump-size-chart-400x300.jpg 400w, https:\/\/peach-pump.com\/wp-content\/uploads\/2024\/06\/Elastic-models-Peach-Pump-size-chart-768x576.jpg 768w, https:\/\/peach-pump.com\/wp-content\/uploads\/2024\/06\/Elastic-models-Peach-Pump-size-chart-990x743.jpg 990w, https:\/\/peach-pump.com\/wp-content\/uploads\/2024\/06\/Elastic-models-Peach-Pump-size-chart-441x331.jpg 441w, https:\/\/peach-pump.com\/wp-content\/uploads\/2024\/06\/Elastic-models-Peach-Pump-size-chart-150x113.jpg 150w, https:\/\/peach-pump.com\/wp-content\/uploads\/2024\/06\/Elastic-models-Peach-Pump-size-chart-64x48.jpg 64w\" sizes=\"auto, (max-width: 655px) 100vw, 655px\" \/><\/a><\/p>\n","protected":false},"excerpt":{"rendered":"<p>Colan\u021bi de dam\u0103, scur\u021bi, sport, tip &#8220;biker shorts&#8221; \u00een culoarea verde deschis &#8220;Lime&#8221;, crea\u021bi din \u021bes\u0103tur\u0103 f\u0103r\u0103 cus\u0103turi, elastic\u0103 \u0219i moale la atingere. Acest model modeleaz\u0103 perfect corpul, are o centur\u0103 rips lat\u0103 cu inscrip\u021bia gravat\u0103 &#8220;Peach Pump&#8221;, care str\u00e2nge u\u0219or talia. Materialul colan\u021bilor ascunde zonele cu probleme, \u00eendep\u0103rteaz\u0103 umezeala de corp \u0219i are elemente [&hellip;]<\/p>\n","protected":false},"featured_media":84016,"comment_status":"open","ping_status":"closed","template":"","meta":[],"product_brand":[],"product_cat":[146,202],"product_tag":[],"class_list":{"0":"post-85260","1":"product","2":"type-product","3":"status-publish","4":"has-post-thumbnail","6":"product_cat-colanti-de-dama-sport","7":"product_cat-colanti-scurti-dama","8":"pa_cviat-verde","9":"pa_razmer-m-ro","10":"pa_razmer-s-ro-2","11":"inventories-world","12":"inventories-pl","13":"inventories-uk","15":"first","16":"instock","17":"taxable","18":"shipping-taxable","19":"purchasable","20":"product-type-variable"},"_links":{"self":[{"href":"https:\/\/peach-pump.com\/en\/wp-json\/wp\/v2\/product\/85260","targetHints":{"allow":["GET"]}}],"collection":[{"href":"https:\/\/peach-pump.com\/en\/wp-json\/wp\/v2\/product"}],"about":[{"href":"https:\/\/peach-pump.com\/en\/wp-json\/wp\/v2\/types\/product"}],"replies":[{"embeddable":true,"href":"https:\/\/peach-pump.com\/en\/wp-json\/wp\/v2\/comments?post=85260"}],"version-history":[{"count":1,"href":"https:\/\/peach-pump.com\/en\/wp-json\/wp\/v2\/product\/85260\/revisions"}],"predecessor-version":[{"id":111324,"href":"https:\/\/peach-pump.com\/en\/wp-json\/wp\/v2\/product\/85260\/revisions\/111324"}],"wp:featuredmedia":[{"embeddable":true,"href":"https:\/\/peach-pump.com\/en\/wp-json\/wp\/v2\/media\/84016"}],"wp:attachment":[{"href":"https:\/\/peach-pump.com\/en\/wp-json\/wp\/v2\/media?parent=85260"}],"wp:term":[{"taxonomy":"product_brand","embeddable":true,"href":"https:\/\/peach-pump.com\/en\/wp-json\/wp\/v2\/product_brand?post=85260"},{"taxonomy":"product_cat","embeddable":true,"href":"https:\/\/peach-pump.com\/en\/wp-json\/wp\/v2\/product_cat?post=85260"},{"taxonomy":"product_tag","embeddable":true,"href":"https:\/\/peach-pump.com\/en\/wp-json\/wp\/v2\/product_tag?post=85260"}],"curies":[{"name":"wp","href":"https:\/\/api.w.org\/{rel}","templated":true}]}}