{"id":78301,"date":"2024-05-01T23:00:56","date_gmt":"2024-05-01T21:00:56","guid":{"rendered":"https:\/\/peach-pump.com\/products\/roz-deschis-colanti-de-dama\/"},"modified":"2026-02-11T15:52:16","modified_gmt":"2026-02-11T13:52:16","slug":"roz-deschis-colanti-de-dama","status":"publish","type":"product","link":"https:\/\/peach-pump.com\/ro\/products\/roz-deschis-colanti-de-dama\/","title":{"rendered":"Colan\u021bi de dam\u0103 f\u0103r\u0103 cus\u0103turi de culoare roz deschis cu efect modelator"},"content":{"rendered":"<p>Colan\u021bi sportde dam\u0103, roz deschis, crea\u021bi dintr-o \u021bes\u0103tur\u0103 f\u0103r\u0103 cus\u0103turi, elastic\u0103 \u0219i moale la atingere. Acest model modeleaz\u0103 perfect corpul, are o centur\u0103 rips lat\u0103 cu inscrip\u021bia gravat\u0103 &#8220;Peach Pump&#8221;, care str\u00e2nge u\u0219or talia. Materialul colan\u021bilor ascunde zonele cu probleme, \u00eendep\u0103rteaz\u0103 umezeala de corp \u0219i are elemente care modeleaz\u0103 fundul ca o piersic\u0103 pentru o siluet\u0103 frumoas\u0103 \u0219i gra\u021bioas\u0103. Cu acest model v\u0103 ve\u021bi sim\u021bi confortabil \u0219i \u00eencrez\u0103toare. Po\u021bi asorta colantul cu o bustier\u0103 \u00een acela\u0219i model sau po\u021bi face ca \u021binuta ta sportiv\u0103 s\u0103 fie distinct\u0103 \u0219i diferit\u0103 cu colec\u021bia noastr\u0103 larg\u0103 de jachete, sutiene sport \u0219i accesorii.<\/p>\n<ul>\n<li>Talie \u00eenalt\u0103<\/li>\n<li>\u021aes\u0103tur\u0103 f\u0103r\u0103 cus\u0103turi<\/li>\n<li>Ridic\u0103, modeleaz\u0103, ascunde zonele cu probleme<\/li>\n<li>Centur\u0103 rips care str\u00e2nge talia<\/li>\n<li>Efect Peachy<\/li>\n<li>F\u0103r\u0103 cus\u0103tur\u0103 \u00een fa\u021b\u0103<\/li>\n<li>Logo Peach Pump sigilat termic pe partea din spate a colan\u021bilor<\/li>\n<li>&#8220;Peach Pump&#8221; brodat pe centur\u0103<\/li>\n<li>\u021aes\u0103tur\u0103 pentru a \u00eendep\u0103rta umezeala de pe corp<\/li>\n<\/ul>\n<p>Compozi\u021bie: 80% poliester 20% spandex<\/p>\n<p>Colan\u021bii pot fi sp\u0103la\u021bi la o temperatur\u0103 de p\u00e2n\u0103 la 30 de grade, v\u0103 rug\u0103m s\u0103 nu folosi\u021bi \u00een\u0103lbitor sau cur\u0103\u021bare uscat\u0103.<\/p>\n<p>Modelul din imagine are o \u00een\u0103l\u021bime de 178 cm, c\u00e2nt\u0103re\u0219te 54 kg \u0219i pozeaz\u0103 \u00een m\u0103rimea S.<\/p>\n<p>V\u0103 rug\u0103m s\u0103 utiliza\u021bi tabelele pentru a selecta dimensiunea exact\u0103.<\/p>\n<p>&nbsp;<\/p>\n","protected":false},"excerpt":{"rendered":"<p>Colan\u021bi sportde dam\u0103, roz deschis, crea\u021bi dintr-o \u021bes\u0103tur\u0103 f\u0103r\u0103 cus\u0103turi, elastic\u0103 \u0219i moale la atingere. Acest model modeleaz\u0103 perfect corpul, are o centur\u0103 rips lat\u0103 cu inscrip\u021bia gravat\u0103 &#8220;Peach Pump&#8221;, care str\u00e2nge u\u0219or talia. Materialul colan\u021bilor ascunde zonele cu probleme, \u00eendep\u0103rteaz\u0103 umezeala de corp \u0219i are elemente care modeleaz\u0103 fundul ca o piersic\u0103 pentru o [&hellip;]<\/p>\n","protected":false},"featured_media":75501,"comment_status":"open","ping_status":"closed","template":"","meta":[],"product_brand":[],"product_cat":[146,310],"product_tag":[],"class_list":{"0":"post-78301","1":"product","2":"type-product","3":"status-publish","4":"has-post-thumbnail","6":"product_cat-colanti-de-dama-sport","7":"product_cat-colanti-pentru-femei-lungi","8":"pa_cviat-roz-ro","9":"pa_razmer-m-ro","10":"pa_razmer-s-ro-2","11":"inventories-world","12":"inventories-uk","14":"first","15":"instock","16":"taxable","17":"shipping-taxable","18":"purchasable","19":"product-type-variable"},"_links":{"self":[{"href":"https:\/\/peach-pump.com\/ro\/wp-json\/wp\/v2\/product\/78301","targetHints":{"allow":["GET"]}}],"collection":[{"href":"https:\/\/peach-pump.com\/ro\/wp-json\/wp\/v2\/product"}],"about":[{"href":"https:\/\/peach-pump.com\/ro\/wp-json\/wp\/v2\/types\/product"}],"replies":[{"embeddable":true,"href":"https:\/\/peach-pump.com\/ro\/wp-json\/wp\/v2\/comments?post=78301"}],"version-history":[{"count":0,"href":"https:\/\/peach-pump.com\/ro\/wp-json\/wp\/v2\/product\/78301\/revisions"}],"wp:featuredmedia":[{"embeddable":true,"href":"https:\/\/peach-pump.com\/ro\/wp-json\/wp\/v2\/media\/75501"}],"wp:attachment":[{"href":"https:\/\/peach-pump.com\/ro\/wp-json\/wp\/v2\/media?parent=78301"}],"wp:term":[{"taxonomy":"product_brand","embeddable":true,"href":"https:\/\/peach-pump.com\/ro\/wp-json\/wp\/v2\/product_brand?post=78301"},{"taxonomy":"product_cat","embeddable":true,"href":"https:\/\/peach-pump.com\/ro\/wp-json\/wp\/v2\/product_cat?post=78301"},{"taxonomy":"product_tag","embeddable":true,"href":"https:\/\/peach-pump.com\/ro\/wp-json\/wp\/v2\/product_tag?post=78301"}],"curies":[{"name":"wp","href":"https:\/\/api.w.org\/{rel}","templated":true}]}}