{"id":78281,"date":"2024-05-01T23:27:01","date_gmt":"2024-05-01T21:27:01","guid":{"rendered":"https:\/\/peach-pump.com\/products\/bustiera-sport-captuseala-roz\/"},"modified":"2026-04-04T07:41:58","modified_gmt":"2026-04-04T05:41:58","slug":"bustiera-sport-captuseala-roz","status":"publish","type":"product","link":"https:\/\/peach-pump.com\/ro\/products\/bustiera-sport-captuseala-roz\/","title":{"rendered":"Sutien sport roz deschis f\u0103r\u0103 cus\u0103turi, cu c\u0103ptu\u0219eal\u0103, de culoare roz deschis"},"content":{"rendered":"<p>Sutien sport roz f\u0103r\u0103 cus\u0103turi, cu c\u0103ptu\u0219eal\u0103 deta\u0219abil\u0103 \u0219i bretele reglabile. Modelul este confec\u021bionat dintr-o \u021bes\u0103tur\u0103 moale, foarte elastic\u0103 \u0219i respirabil\u0103, care \u00eendep\u0103rteaz\u0103 umezeala de corp. Bustiera poate fi purtat\u0103 \u0219i pe sub haine, designul s\u0103u este discret \u0219i ve\u021bi sim\u021bi confort \u0219i libertate de mi\u0219care. Disponibil\u0103 \u00een diferite culori, o pute\u021bi asorta cu colan\u021bi de aceea\u0219i culoare sau de alta. Vezi rubrica &#8220;Seturi sportive&#8221;.<\/p>\n<ul>\n<li> C\u0103ptu\u0219eal\u0103 , deta\u0219abil\u0103<\/li>\n<li> Efect Push-Up<\/li>\n<li> Bretele reglabile<\/li>\n<li> Elasticitate mare<\/li>\n<li> Logo Peach Pump sigilat termic lateral pe bustier\u0103<\/li>\n<li> Tehnologie pentru \u00eendep\u0103rtarea umidit\u0103\u021bii din corp<\/li>\n<\/ul>\n<p>Compozi\u021bie: 80% poliester 20% spandex<\/p>\n<p>Bustiera poate fi sp\u0103lat\u0103 la temperaturi de p\u00e2n\u0103 la 30 de grade, v\u0103 rug\u0103m s\u0103 nu folosi\u021bi \u00een\u0103lbitor sau cur\u0103\u021bare uscat\u0103.<\/p>\n<p>Modelul din imagine are o \u00een\u0103l\u021bime de 178 cm, c\u00e2nt\u0103re\u0219te 54 kg \u0219i pozeaz\u0103 \u00een m\u0103rimea S.<\/p>\n<p>V\u0103 rug\u0103m s\u0103 utiliza\u021bi tabelele pentru a selecta dimensiunea exact\u0103.<\/p>\n<p><a href=\"https:\/\/peach-pump.com\/wp-content\/uploads\/2024\/04\/7ACDDC23-3BB3-4220-B273-C079DABBAC53-800x800.png\"><img loading=\"lazy\" class=\"alignnone wp-image-72618 \" src=\"https:\/\/peach-pump.com\/wp-content\/uploads\/2024\/04\/7ACDDC23-3BB3-4220-B273-C079DABBAC53-800x800.png\" alt=\"Tabel de m\u0103rimi pentru bustiera Peach Pump\" width=\"529\" height=\"529\" srcset=\"https:\/\/peach-pump.com\/wp-content\/uploads\/2024\/04\/7ACDDC23-3BB3-4220-B273-C079DABBAC53-800x800.png 800w, https:\/\/peach-pump.com\/wp-content\/uploads\/2024\/04\/7ACDDC23-3BB3-4220-B273-C079DABBAC53-480x480.png 480w, https:\/\/peach-pump.com\/wp-content\/uploads\/2024\/04\/7ACDDC23-3BB3-4220-B273-C079DABBAC53-1000x1000.png 1000w, https:\/\/peach-pump.com\/wp-content\/uploads\/2024\/04\/7ACDDC23-3BB3-4220-B273-C079DABBAC53-300x300.png 300w, https:\/\/peach-pump.com\/wp-content\/uploads\/2024\/04\/7ACDDC23-3BB3-4220-B273-C079DABBAC53-150x150.png 150w, https:\/\/peach-pump.com\/wp-content\/uploads\/2024\/04\/7ACDDC23-3BB3-4220-B273-C079DABBAC53-768x768.png 768w, https:\/\/peach-pump.com\/wp-content\/uploads\/2024\/04\/7ACDDC23-3BB3-4220-B273-C079DABBAC53-990x990.png 990w, https:\/\/peach-pump.com\/wp-content\/uploads\/2024\/04\/7ACDDC23-3BB3-4220-B273-C079DABBAC53-441x441.png 441w, https:\/\/peach-pump.com\/wp-content\/uploads\/2024\/04\/7ACDDC23-3BB3-4220-B273-C079DABBAC53-100x100.png 100w, https:\/\/peach-pump.com\/wp-content\/uploads\/2024\/04\/7ACDDC23-3BB3-4220-B273-C079DABBAC53-64x64.png 64w, https:\/\/peach-pump.com\/wp-content\/uploads\/2024\/04\/7ACDDC23-3BB3-4220-B273-C079DABBAC53.png 1080w\" sizes=\"auto, (max-width: 529px) 100vw, 529px\" \/><\/a><\/p>\n","protected":false},"excerpt":{"rendered":"<p>Sutien sport roz f\u0103r\u0103 cus\u0103turi, cu c\u0103ptu\u0219eal\u0103 deta\u0219abil\u0103 \u0219i bretele reglabile. Modelul este confec\u021bionat dintr-o \u021bes\u0103tur\u0103 moale, foarte elastic\u0103 \u0219i respirabil\u0103, care \u00eendep\u0103rteaz\u0103 umezeala de corp. Bustiera poate fi purtat\u0103 \u0219i pe sub haine, designul s\u0103u este discret \u0219i ve\u021bi sim\u021bi confort \u0219i libertate de mi\u0219care. Disponibil\u0103 \u00een diferite culori, o pute\u021bi asorta cu colan\u021bi [&hellip;]<\/p>\n","protected":false},"featured_media":75597,"comment_status":"open","ping_status":"closed","template":"","meta":[],"product_brand":[],"product_cat":[366],"product_tag":[],"class_list":{"0":"post-78281","1":"product","2":"type-product","3":"status-publish","4":"has-post-thumbnail","6":"product_cat-sutiene-sport-pentru-femei","7":"pa_cviat-roz-ro","8":"pa_razmer-m-ro","9":"pa_razmer-s-ro-2","10":"inventories-world","11":"inventories-pl","12":"inventories-uk","14":"first","15":"instock","16":"taxable","17":"shipping-taxable","18":"purchasable","19":"product-type-variable"},"_links":{"self":[{"href":"https:\/\/peach-pump.com\/en\/wp-json\/wp\/v2\/product\/78281","targetHints":{"allow":["GET"]}}],"collection":[{"href":"https:\/\/peach-pump.com\/en\/wp-json\/wp\/v2\/product"}],"about":[{"href":"https:\/\/peach-pump.com\/en\/wp-json\/wp\/v2\/types\/product"}],"replies":[{"embeddable":true,"href":"https:\/\/peach-pump.com\/en\/wp-json\/wp\/v2\/comments?post=78281"}],"version-history":[{"count":1,"href":"https:\/\/peach-pump.com\/en\/wp-json\/wp\/v2\/product\/78281\/revisions"}],"predecessor-version":[{"id":108923,"href":"https:\/\/peach-pump.com\/en\/wp-json\/wp\/v2\/product\/78281\/revisions\/108923"}],"wp:featuredmedia":[{"embeddable":true,"href":"https:\/\/peach-pump.com\/en\/wp-json\/wp\/v2\/media\/75597"}],"wp:attachment":[{"href":"https:\/\/peach-pump.com\/en\/wp-json\/wp\/v2\/media?parent=78281"}],"wp:term":[{"taxonomy":"product_brand","embeddable":true,"href":"https:\/\/peach-pump.com\/en\/wp-json\/wp\/v2\/product_brand?post=78281"},{"taxonomy":"product_cat","embeddable":true,"href":"https:\/\/peach-pump.com\/en\/wp-json\/wp\/v2\/product_cat?post=78281"},{"taxonomy":"product_tag","embeddable":true,"href":"https:\/\/peach-pump.com\/en\/wp-json\/wp\/v2\/product_tag?post=78281"}],"curies":[{"name":"wp","href":"https:\/\/api.w.org\/{rel}","templated":true}]}}