{"id":73682,"date":"2024-04-06T14:50:01","date_gmt":"2024-04-06T12:50:01","guid":{"rendered":"https:\/\/peach-pump.com\/?post_type=product&#038;p=73682"},"modified":"2025-08-25T09:59:10","modified_gmt":"2025-08-25T07:59:10","slug":"pantaloni-scurti-roz-de-dama-cu-buzunare","status":"publish","type":"product","link":"https:\/\/peach-pump.com\/ro\/products\/pantaloni-scurti-roz-de-dama-cu-buzunare\/","title":{"rendered":"Pantaloni scur\u021bi roz de dam\u0103 cu buzunare"},"content":{"rendered":"<p>Pantaloni scur\u021bi roz de dam\u0103 din bumbac, pantaloni scur\u021bi sport. Modelul are buzunare \u00een partea din fa\u021b\u0103 \u0219i broderie Peach Pump pe buzunar. Pantalonii scur\u021bi au \u0219nururi, care pot str\u00e2nge talia pentru un confort \u0219i o comoditate mai mare \u00een timpul exerci\u021biilor fizice. Acest model se asorteaz\u0103 perfect cu bluza noastr\u0103 Peach Pump cu decolteu \u00een V sau cu Crop Topul scurt pentru un finisaj perfect al look-ului t\u0103u, potrivit at\u00e2t pentru fitness, c\u00e2t \u0219i pentru timpul liber.<\/p>\n<ul>\n<li>Pantaloni scur\u021bi din bumbac<\/li>\n<li>Design spectaculos<\/li>\n<li>Buzunare \u00een partea din fa\u021b\u0103<\/li>\n<li>Broderie Peach Pump<\/li>\n<li>\u0218nururi pentru str\u00e2ngerea \u00een talie<\/li>\n<\/ul>\n<p>Compozi\u021bie: 95% bumbac, 5% elastan<\/p>\n<p>Pantalonii pot fi sp\u0103la\u021bi la temperaturi de p\u00e2n\u0103 la 30 de grade, v\u0103 rug\u0103m s\u0103 nu folosi\u021bi \u00een\u0103lbitor sau cur\u0103\u021bare uscat\u0103.<\/p>\n<p>Modelul din fotografie are o \u00een\u0103l\u021bime de 170 de metri, c\u00e2nt\u0103re\u0219te 49 kg \u0219i pozeaz\u0103 \u00een m\u0103rimea S.<\/p>\n<p>V\u0103 rug\u0103m s\u0103 utiliza\u021bi tabelele pentru a selecta dimensiunea exact\u0103.<\/p>\n","protected":false},"excerpt":{"rendered":"<p>Pantaloni scur\u021bi roz de dam\u0103 din bumbac, pantaloni scur\u021bi sport. Modelul are buzunare \u00een partea din fa\u021b\u0103 \u0219i broderie Peach Pump pe buzunar. Pantalonii scur\u021bi au \u0219nururi, care pot str\u00e2nge talia pentru un confort \u0219i o comoditate mai mare \u00een timpul exerci\u021biilor fizice. Acest model se asorteaz\u0103 perfect cu bluza noastr\u0103 Peach Pump cu decolteu [&hellip;]<\/p>\n","protected":false},"featured_media":73890,"comment_status":"open","ping_status":"closed","template":"","meta":[],"product_brand":[],"product_cat":[146,189,202],"product_tag":[],"class_list":{"0":"post-73682","1":"product","2":"type-product","3":"status-publish","4":"has-post-thumbnail","6":"product_cat-colanti-de-dama-sport","7":"product_cat-colanti-cu-buzunare","8":"product_cat-colanti-scurti-dama","9":"pa_razmer-m-ro","10":"pa_razmer-s-ro-2","11":"inventories-world","12":"inventories-uk","14":"first","15":"instock","16":"sale","17":"taxable","18":"shipping-taxable","19":"purchasable","20":"product-type-variable"},"_links":{"self":[{"href":"https:\/\/peach-pump.com\/ro\/wp-json\/wp\/v2\/product\/73682","targetHints":{"allow":["GET"]}}],"collection":[{"href":"https:\/\/peach-pump.com\/ro\/wp-json\/wp\/v2\/product"}],"about":[{"href":"https:\/\/peach-pump.com\/ro\/wp-json\/wp\/v2\/types\/product"}],"replies":[{"embeddable":true,"href":"https:\/\/peach-pump.com\/ro\/wp-json\/wp\/v2\/comments?post=73682"}],"version-history":[{"count":1,"href":"https:\/\/peach-pump.com\/ro\/wp-json\/wp\/v2\/product\/73682\/revisions"}],"predecessor-version":[{"id":111410,"href":"https:\/\/peach-pump.com\/ro\/wp-json\/wp\/v2\/product\/73682\/revisions\/111410"}],"wp:featuredmedia":[{"embeddable":true,"href":"https:\/\/peach-pump.com\/ro\/wp-json\/wp\/v2\/media\/73890"}],"wp:attachment":[{"href":"https:\/\/peach-pump.com\/ro\/wp-json\/wp\/v2\/media?parent=73682"}],"wp:term":[{"taxonomy":"product_brand","embeddable":true,"href":"https:\/\/peach-pump.com\/ro\/wp-json\/wp\/v2\/product_brand?post=73682"},{"taxonomy":"product_cat","embeddable":true,"href":"https:\/\/peach-pump.com\/ro\/wp-json\/wp\/v2\/product_cat?post=73682"},{"taxonomy":"product_tag","embeddable":true,"href":"https:\/\/peach-pump.com\/ro\/wp-json\/wp\/v2\/product_tag?post=73682"}],"curies":[{"name":"wp","href":"https:\/\/api.w.org\/{rel}","templated":true}]}}