{"id":66854,"date":"2024-01-12T18:42:25","date_gmt":"2024-01-12T16:42:25","guid":{"rendered":"https:\/\/peach-pump.com\/products\/%d1%81%d0%b2%d0%b5%d1%82%d0%bb%d0%be-%d0%b7%d0%b5%d0%bb%d0%b5%d0%bd%d0%be-%d0%b7%d0%b8%d0%bc%d0%bd%d0%be-%d1%8f%d0%ba%d0%b5-sage\/"},"modified":"2026-03-15T12:38:00","modified_gmt":"2026-03-15T10:38:00","slug":"geaca-verde-de-iarna","status":"publish","type":"product","link":"https:\/\/peach-pump.com\/ro\/products\/geaca-verde-de-iarna\/","title":{"rendered":"Geac\u0103 verde de iarn\u0103, &#8220;Sage&#8221; de Peach Pump"},"content":{"rendered":"<p class=\"p1\">Geac\u0103 de iarn\u0103 verde deschis cu umplutur\u0103 cu bumbac 100%, at\u00e2t de la mod\u0103 culoarea &#8220;Sage&#8221; sau &#8220;salvie&#8221;. Modelul este sportiv, cu o croial\u0103 modern\u0103 mai scurt\u0103, are un tiv reglabil cu \u0219nururi elastice, dou\u0103 buzunare laterale oblice cu fermoar. Logo-ul &#8220;Peach Pump&#8221; brodat 3D eficient pe partea din fa\u021b\u0103 \u0219i logo-ul &#8220;Peach Pump&#8221; brodat pe um\u0103r. <span class=\"s1\">Geaca are un design capitonat \u0219i guler \u00eenalt, c\u0103ptu\u0219eal\u0103 moale de culoare verde deschis \u0219i man\u0219ete elastice a m\u00e2neci.<\/span> Cu acest model v\u0103 ve\u021bi \u00eenc\u0103lzi \u0219i, \u00een acela\u0219i timp, v\u0103 ve\u021bi sim\u021bi frumoas\u0103, \u00eencrez\u0103toare \u0219i sexy. O varietate de culori la mod\u0103 pentru acest sezon, un model creat cu dragoste pentru voi.<\/p>\n<ul class=\"ul1\">\n<li>Geac\u0103 de iarn\u0103 verde, &#8220;Sage&#8221;<\/li>\n<li class=\"li1\"><span class=\"s1\">Guler \u00eenalt<\/span><\/li>\n<li class=\"li1\"><span class=\"s1\">Buzunare laterale cu fermoar<\/span><\/li>\n<li class=\"li1\"><span class=\"s1\">Logo-ul &#8220;Peach Pump&#8221; brodat 3D pe fa\u021b\u0103 \u0219i pe um\u0103r<\/span><\/li>\n<li class=\"li1\"><span class=\"s1\">C\u0103ptu\u0219eal\u0103 moale<\/span><\/li>\n<li>Umplutura gecii e din bumbac 100%.<\/li>\n<li class=\"li1\"><span class=\"s1\">Design modern capitonat<\/span><\/li>\n<li>Man\u0219ete elastice la m\u00e2neci<\/li>\n<li><span class=\"s1\">Tiv reglabil cu \u0219nururi elastice <\/span><\/li>\n<\/ul>\n<p class=\"p1\"><span class=\"s1\">Compozi\u021bie partea exterioar\u0103: 100% poliester, umplutur\u0103 100% bumbac<\/span><\/p>\n<p class=\"p1\"><span class=\"s1\">Modelul din imagine are o \u00een\u0103l\u021bime de 170 de metri \u0219i c\u00e2nt\u0103re\u0219te 51 kg. \u0219i pozeaz\u0103 cu o m\u0103rime S. <\/span><\/p>\n<p>V\u0103 rug\u0103m s\u0103 urma\u021bi instruc\u021biunile de pe etichet\u0103 pentru \u00eentre\u021binerea corect\u0103 a articolului.<\/p>\n","protected":false},"excerpt":{"rendered":"<p>Geac\u0103 de iarn\u0103 verde deschis cu umplutur\u0103 cu bumbac 100%, at\u00e2t de la mod\u0103 culoarea &#8220;Sage&#8221; sau &#8220;salvie&#8221;. Modelul este sportiv, cu o croial\u0103 modern\u0103 mai scurt\u0103, are un tiv reglabil cu \u0219nururi elastice, dou\u0103 buzunare laterale oblice cu fermoar. Logo-ul &#8220;Peach Pump&#8221; brodat 3D eficient pe partea din fa\u021b\u0103 \u0219i logo-ul &#8220;Peach Pump&#8221; brodat [&hellip;]<\/p>\n","protected":false},"featured_media":66075,"comment_status":"open","ping_status":"closed","template":"","meta":[],"product_brand":[],"product_cat":[924],"product_tag":[],"class_list":{"0":"post-66854","1":"product","2":"type-product","3":"status-publish","4":"has-post-thumbnail","6":"product_cat-jachete-dama","7":"pa_cviat-verde","8":"pa_razmer-l-ro-2","9":"pa_razmer-m-ro","10":"pa_razmer-s-ro-2","11":"inventories-world","12":"inventories-pl","13":"inventories-uk","15":"first","16":"instock","17":"taxable","18":"shipping-taxable","19":"purchasable","20":"product-type-variable"},"_links":{"self":[{"href":"https:\/\/peach-pump.com\/ro\/wp-json\/wp\/v2\/product\/66854","targetHints":{"allow":["GET"]}}],"collection":[{"href":"https:\/\/peach-pump.com\/ro\/wp-json\/wp\/v2\/product"}],"about":[{"href":"https:\/\/peach-pump.com\/ro\/wp-json\/wp\/v2\/types\/product"}],"replies":[{"embeddable":true,"href":"https:\/\/peach-pump.com\/ro\/wp-json\/wp\/v2\/comments?post=66854"}],"version-history":[{"count":0,"href":"https:\/\/peach-pump.com\/ro\/wp-json\/wp\/v2\/product\/66854\/revisions"}],"wp:featuredmedia":[{"embeddable":true,"href":"https:\/\/peach-pump.com\/ro\/wp-json\/wp\/v2\/media\/66075"}],"wp:attachment":[{"href":"https:\/\/peach-pump.com\/ro\/wp-json\/wp\/v2\/media?parent=66854"}],"wp:term":[{"taxonomy":"product_brand","embeddable":true,"href":"https:\/\/peach-pump.com\/ro\/wp-json\/wp\/v2\/product_brand?post=66854"},{"taxonomy":"product_cat","embeddable":true,"href":"https:\/\/peach-pump.com\/ro\/wp-json\/wp\/v2\/product_cat?post=66854"},{"taxonomy":"product_tag","embeddable":true,"href":"https:\/\/peach-pump.com\/ro\/wp-json\/wp\/v2\/product_tag?post=66854"}],"curies":[{"name":"wp","href":"https:\/\/api.w.org\/{rel}","templated":true}]}}