{"id":63628,"date":"2023-12-15T18:21:58","date_gmt":"2023-12-15T16:21:58","guid":{"rendered":"https:\/\/peach-pump.com\/products\/%d0%b2%d0%b0%d1%82%d0%b8%d1%80%d0%b0%d0%bd-%d1%87%d0%b5%d1%80%d0%b5%d0%bd-%d0%b3%d0%b0%d1%89%d0%b5%d1%80%d0%b8%d0%b7%d0%be%d0%bd-%d0%bf%d0%be-%d1%82%d1%8f%d0%bb%d0%be%d1%82%d0%be\/"},"modified":"2026-04-05T19:36:49","modified_gmt":"2026-04-05T17:36:49","slug":"salopeta-neagra-de-corp","status":"publish","type":"product","link":"https:\/\/peach-pump.com\/ro\/products\/salopeta-neagra-de-corp\/","title":{"rendered":"Salopeta neagr\u0103 mulat\u0103 v\u0103tuit\u0103 &#8220;Catsuits&#8221;"},"content":{"rendered":"<p>Salopet\u0103 de corp neagr\u0103 cu c\u0103ptu\u0219eal\u0103 moale v\u0103tuit\u0103, \u021bes\u0103tur\u0103 respirabil\u0103, perfect\u0103 pentru antrenament sau plimb\u0103ri pe vreme rece. Modelul are un fermoar \u00een fa\u021b\u0103, inscrip\u021bii interne Peach Pump \u0219i un logo piersic cauciucat pe um\u0103r. Salopeta se potrive\u0219te perfect corpului \u0219i \u00eel sculpteaz\u0103 ca o clepsidr\u0103, ascunz\u00e2nd imperfec\u021biunile. Modelul nu are cus\u0103tur\u0103 \u00een fa\u021b\u0103. De asemenea, potrivit\u0103 pentru doamnele mai \u00eenalte.<\/p>\n<p>O comoar\u0103 vestimentar\u0103 care va fi noul accesoriu preferat al garderobei tale. Fii frumoas\u0103, feminin\u0103 \u0219i memorabil\u0103 cu Peach Pump.<\/p>\n<ul>\n<li>C\u0103ptu\u0219eal\u0103 moale v\u0103tuit\u0103<\/li>\n<li>\u021aes\u0103tur\u0103 respirabil\u0103<\/li>\n<li>\u00censcrip\u021bie ascuns\u0103 &#8220;Peach Pump&#8221;<\/li>\n<li>Logo &#8220;Peach Pump&#8221; pe um\u0103r<\/li>\n<li>Model care sculpteaz\u0103 figura<\/li>\n<li>\u021aes\u0103tura elastic\u0103 se potrive\u0219te perfect corpului<\/li>\n<li>F\u0103r\u0103 cus\u0103tur\u0103 \u00een fa\u021b\u0103<\/li>\n<li>De asemenea, potrivit\u0103 pentru doamnele mai \u00eenalte<\/li>\n<\/ul>\n<p>Compozi\u021bie: 80% poliester 20% spandex.<\/p>\n<p>Salopeta poate fi sp\u0103lat\u0103 la temperaturi de p\u00e2n\u0103 la 30 de grade; v\u0103 rug\u0103m s\u0103 nu o sp\u0103la\u021bi cu \u00een\u0103lbitor sau cur\u0103\u021benie uscat\u0103.<\/p>\n<p>Primul model din fotografii are o \u00een\u0103l\u021bime de 167 cm, c\u00e2nt\u0103re\u0219te 50 kg \u0219i pozeaz\u0103 \u00een m\u0103rimea S.<\/p>\n<p>Cel de-al doilea model din fotografii are 178 cm \u00een\u0103l\u021bime , c\u00e2nt\u0103re\u0219te 56 kg \u0219i pozeaz\u0103 \u00een m\u0103rimea M.<\/p>\n","protected":false},"excerpt":{"rendered":"<p>Salopet\u0103 de corp neagr\u0103 cu c\u0103ptu\u0219eal\u0103 moale v\u0103tuit\u0103, \u021bes\u0103tur\u0103 respirabil\u0103, perfect\u0103 pentru antrenament sau plimb\u0103ri pe vreme rece. Modelul are un fermoar \u00een fa\u021b\u0103, inscrip\u021bii interne Peach Pump \u0219i un logo piersic cauciucat pe um\u0103r. Salopeta se potrive\u0219te perfect corpului \u0219i \u00eel sculpteaz\u0103 ca o clepsidr\u0103, ascunz\u00e2nd imperfec\u021biunile. Modelul nu are cus\u0103tur\u0103 \u00een fa\u021b\u0103. De [&hellip;]<\/p>\n","protected":false},"featured_media":76622,"comment_status":"open","ping_status":"closed","template":"","meta":[],"product_brand":[],"product_cat":[1124,367,369],"product_tag":[],"class_list":{"0":"post-63628","1":"product","2":"type-product","3":"status-publish","4":"has-post-thumbnail","6":"product_cat-salopete-sport-dama","7":"product_cat-seturi-de-trening-pentru-femei","8":"product_cat-seturi-sport-cu-colanti","9":"pa_cviat-negru","10":"pa_razmer-l-ro-2","11":"pa_razmer-m-ro","12":"pa_razmer-s-ro-2","13":"inventories-world","14":"inventories-pl","15":"inventories-uk","17":"first","18":"instock","19":"taxable","20":"shipping-taxable","21":"purchasable","22":"product-type-variable"},"_links":{"self":[{"href":"https:\/\/peach-pump.com\/en\/wp-json\/wp\/v2\/product\/63628","targetHints":{"allow":["GET"]}}],"collection":[{"href":"https:\/\/peach-pump.com\/en\/wp-json\/wp\/v2\/product"}],"about":[{"href":"https:\/\/peach-pump.com\/en\/wp-json\/wp\/v2\/types\/product"}],"replies":[{"embeddable":true,"href":"https:\/\/peach-pump.com\/en\/wp-json\/wp\/v2\/comments?post=63628"}],"version-history":[{"count":1,"href":"https:\/\/peach-pump.com\/en\/wp-json\/wp\/v2\/product\/63628\/revisions"}],"predecessor-version":[{"id":105958,"href":"https:\/\/peach-pump.com\/en\/wp-json\/wp\/v2\/product\/63628\/revisions\/105958"}],"wp:featuredmedia":[{"embeddable":true,"href":"https:\/\/peach-pump.com\/en\/wp-json\/wp\/v2\/media\/76622"}],"wp:attachment":[{"href":"https:\/\/peach-pump.com\/en\/wp-json\/wp\/v2\/media?parent=63628"}],"wp:term":[{"taxonomy":"product_brand","embeddable":true,"href":"https:\/\/peach-pump.com\/en\/wp-json\/wp\/v2\/product_brand?post=63628"},{"taxonomy":"product_cat","embeddable":true,"href":"https:\/\/peach-pump.com\/en\/wp-json\/wp\/v2\/product_cat?post=63628"},{"taxonomy":"product_tag","embeddable":true,"href":"https:\/\/peach-pump.com\/en\/wp-json\/wp\/v2\/product_tag?post=63628"}],"curies":[{"name":"wp","href":"https:\/\/api.w.org\/{rel}","templated":true}]}}