{"id":63615,"date":"2023-12-13T18:01:11","date_gmt":"2023-12-13T16:01:11","guid":{"rendered":"https:\/\/peach-pump.com\/products\/%d1%87%d0%b5%d1%80%d0%bd%d0%b0-%d0%b7%d0%b8%d0%bc%d0%bd%d0%b0-%d1%88%d0%b0%d0%bf%d0%ba%d0%b0-%d0%b1%d0%b8%d0%b9%d0%bd%d0%b8-peach-pump\/"},"modified":"2026-03-15T12:40:38","modified_gmt":"2026-03-15T10:40:38","slug":"fes-negru-de-iarna","status":"publish","type":"product","link":"https:\/\/peach-pump.com\/ro\/products\/fes-negru-de-iarna\/","title":{"rendered":"fes negru de iarn\u0103 tip beanie"},"content":{"rendered":"<p>Fes de dam\u0103 de iarn\u0103 negru din colec\u021bia &#8220;Peach Pump&#8221;, cu boruri inversate pentru o mai bun\u0103 izolare \u00eempotriva frigului \u0219i un logo din piele \u00een fa\u021b\u0103. Design elastic, material foarte moale \u0219i pl\u0103cut la atingere. Fesul este disponibil \u00een diferite culori. Acest model va fi o not\u0103 final\u0103 perfect\u0103 pentru \u021binuta ta \u00een zilele reci.<\/p>\n<p>&nbsp;<\/p>\n","protected":false},"excerpt":{"rendered":"<p>Fes de dam\u0103 de iarn\u0103 negru din colec\u021bia &#8220;Peach Pump&#8221;, cu boruri inversate pentru o mai bun\u0103 izolare \u00eempotriva frigului \u0219i un logo din piele \u00een fa\u021b\u0103. Design elastic, material foarte moale \u0219i pl\u0103cut la atingere. Fesul este disponibil \u00een diferite culori. Acest model va fi o not\u0103 final\u0103 perfect\u0103 pentru \u021binuta ta \u00een zilele [&hellip;]<\/p>\n","protected":false},"featured_media":62573,"comment_status":"open","ping_status":"closed","template":"","meta":[],"product_brand":[],"product_cat":[779],"product_tag":[],"class_list":{"0":"post-63615","1":"product","2":"type-product","3":"status-publish","4":"has-post-thumbnail","6":"product_cat-accesorii","7":"pa_cviat-negru","8":"pa_razmer-one-size-ro","9":"inventories-world","10":"inventories-pl","11":"inventories-uk","13":"first","14":"instock","15":"taxable","16":"shipping-taxable","17":"purchasable","18":"product-type-variable"},"_links":{"self":[{"href":"https:\/\/peach-pump.com\/en\/wp-json\/wp\/v2\/product\/63615","targetHints":{"allow":["GET"]}}],"collection":[{"href":"https:\/\/peach-pump.com\/en\/wp-json\/wp\/v2\/product"}],"about":[{"href":"https:\/\/peach-pump.com\/en\/wp-json\/wp\/v2\/types\/product"}],"replies":[{"embeddable":true,"href":"https:\/\/peach-pump.com\/en\/wp-json\/wp\/v2\/comments?post=63615"}],"version-history":[{"count":0,"href":"https:\/\/peach-pump.com\/en\/wp-json\/wp\/v2\/product\/63615\/revisions"}],"wp:featuredmedia":[{"embeddable":true,"href":"https:\/\/peach-pump.com\/en\/wp-json\/wp\/v2\/media\/62573"}],"wp:attachment":[{"href":"https:\/\/peach-pump.com\/en\/wp-json\/wp\/v2\/media?parent=63615"}],"wp:term":[{"taxonomy":"product_brand","embeddable":true,"href":"https:\/\/peach-pump.com\/en\/wp-json\/wp\/v2\/product_brand?post=63615"},{"taxonomy":"product_cat","embeddable":true,"href":"https:\/\/peach-pump.com\/en\/wp-json\/wp\/v2\/product_cat?post=63615"},{"taxonomy":"product_tag","embeddable":true,"href":"https:\/\/peach-pump.com\/en\/wp-json\/wp\/v2\/product_tag?post=63615"}],"curies":[{"name":"wp","href":"https:\/\/api.w.org\/{rel}","templated":true}]}}